{"id":5099,"date":"2023-08-23T16:39:34","date_gmt":"2023-08-23T14:39:34","guid":{"rendered":"https:\/\/rantakyla.com\/fecha-de-salida\/"},"modified":"2024-08-28T19:04:47","modified_gmt":"2024-08-28T17:04:47","slug":"fecha-de-salida","status":"publish","type":"page","link":"https:\/\/rantakyla.com\/es\/fecha-de-salida\/","title":{"rendered":"Fecha de salida"},"content":{"rendered":"\t\t<div data-elementor-type=\"wp-page\" data-elementor-id=\"5099\" class=\"elementor elementor-5099 elementor-655\" data-elementor-post-type=\"page\">\n\t\t\t\t\t\t<section class=\"elementor-section elementor-top-section elementor-element elementor-element-70a6126c elementor-section-height-min-height elementor-reverse-mobile elementor-section-boxed elementor-section-height-default elementor-section-items-middle\" data-id=\"70a6126c\" data-element_type=\"section\" data-settings=\"{&quot;background_background&quot;:&quot;classic&quot;}\">\n\t\t\t\t\t\t\t<div class=\"elementor-background-overlay\"><\/div>\n\t\t\t\t\t\t\t<div class=\"elementor-container elementor-column-gap-default\">\n\t\t\t\t\t<div class=\"elementor-column elementor-col-50 elementor-top-column elementor-element elementor-element-4143edc8\" data-id=\"4143edc8\" data-element_type=\"column\" data-settings=\"{&quot;background_background&quot;:&quot;classic&quot;}\">\n\t\t\t<div class=\"elementor-widget-wrap elementor-element-populated\">\n\t\t\t\t\t\t<div class=\"elementor-element elementor-element-43948459 elementor-widget elementor-widget-heading\" data-id=\"43948459\" data-element_type=\"widget\" data-widget_type=\"heading.default\">\n\t\t\t\t<div class=\"elementor-widget-container\">\n\t\t\t\t\t<h1 class=\"elementor-heading-title elementor-size-default\">Fecha de salida<\/h1>\t\t\t\t<\/div>\n\t\t\t\t<\/div>\n\t\t\t\t<div class=\"elementor-element elementor-element-752c2b2b elementor-widget elementor-widget-text-editor\" data-id=\"752c2b2b\" data-element_type=\"widget\" data-widget_type=\"text-editor.default\">\n\t\t\t\t<div class=\"elementor-widget-container\">\n\t\t\t\t\t\t\t\t\t<p>Lea atentamente las instrucciones el d\u00eda de salida. <br \/>Estaremos encantados de responder a todas las preguntas sobre la limpieza final.<\/p>\n\t\t\t\t\t\t\t\t<\/div>\n\t\t\t\t<\/div>\n\t\t\t\t\t<\/div>\n\t\t<\/div>\n\t\t\t\t<div class=\"elementor-column elementor-col-50 elementor-top-column elementor-element elementor-element-72014241\" data-id=\"72014241\" data-element_type=\"column\">\n\t\t\t<div class=\"elementor-widget-wrap\">\n\t\t\t\t\t\t\t<\/div>\n\t\t<\/div>\n\t\t\t\t\t<\/div>\n\t\t<\/section>\n\t\t<div class=\"elementor-element elementor-element-aa77a3e e-flex e-con-boxed e-con e-parent\" data-id=\"aa77a3e\" data-element_type=\"container\" data-settings=\"{&quot;background_background&quot;:&quot;classic&quot;}\">\n\t\t\t\t\t<div class=\"e-con-inner\">\n\t\t<div class=\"elementor-element elementor-element-04aec53 e-con-full e-flex e-con e-child\" data-id=\"04aec53\" data-element_type=\"container\" data-settings=\"{&quot;background_background&quot;:&quot;classic&quot;}\">\n\t\t\t\t<div class=\"elementor-element elementor-element-0120833 elementor-widget elementor-widget-text-editor\" data-id=\"0120833\" data-element_type=\"widget\" data-widget_type=\"text-editor.default\">\n\t\t\t\t<div class=\"elementor-widget-container\">\n\t\t\t\t\t\t\t\t\t<p><b>Una de las llaves del apartamento se deja en<\/b> <b>nuestra oficina<\/b> el d\u00eda laborable anterior a la salida (entre las 10:00 y las 14:00 horas), salvo acuerdo en contrario.<\/p>\n<p>Al salir, las dem\u00e1s llaves se dejan sobre la mesa del sal\u00f3n y se cierra con cuidado la puerta de entrada.<br \/>No es necesario cortar la electricidad con el interruptor principal, pero el inquilino debe comprobar que no haya ning\u00fan aparato el\u00e9ctrico\/luz encendida en el apartamento (tambi\u00e9n apagado el aire acondicionado\/calefacci\u00f3n). <b>                        <\/b><\/p>\n<p><b>El alquiler de garant\u00eda se devuelve a la cuenta del cliente<\/b> despu\u00e9s de la salida, <b>en un plazo aproximado de 30 d\u00edas<\/b> (menos la electricidad consumida en el \u00faltimo mes\/per\u00edodo, excepto en aquellos apartamentos donde la electricidad est\u00e1 incluida en el precio del alquiler), los gastos de env\u00edo de gas y bombona (si el el inquilino no ha comprado una botella llena para sustituir la vac\u00eda) y el coste de la limpieza final. Seg\u00fan la ley de alquileres espa\u00f1ola, el propietario\/agencia inmobiliaria tiene derecho a devolver el alquiler garantizado s\u00f3lo un mes despu\u00e9s de la finalizaci\u00f3n del contrato de alquiler, despu\u00e9s de que hayan llegado las \u00faltimas facturas de luz, agua, etc. <\/p>\n<p>El coste de la limpieza final se ha comunicado previamente al cliente, normalmente entre 70 y 100 \u20ac. Esto es suficiente si <b>se ha realizado la limpieza semanal del apartamento y se ha dejado el apartamento en buenas condiciones<\/b>. Por tanto, el importe de la limpieza final se determina en funci\u00f3n del estado en el que el cliente abandone el apartamento. En algunos apartamentos realizamos una inspecci\u00f3n final (a petici\u00f3n del propietario). Se informar\u00e1 al inquilino con antelaci\u00f3n sobre la inspecci\u00f3n del apartamento.     <\/p>\n\t\t\t\t\t\t\t\t<\/div>\n\t\t\t\t<\/div>\n\t\t\t\t<\/div>\n\t\t<div class=\"elementor-element elementor-element-cda56cc e-con-full e-flex e-con e-child\" data-id=\"cda56cc\" data-element_type=\"container\">\n\t\t\t\t<div class=\"elementor-element elementor-element-b79ce59 elementor-widget elementor-widget-image\" data-id=\"b79ce59\" data-element_type=\"widget\" data-widget_type=\"image.default\">\n\t\t\t\t<div class=\"elementor-widget-container\">\n\t\t\t\t\t\t\t\t\t\t\t\t\t\t\t<img fetchpriority=\"high\" decoding=\"async\" width=\"800\" height=\"800\" src=\"https:\/\/rantakyla.com\/wp-content\/uploads\/2023\/10\/cleaning-3-1024x1024.png\" class=\"attachment-large size-large wp-image-3355\" alt=\"cleaning\" srcset=\"https:\/\/rantakyla.com\/wp-content\/uploads\/2023\/10\/cleaning-3-1024x1024.png 1024w, https:\/\/rantakyla.com\/wp-content\/uploads\/2023\/10\/cleaning-3-300x300.png 300w, https:\/\/rantakyla.com\/wp-content\/uploads\/2023\/10\/cleaning-3-150x150.png 150w, https:\/\/rantakyla.com\/wp-content\/uploads\/2023\/10\/cleaning-3-768x768.png 768w, https:\/\/rantakyla.com\/wp-content\/uploads\/2023\/10\/cleaning-3.png 1080w\" sizes=\"(max-width: 800px) 100vw, 800px\" \/>\t\t\t\t\t\t\t\t\t\t\t\t\t\t\t<\/div>\n\t\t\t\t<\/div>\n\t\t\t\t<\/div>\n\t\t\t\t\t<\/div>\n\t\t\t\t<\/div>\n\t\t<div class=\"elementor-element elementor-element-235b847 e-flex e-con-boxed e-con e-parent\" data-id=\"235b847\" data-element_type=\"container\" data-settings=\"{&quot;background_background&quot;:&quot;classic&quot;}\">\n\t\t\t\t\t<div class=\"e-con-inner\">\n\t\t\t\t<div class=\"elementor-element elementor-element-eb19f13 elementor-widget elementor-widget-heading\" data-id=\"eb19f13\" data-element_type=\"widget\" data-widget_type=\"heading.default\">\n\t\t\t\t<div class=\"elementor-widget-container\">\n\t\t\t\t\t<h2 class=\"elementor-heading-title elementor-size-default\">limpieza final<\/h2>\t\t\t\t<\/div>\n\t\t\t\t<\/div>\n\t\t\t\t<div class=\"elementor-element elementor-element-b68fc1e elementor-widget elementor-widget-text-editor\" data-id=\"b68fc1e\" data-element_type=\"widget\" data-widget_type=\"text-editor.default\">\n\t\t\t\t<div class=\"elementor-widget-container\">\n\t\t\t\t\t\t\t\t\t<p><b>El suplemento de limpieza final cubre unas 5 a 8 horas de limpieza, por lo que el apartamento deber\u00e1 dejarse limpio el d\u00eda de salida:<\/b><\/p>\n<ul>\n<li aria-level=\"1\">Debes llevar tu propia basura (y botellas) a los contenedores de residuos generales.<\/li>\n<li aria-level=\"1\">Debes lavar tus propios mostradores con cuidado.<\/li>\n<li aria-level=\"1\">Se debe limpiar el refrigerador y el microondas\/horno, as\u00ed como la estufa, descongelar el congelador (si se ha acumulado una capa m\u00e1s gruesa de hielo en el congelador) y lavar adecuadamente el ba\u00f1o.<\/li>\n<li aria-level=\"1\">La ropa de cama que utilice el inquilino en el \u00faltimo momento se puede dejar sin lavar (no tirarla al suelo). El resto de la ropa de cama debe lavarse. El cliente deber\u00e1 lavar \u00e9l mismo la ropa de invitados.  <\/li>\n<li aria-level=\"1\">Los detergentes sobrantes y los alimentos sin abrir se pueden dejar en el apartamento; el resto se debe tirar a los contenedores de basura.<\/li>\n<li aria-level=\"1\">Los suelos deben ser barridos\/aspirados.<\/li>\n<\/ul>\n<p><em><b>Rantakyla Group se reserva el derecho de facturar la limpieza adicional<\/b> <b>posterior si el inquilino no ha mantenido la limpieza o no ha lavado la ropa de cama durante el per\u00edodo de alquiler, o si el apartamento se ha dejado sin limpiar el d\u00eda de la salida.<\/b><\/em><\/p>\n\t\t\t\t\t\t\t\t<\/div>\n\t\t\t\t<\/div>\n\t\t\t\t\t<\/div>\n\t\t\t\t<\/div>\n\t\t<div class=\"elementor-element elementor-element-853a485 e-flex e-con-boxed e-con e-parent\" data-id=\"853a485\" data-element_type=\"container\">\n\t\t\t\t\t<div class=\"e-con-inner\">\n\t\t<div class=\"elementor-element elementor-element-dac6095 e-con-full e-flex e-con e-child\" data-id=\"dac6095\" data-element_type=\"container\">\n\t\t\t\t<div class=\"elementor-element elementor-element-0388edf elementor-widget elementor-widget-heading\" data-id=\"0388edf\" data-element_type=\"widget\" data-widget_type=\"heading.default\">\n\t\t\t\t<div class=\"elementor-widget-container\">\n\t\t\t\t\t<h2 class=\"elementor-heading-title elementor-size-default\">Consultar el apartamento a la salida.<\/h2>\t\t\t\t<\/div>\n\t\t\t\t<\/div>\n\t\t\t\t<div class=\"elementor-element elementor-element-18c6afd elementor-widget elementor-widget-text-editor\" data-id=\"18c6afd\" data-element_type=\"widget\" data-widget_type=\"text-editor.default\">\n\t\t\t\t<div class=\"elementor-widget-container\">\n\t\t\t\t\t\t\t\t\t<p>Justo antes de salir, verifique que sus pertenencias personales no queden en el apartamento (Rantakyla Group\/propietario no es responsable de las pertenencias que dejen en el apartamento).<\/p>\n<p>Estaremos encantados de responder si tienes alguna duda sobre la fecha de salida. <\/p>\n\t\t\t\t\t\t\t\t<\/div>\n\t\t\t\t<\/div>\n\t\t\t\t<div class=\"elementor-element elementor-element-39e7ea1 elementor-widget elementor-widget-heading\" data-id=\"39e7ea1\" data-element_type=\"widget\" data-widget_type=\"heading.default\">\n\t\t\t\t<div class=\"elementor-widget-container\">\n\t\t\t\t\t<span class=\"elementor-heading-title elementor-size-default\">\"Pregunta, pregunta, no seas t\u00edmido, porque el conocimiento es un tesoro que protege y ayuda\"<\/span>\t\t\t\t<\/div>\n\t\t\t\t<\/div>\n\t\t\t\t<\/div>\n\t\t<div class=\"elementor-element elementor-element-f599275 e-con-full e-flex e-con e-child\" data-id=\"f599275\" data-element_type=\"container\">\n\t\t\t\t<div class=\"elementor-element elementor-element-71be8fc elementor-widget elementor-widget-image\" data-id=\"71be8fc\" data-element_type=\"widget\" data-widget_type=\"image.default\">\n\t\t\t\t<div class=\"elementor-widget-container\">\n\t\t\t\t\t\t\t\t\t\t\t\t\t\t\t<img decoding=\"async\" width=\"800\" height=\"800\" src=\"https:\/\/rantakyla.com\/wp-content\/uploads\/2023\/10\/happiness-1-1024x1024.png\" class=\"attachment-large size-large wp-image-3353\" alt=\"happiness\" srcset=\"https:\/\/rantakyla.com\/wp-content\/uploads\/2023\/10\/happiness-1-1024x1024.png 1024w, https:\/\/rantakyla.com\/wp-content\/uploads\/2023\/10\/happiness-1-300x300.png 300w, https:\/\/rantakyla.com\/wp-content\/uploads\/2023\/10\/happiness-1-150x150.png 150w, https:\/\/rantakyla.com\/wp-content\/uploads\/2023\/10\/happiness-1-768x768.png 768w, https:\/\/rantakyla.com\/wp-content\/uploads\/2023\/10\/happiness-1.png 1080w\" sizes=\"(max-width: 800px) 100vw, 800px\" \/>\t\t\t\t\t\t\t\t\t\t\t\t\t\t\t<\/div>\n\t\t\t\t<\/div>\n\t\t\t\t<\/div>\n\t\t\t\t\t<\/div>\n\t\t\t\t<\/div>\n\t\t\t\t<\/div>\n\t\t","protected":false},"excerpt":{"rendered":"<p>Fecha de salida Lea atentamente las instrucciones el d\u00eda de salida. Estaremos encantados de responder a todas las preguntas sobre la limpieza final. Una de las llaves del apartamento se deja en nuestra oficina el d\u00eda laborable anterior a la salida (entre las 10:00 y las 14:00 horas), salvo acuerdo en contrario. Al salir, las [&hellip;]<\/p>\n","protected":false},"author":1,"featured_media":0,"parent":0,"menu_order":0,"comment_status":"closed","ping_status":"closed","template":"","meta":{"footnotes":""},"class_list":["post-5099","page","type-page","status-publish","hentry"],"yoast_head":"<!-- This site is optimized with the Yoast SEO plugin v27.5 - https:\/\/yoast.com\/product\/yoast-seo-wordpress\/ -->\n<title>Fecha de salida - Rantakyla<\/title>\n<meta name=\"description\" content=\"Lea atentamente las instrucciones el d\u00eda de la salida. Estaremos encantados de responder a todas las preguntas sobre la limpieza final.\" \/>\n<meta name=\"robots\" content=\"index, follow, max-snippet:-1, max-image-preview:large, max-video-preview:-1\" \/>\n<link rel=\"canonical\" href=\"https:\/\/rantakyla.com\/es\/fecha-de-salida\/\" \/>\n<meta property=\"og:locale\" content=\"es_ES\" \/>\n<meta property=\"og:type\" content=\"article\" \/>\n<meta property=\"og:title\" content=\"Fecha de salida - Rantakyla\" \/>\n<meta property=\"og:description\" content=\"Lea atentamente las instrucciones el d\u00eda de la salida. Estaremos encantados de responder a todas las preguntas sobre la limpieza final.\" \/>\n<meta property=\"og:url\" content=\"https:\/\/rantakyla.com\/es\/fecha-de-salida\/\" \/>\n<meta property=\"og:site_name\" content=\"Rantakyla\" \/>\n<meta property=\"article:publisher\" content=\"https:\/\/www.facebook.com\/RantakylaGroup\/\" \/>\n<meta property=\"article:modified_time\" content=\"2024-08-28T17:04:47+00:00\" \/>\n<meta property=\"og:image\" content=\"https:\/\/rantakyla.com\/wp-content\/uploads\/2023\/10\/cleaning-3-1024x1024.png\" \/>\n<meta name=\"twitter:card\" content=\"summary_large_image\" \/>\n<meta name=\"twitter:label1\" content=\"Tiempo de lectura\" \/>\n\t<meta name=\"twitter:data1\" content=\"3 minutos\" \/>\n<script type=\"application\/ld+json\" class=\"yoast-schema-graph\">{\"@context\":\"https:\\\/\\\/schema.org\",\"@graph\":[{\"@type\":\"WebPage\",\"@id\":\"https:\\\/\\\/rantakyla.com\\\/es\\\/fecha-de-salida\\\/\",\"url\":\"https:\\\/\\\/rantakyla.com\\\/es\\\/fecha-de-salida\\\/\",\"name\":\"Fecha de salida - Rantakyla\",\"isPartOf\":{\"@id\":\"https:\\\/\\\/rantakyla.com\\\/#website\"},\"primaryImageOfPage\":{\"@id\":\"https:\\\/\\\/rantakyla.com\\\/es\\\/fecha-de-salida\\\/#primaryimage\"},\"image\":{\"@id\":\"https:\\\/\\\/rantakyla.com\\\/es\\\/fecha-de-salida\\\/#primaryimage\"},\"thumbnailUrl\":\"https:\\\/\\\/rantakyla.com\\\/wp-content\\\/uploads\\\/2023\\\/10\\\/cleaning-3-1024x1024.png\",\"datePublished\":\"2023-08-23T14:39:34+00:00\",\"dateModified\":\"2024-08-28T17:04:47+00:00\",\"description\":\"Lea atentamente las instrucciones el d\u00eda de la salida. Estaremos encantados de responder a todas las preguntas sobre la limpieza final.\",\"breadcrumb\":{\"@id\":\"https:\\\/\\\/rantakyla.com\\\/es\\\/fecha-de-salida\\\/#breadcrumb\"},\"inLanguage\":\"es\",\"potentialAction\":[{\"@type\":\"ReadAction\",\"target\":[\"https:\\\/\\\/rantakyla.com\\\/es\\\/fecha-de-salida\\\/\"]}]},{\"@type\":\"ImageObject\",\"inLanguage\":\"es\",\"@id\":\"https:\\\/\\\/rantakyla.com\\\/es\\\/fecha-de-salida\\\/#primaryimage\",\"url\":\"https:\\\/\\\/rantakyla.com\\\/wp-content\\\/uploads\\\/2023\\\/10\\\/cleaning-3-1024x1024.png\",\"contentUrl\":\"https:\\\/\\\/rantakyla.com\\\/wp-content\\\/uploads\\\/2023\\\/10\\\/cleaning-3-1024x1024.png\"},{\"@type\":\"BreadcrumbList\",\"@id\":\"https:\\\/\\\/rantakyla.com\\\/es\\\/fecha-de-salida\\\/#breadcrumb\",\"itemListElement\":[{\"@type\":\"ListItem\",\"position\":1,\"name\":\"Portada\",\"item\":\"https:\\\/\\\/rantakyla.com\\\/\"},{\"@type\":\"ListItem\",\"position\":2,\"name\":\"Fecha de salida\"}]},{\"@type\":\"WebSite\",\"@id\":\"https:\\\/\\\/rantakyla.com\\\/#website\",\"url\":\"https:\\\/\\\/rantakyla.com\\\/\",\"name\":\"Rantakyla Group\",\"description\":\"Vuokra-asunnot Espanja\",\"publisher\":{\"@id\":\"https:\\\/\\\/rantakyla.com\\\/#organization\"},\"potentialAction\":[{\"@type\":\"SearchAction\",\"target\":{\"@type\":\"EntryPoint\",\"urlTemplate\":\"https:\\\/\\\/rantakyla.com\\\/?s={search_term_string}\"},\"query-input\":{\"@type\":\"PropertyValueSpecification\",\"valueRequired\":true,\"valueName\":\"search_term_string\"}}],\"inLanguage\":\"es\"},{\"@type\":\"Organization\",\"@id\":\"https:\\\/\\\/rantakyla.com\\\/#organization\",\"name\":\"Rantakyla Group\",\"url\":\"https:\\\/\\\/rantakyla.com\\\/\",\"logo\":{\"@type\":\"ImageObject\",\"inLanguage\":\"es\",\"@id\":\"https:\\\/\\\/rantakyla.com\\\/#\\\/schema\\\/logo\\\/image\\\/\",\"url\":\"https:\\\/\\\/rantakyla.com\\\/wp-content\\\/uploads\\\/2023\\\/03\\\/rantakyla-logo-azul.png\",\"contentUrl\":\"https:\\\/\\\/rantakyla.com\\\/wp-content\\\/uploads\\\/2023\\\/03\\\/rantakyla-logo-azul.png\",\"width\":974,\"height\":547,\"caption\":\"Rantakyla Group\"},\"image\":{\"@id\":\"https:\\\/\\\/rantakyla.com\\\/#\\\/schema\\\/logo\\\/image\\\/\"},\"sameAs\":[\"https:\\\/\\\/www.facebook.com\\\/RantakylaGroup\\\/\"]}]}<\/script>\n<!-- \/ Yoast SEO plugin. -->","yoast_head_json":{"title":"Fecha de salida - Rantakyla","description":"Lea atentamente las instrucciones el d\u00eda de la salida. Estaremos encantados de responder a todas las preguntas sobre la limpieza final.","robots":{"index":"index","follow":"follow","max-snippet":"max-snippet:-1","max-image-preview":"max-image-preview:large","max-video-preview":"max-video-preview:-1"},"canonical":"https:\/\/rantakyla.com\/es\/fecha-de-salida\/","og_locale":"es_ES","og_type":"article","og_title":"Fecha de salida - Rantakyla","og_description":"Lea atentamente las instrucciones el d\u00eda de la salida. Estaremos encantados de responder a todas las preguntas sobre la limpieza final.","og_url":"https:\/\/rantakyla.com\/es\/fecha-de-salida\/","og_site_name":"Rantakyla","article_publisher":"https:\/\/www.facebook.com\/RantakylaGroup\/","article_modified_time":"2024-08-28T17:04:47+00:00","og_image":[{"url":"https:\/\/rantakyla.com\/wp-content\/uploads\/2023\/10\/cleaning-3-1024x1024.png","type":"","width":"","height":""}],"twitter_card":"summary_large_image","twitter_misc":{"Tiempo de lectura":"3 minutos"},"schema":{"@context":"https:\/\/schema.org","@graph":[{"@type":"WebPage","@id":"https:\/\/rantakyla.com\/es\/fecha-de-salida\/","url":"https:\/\/rantakyla.com\/es\/fecha-de-salida\/","name":"Fecha de salida - Rantakyla","isPartOf":{"@id":"https:\/\/rantakyla.com\/#website"},"primaryImageOfPage":{"@id":"https:\/\/rantakyla.com\/es\/fecha-de-salida\/#primaryimage"},"image":{"@id":"https:\/\/rantakyla.com\/es\/fecha-de-salida\/#primaryimage"},"thumbnailUrl":"https:\/\/rantakyla.com\/wp-content\/uploads\/2023\/10\/cleaning-3-1024x1024.png","datePublished":"2023-08-23T14:39:34+00:00","dateModified":"2024-08-28T17:04:47+00:00","description":"Lea atentamente las instrucciones el d\u00eda de la salida. Estaremos encantados de responder a todas las preguntas sobre la limpieza final.","breadcrumb":{"@id":"https:\/\/rantakyla.com\/es\/fecha-de-salida\/#breadcrumb"},"inLanguage":"es","potentialAction":[{"@type":"ReadAction","target":["https:\/\/rantakyla.com\/es\/fecha-de-salida\/"]}]},{"@type":"ImageObject","inLanguage":"es","@id":"https:\/\/rantakyla.com\/es\/fecha-de-salida\/#primaryimage","url":"https:\/\/rantakyla.com\/wp-content\/uploads\/2023\/10\/cleaning-3-1024x1024.png","contentUrl":"https:\/\/rantakyla.com\/wp-content\/uploads\/2023\/10\/cleaning-3-1024x1024.png"},{"@type":"BreadcrumbList","@id":"https:\/\/rantakyla.com\/es\/fecha-de-salida\/#breadcrumb","itemListElement":[{"@type":"ListItem","position":1,"name":"Portada","item":"https:\/\/rantakyla.com\/"},{"@type":"ListItem","position":2,"name":"Fecha de salida"}]},{"@type":"WebSite","@id":"https:\/\/rantakyla.com\/#website","url":"https:\/\/rantakyla.com\/","name":"Rantakyla Group","description":"Vuokra-asunnot Espanja","publisher":{"@id":"https:\/\/rantakyla.com\/#organization"},"potentialAction":[{"@type":"SearchAction","target":{"@type":"EntryPoint","urlTemplate":"https:\/\/rantakyla.com\/?s={search_term_string}"},"query-input":{"@type":"PropertyValueSpecification","valueRequired":true,"valueName":"search_term_string"}}],"inLanguage":"es"},{"@type":"Organization","@id":"https:\/\/rantakyla.com\/#organization","name":"Rantakyla Group","url":"https:\/\/rantakyla.com\/","logo":{"@type":"ImageObject","inLanguage":"es","@id":"https:\/\/rantakyla.com\/#\/schema\/logo\/image\/","url":"https:\/\/rantakyla.com\/wp-content\/uploads\/2023\/03\/rantakyla-logo-azul.png","contentUrl":"https:\/\/rantakyla.com\/wp-content\/uploads\/2023\/03\/rantakyla-logo-azul.png","width":974,"height":547,"caption":"Rantakyla Group"},"image":{"@id":"https:\/\/rantakyla.com\/#\/schema\/logo\/image\/"},"sameAs":["https:\/\/www.facebook.com\/RantakylaGroup\/"]}]}},"_links":{"self":[{"href":"https:\/\/rantakyla.com\/es\/wp-json\/wp\/v2\/pages\/5099","targetHints":{"allow":["GET"]}}],"collection":[{"href":"https:\/\/rantakyla.com\/es\/wp-json\/wp\/v2\/pages"}],"about":[{"href":"https:\/\/rantakyla.com\/es\/wp-json\/wp\/v2\/types\/page"}],"author":[{"embeddable":true,"href":"https:\/\/rantakyla.com\/es\/wp-json\/wp\/v2\/users\/1"}],"replies":[{"embeddable":true,"href":"https:\/\/rantakyla.com\/es\/wp-json\/wp\/v2\/comments?post=5099"}],"version-history":[{"count":1,"href":"https:\/\/rantakyla.com\/es\/wp-json\/wp\/v2\/pages\/5099\/revisions"}],"predecessor-version":[{"id":5100,"href":"https:\/\/rantakyla.com\/es\/wp-json\/wp\/v2\/pages\/5099\/revisions\/5100"}],"wp:attachment":[{"href":"https:\/\/rantakyla.com\/es\/wp-json\/wp\/v2\/media?parent=5099"}],"curies":[{"name":"wp","href":"https:\/\/api.w.org\/{rel}","templated":true}]}}