{"id":5080,"date":"2023-08-11T15:31:21","date_gmt":"2023-08-11T13:31:21","guid":{"rendered":"https:\/\/rantakyla.com\/condiciones-de-uso\/"},"modified":"2024-08-28T18:24:58","modified_gmt":"2024-08-28T16:24:58","slug":"condiciones-de-uso","status":"publish","type":"page","link":"https:\/\/rantakyla.com\/es\/condiciones-de-uso\/","title":{"rendered":"Condiciones de uso"},"content":{"rendered":"\n<p>Al abrir el sitio web del Grupo Rantakyla, el usuario acepta cumplir con las condiciones que se presentan a continuaci\u00f3n. Si el usuario no acepta estas condiciones en su totalidad, el usuario no tiene derecho a abrir las p\u00e1ginas. <\/p>\n\n<p>Todo el material y contenido de estas p\u00e1ginas est\u00e1n protegidos de acuerdo con las leyes de derechos de autor y los acuerdos internacionales. El autor conserva todos los derechos sobre las p\u00e1ginas y su contenido, incluidos los derechos de autor, a menos que se acuerde lo contrario por escrito o se indique lo contrario. Todo el material producido por los autores es propiedad y tiene derechos de autor en todo el mundo.  <\/p>\n\n<p>Cambiar, reproducir, redistribuir, redistribuir, reproducir, presentar p\u00fablicamente, copiar, abusar, vender o buscar otros tipos de ganancias financieras de todo el material y contenido contenido en el sitio web del Grupo Rantakyla est\u00e1 prohibido por ley sin el permiso previo por escrito de las personas involucradas. y los titulares de derechos.<\/p>\n\n<p>No se podr\u00e1 citar el contenido de las p\u00e1ginas de Rantakyla Group sin mencionar la fuente. El material de las p\u00e1ginas es s\u00f3lo para uso personal privado, y las im\u00e1genes o sus partes no pueden copiarse ni distribuirse para ning\u00fan prop\u00f3sito sin permiso por escrito, a menos que se indique espec\u00edficamente lo contrario en otro contexto. <\/p>\n\n<p>El autor no es responsable del contenido de las p\u00e1ginas a las que existe un enlace desde estas p\u00e1ginas y que han sido realizadas o publicadas por alguien distinto al autor, y por lo tanto no es responsable de los da\u00f1os causados directa o indirectamente por el uso de las p\u00e1ginas y la informaci\u00f3n all\u00ed.<\/p>\n\n<p>El usuario de las p\u00e1ginas y del material es responsable de indemnizar al autor o directamente a otras partes por posibles abusos y acciones que violen la ley y el contrato.<\/p>\n\n<p>Otros derechos no establecidos espec\u00edficamente en los T\u00e9rminos de uso est\u00e1n reservados en todo el mundo.<\/p>\n","protected":false},"excerpt":{"rendered":"<p>Al abrir el sitio web del Grupo Rantakyla, el usuario acepta cumplir con las condiciones que se presentan a continuaci\u00f3n. Si el usuario no acepta estas condiciones en su totalidad, el usuario no tiene derecho a abrir las p\u00e1ginas. Todo el material y contenido de estas p\u00e1ginas est\u00e1n protegidos de acuerdo con las leyes de [&hellip;]<\/p>\n","protected":false},"author":1,"featured_media":0,"parent":0,"menu_order":0,"comment_status":"closed","ping_status":"closed","template":"","meta":{"footnotes":""},"class_list":["post-5080","page","type-page","status-publish","hentry"],"yoast_head":"<!-- This site is optimized with the Yoast SEO plugin v27.5 - https:\/\/yoast.com\/product\/yoast-seo-wordpress\/ -->\n<title>Condiciones de uso - Rantakyla<\/title>\n<meta name=\"robots\" content=\"index, follow, max-snippet:-1, max-image-preview:large, max-video-preview:-1\" \/>\n<link rel=\"canonical\" href=\"https:\/\/rantakyla.com\/es\/condiciones-de-uso\/\" \/>\n<meta property=\"og:locale\" content=\"es_ES\" \/>\n<meta property=\"og:type\" content=\"article\" \/>\n<meta property=\"og:title\" content=\"Condiciones de uso - Rantakyla\" \/>\n<meta property=\"og:description\" content=\"Al abrir el sitio web del Grupo Rantakyla, el usuario acepta cumplir con las condiciones que se presentan a continuaci\u00f3n. Si el usuario no acepta estas condiciones en su totalidad, el usuario no tiene derecho a abrir las p\u00e1ginas. Todo el material y contenido de estas p\u00e1ginas est\u00e1n protegidos de acuerdo con las leyes de [&hellip;]\" \/>\n<meta property=\"og:url\" content=\"https:\/\/rantakyla.com\/es\/condiciones-de-uso\/\" \/>\n<meta property=\"og:site_name\" content=\"Rantakyla\" \/>\n<meta property=\"article:publisher\" content=\"https:\/\/www.facebook.com\/RantakylaGroup\/\" \/>\n<meta property=\"article:modified_time\" content=\"2024-08-28T16:24:58+00:00\" \/>\n<meta name=\"twitter:card\" content=\"summary_large_image\" \/>\n<meta name=\"twitter:label1\" content=\"Tiempo de lectura\" \/>\n\t<meta name=\"twitter:data1\" content=\"2 minutos\" \/>\n<script type=\"application\/ld+json\" class=\"yoast-schema-graph\">{\"@context\":\"https:\\\/\\\/schema.org\",\"@graph\":[{\"@type\":\"WebPage\",\"@id\":\"https:\\\/\\\/rantakyla.com\\\/es\\\/condiciones-de-uso\\\/\",\"url\":\"https:\\\/\\\/rantakyla.com\\\/es\\\/condiciones-de-uso\\\/\",\"name\":\"Condiciones de uso - Rantakyla\",\"isPartOf\":{\"@id\":\"https:\\\/\\\/rantakyla.com\\\/#website\"},\"datePublished\":\"2023-08-11T13:31:21+00:00\",\"dateModified\":\"2024-08-28T16:24:58+00:00\",\"breadcrumb\":{\"@id\":\"https:\\\/\\\/rantakyla.com\\\/es\\\/condiciones-de-uso\\\/#breadcrumb\"},\"inLanguage\":\"es\",\"potentialAction\":[{\"@type\":\"ReadAction\",\"target\":[\"https:\\\/\\\/rantakyla.com\\\/es\\\/condiciones-de-uso\\\/\"]}]},{\"@type\":\"BreadcrumbList\",\"@id\":\"https:\\\/\\\/rantakyla.com\\\/es\\\/condiciones-de-uso\\\/#breadcrumb\",\"itemListElement\":[{\"@type\":\"ListItem\",\"position\":1,\"name\":\"Portada\",\"item\":\"https:\\\/\\\/rantakyla.com\\\/\"},{\"@type\":\"ListItem\",\"position\":2,\"name\":\"Condiciones de uso\"}]},{\"@type\":\"WebSite\",\"@id\":\"https:\\\/\\\/rantakyla.com\\\/#website\",\"url\":\"https:\\\/\\\/rantakyla.com\\\/\",\"name\":\"Rantakyla Group\",\"description\":\"Vuokra-asunnot Espanja\",\"publisher\":{\"@id\":\"https:\\\/\\\/rantakyla.com\\\/#organization\"},\"potentialAction\":[{\"@type\":\"SearchAction\",\"target\":{\"@type\":\"EntryPoint\",\"urlTemplate\":\"https:\\\/\\\/rantakyla.com\\\/?s={search_term_string}\"},\"query-input\":{\"@type\":\"PropertyValueSpecification\",\"valueRequired\":true,\"valueName\":\"search_term_string\"}}],\"inLanguage\":\"es\"},{\"@type\":\"Organization\",\"@id\":\"https:\\\/\\\/rantakyla.com\\\/#organization\",\"name\":\"Rantakyla Group\",\"url\":\"https:\\\/\\\/rantakyla.com\\\/\",\"logo\":{\"@type\":\"ImageObject\",\"inLanguage\":\"es\",\"@id\":\"https:\\\/\\\/rantakyla.com\\\/#\\\/schema\\\/logo\\\/image\\\/\",\"url\":\"https:\\\/\\\/rantakyla.com\\\/wp-content\\\/uploads\\\/2023\\\/03\\\/rantakyla-logo-azul.png\",\"contentUrl\":\"https:\\\/\\\/rantakyla.com\\\/wp-content\\\/uploads\\\/2023\\\/03\\\/rantakyla-logo-azul.png\",\"width\":974,\"height\":547,\"caption\":\"Rantakyla Group\"},\"image\":{\"@id\":\"https:\\\/\\\/rantakyla.com\\\/#\\\/schema\\\/logo\\\/image\\\/\"},\"sameAs\":[\"https:\\\/\\\/www.facebook.com\\\/RantakylaGroup\\\/\"]}]}<\/script>\n<!-- \/ Yoast SEO plugin. -->","yoast_head_json":{"title":"Condiciones de uso - Rantakyla","robots":{"index":"index","follow":"follow","max-snippet":"max-snippet:-1","max-image-preview":"max-image-preview:large","max-video-preview":"max-video-preview:-1"},"canonical":"https:\/\/rantakyla.com\/es\/condiciones-de-uso\/","og_locale":"es_ES","og_type":"article","og_title":"Condiciones de uso - Rantakyla","og_description":"Al abrir el sitio web del Grupo Rantakyla, el usuario acepta cumplir con las condiciones que se presentan a continuaci\u00f3n. Si el usuario no acepta estas condiciones en su totalidad, el usuario no tiene derecho a abrir las p\u00e1ginas. Todo el material y contenido de estas p\u00e1ginas est\u00e1n protegidos de acuerdo con las leyes de [&hellip;]","og_url":"https:\/\/rantakyla.com\/es\/condiciones-de-uso\/","og_site_name":"Rantakyla","article_publisher":"https:\/\/www.facebook.com\/RantakylaGroup\/","article_modified_time":"2024-08-28T16:24:58+00:00","twitter_card":"summary_large_image","twitter_misc":{"Tiempo de lectura":"2 minutos"},"schema":{"@context":"https:\/\/schema.org","@graph":[{"@type":"WebPage","@id":"https:\/\/rantakyla.com\/es\/condiciones-de-uso\/","url":"https:\/\/rantakyla.com\/es\/condiciones-de-uso\/","name":"Condiciones de uso - Rantakyla","isPartOf":{"@id":"https:\/\/rantakyla.com\/#website"},"datePublished":"2023-08-11T13:31:21+00:00","dateModified":"2024-08-28T16:24:58+00:00","breadcrumb":{"@id":"https:\/\/rantakyla.com\/es\/condiciones-de-uso\/#breadcrumb"},"inLanguage":"es","potentialAction":[{"@type":"ReadAction","target":["https:\/\/rantakyla.com\/es\/condiciones-de-uso\/"]}]},{"@type":"BreadcrumbList","@id":"https:\/\/rantakyla.com\/es\/condiciones-de-uso\/#breadcrumb","itemListElement":[{"@type":"ListItem","position":1,"name":"Portada","item":"https:\/\/rantakyla.com\/"},{"@type":"ListItem","position":2,"name":"Condiciones de uso"}]},{"@type":"WebSite","@id":"https:\/\/rantakyla.com\/#website","url":"https:\/\/rantakyla.com\/","name":"Rantakyla Group","description":"Vuokra-asunnot Espanja","publisher":{"@id":"https:\/\/rantakyla.com\/#organization"},"potentialAction":[{"@type":"SearchAction","target":{"@type":"EntryPoint","urlTemplate":"https:\/\/rantakyla.com\/?s={search_term_string}"},"query-input":{"@type":"PropertyValueSpecification","valueRequired":true,"valueName":"search_term_string"}}],"inLanguage":"es"},{"@type":"Organization","@id":"https:\/\/rantakyla.com\/#organization","name":"Rantakyla Group","url":"https:\/\/rantakyla.com\/","logo":{"@type":"ImageObject","inLanguage":"es","@id":"https:\/\/rantakyla.com\/#\/schema\/logo\/image\/","url":"https:\/\/rantakyla.com\/wp-content\/uploads\/2023\/03\/rantakyla-logo-azul.png","contentUrl":"https:\/\/rantakyla.com\/wp-content\/uploads\/2023\/03\/rantakyla-logo-azul.png","width":974,"height":547,"caption":"Rantakyla Group"},"image":{"@id":"https:\/\/rantakyla.com\/#\/schema\/logo\/image\/"},"sameAs":["https:\/\/www.facebook.com\/RantakylaGroup\/"]}]}},"_links":{"self":[{"href":"https:\/\/rantakyla.com\/es\/wp-json\/wp\/v2\/pages\/5080","targetHints":{"allow":["GET"]}}],"collection":[{"href":"https:\/\/rantakyla.com\/es\/wp-json\/wp\/v2\/pages"}],"about":[{"href":"https:\/\/rantakyla.com\/es\/wp-json\/wp\/v2\/types\/page"}],"author":[{"embeddable":true,"href":"https:\/\/rantakyla.com\/es\/wp-json\/wp\/v2\/users\/1"}],"replies":[{"embeddable":true,"href":"https:\/\/rantakyla.com\/es\/wp-json\/wp\/v2\/comments?post=5080"}],"version-history":[{"count":1,"href":"https:\/\/rantakyla.com\/es\/wp-json\/wp\/v2\/pages\/5080\/revisions"}],"predecessor-version":[{"id":5081,"href":"https:\/\/rantakyla.com\/es\/wp-json\/wp\/v2\/pages\/5080\/revisions\/5081"}],"wp:attachment":[{"href":"https:\/\/rantakyla.com\/es\/wp-json\/wp\/v2\/media?parent=5080"}],"curies":[{"name":"wp","href":"https:\/\/api.w.org\/{rel}","templated":true}]}}