{"id":5066,"date":"2023-03-08T11:26:35","date_gmt":"2023-03-08T10:26:35","guid":{"rendered":"https:\/\/rantakyla.com\/politica-de-privacidad\/"},"modified":"2024-08-28T18:16:45","modified_gmt":"2024-08-28T16:16:45","slug":"politica-de-privacidad","status":"publish","type":"page","link":"https:\/\/rantakyla.com\/es\/politica-de-privacidad\/","title":{"rendered":"Pol\u00edtica de privacidad"},"content":{"rendered":"\t\t<div data-elementor-type=\"wp-page\" data-elementor-id=\"5066\" class=\"elementor elementor-5066 elementor-3\" data-elementor-post-type=\"page\">\n\t\t\t\t\t\t<section class=\"elementor-section elementor-top-section elementor-element elementor-element-6734026e elementor-section-height-min-height elementor-reverse-mobile elementor-section-boxed elementor-section-height-default elementor-section-items-middle\" data-id=\"6734026e\" data-element_type=\"section\" data-settings=\"{&quot;background_background&quot;:&quot;classic&quot;}\">\n\t\t\t\t\t\t\t<div class=\"elementor-background-overlay\"><\/div>\n\t\t\t\t\t\t\t<div class=\"elementor-container elementor-column-gap-default\">\n\t\t\t\t\t<div class=\"elementor-column elementor-col-50 elementor-top-column elementor-element elementor-element-143d0160\" data-id=\"143d0160\" data-element_type=\"column\" data-settings=\"{&quot;background_background&quot;:&quot;classic&quot;}\">\n\t\t\t<div class=\"elementor-widget-wrap elementor-element-populated\">\n\t\t\t\t\t\t<div class=\"elementor-element elementor-element-fd8adf3 elementor-widget elementor-widget-heading\" data-id=\"fd8adf3\" data-element_type=\"widget\" data-widget_type=\"heading.default\">\n\t\t\t\t<div class=\"elementor-widget-container\">\n\t\t\t\t\t<h1 class=\"elementor-heading-title elementor-size-default\">Protecci\u00f3n de datos y cookies<\/h1>\t\t\t\t<\/div>\n\t\t\t\t<\/div>\n\t\t\t\t<div class=\"elementor-element elementor-element-2ed0b475 elementor-widget elementor-widget-text-editor\" data-id=\"2ed0b475\" data-element_type=\"widget\" data-widget_type=\"text-editor.default\">\n\t\t\t\t<div class=\"elementor-widget-container\">\n\t\t\t\t\t\t\t\t\t<p>Aqu\u00ed puede encontrar informaci\u00f3n sobre protecci\u00f3n de datos, es decir, cu\u00e1ndo y bajo qu\u00e9 condiciones podemos procesar sus datos personales. Tambi\u00e9n encontrar\u00e1 un resumen de nuestra pol\u00edtica de cookies. <\/p>\n\t\t\t\t\t\t\t\t<\/div>\n\t\t\t\t<\/div>\n\t\t\t\t\t<\/div>\n\t\t<\/div>\n\t\t\t\t<div class=\"elementor-column elementor-col-50 elementor-top-column elementor-element elementor-element-2fc35180\" data-id=\"2fc35180\" data-element_type=\"column\">\n\t\t\t<div class=\"elementor-widget-wrap\">\n\t\t\t\t\t\t\t<\/div>\n\t\t<\/div>\n\t\t\t\t\t<\/div>\n\t\t<\/section>\n\t\t\t\t<section class=\"elementor-section elementor-top-section elementor-element elementor-element-5c0ae553 elementor-section-boxed elementor-section-height-default elementor-section-height-default\" data-id=\"5c0ae553\" data-element_type=\"section\">\n\t\t\t\t\t\t<div class=\"elementor-container elementor-column-gap-default\">\n\t\t\t\t\t<div class=\"elementor-column elementor-col-100 elementor-top-column elementor-element elementor-element-7b3a1ce3\" data-id=\"7b3a1ce3\" data-element_type=\"column\">\n\t\t\t<div class=\"elementor-widget-wrap elementor-element-populated\">\n\t\t\t\t\t\t<div class=\"elementor-element elementor-element-79a09387 elementor-widget elementor-widget-text-editor\" data-id=\"79a09387\" data-element_type=\"widget\" data-widget_type=\"text-editor.default\">\n\t\t\t\t<div class=\"elementor-widget-container\">\n\t\t\t\t\t\t\t\t\t<p><u><\/u><u><strong>Protecci\u00f3n de la privacidad<\/strong><\/u><br \/>Nuestra empresa se compromete a proteger la privacidad de todos los visitantes de nuestro sitio web y de las personas que utilizan nuestros servicios.<br \/>Manejamos los datos personales de nuestros clientes de manera adecuada y con confianza, tratando de evitar el acceso no autorizado a los datos de nuestros clientes. Cumplimos con el Reglamento General de Protecci\u00f3n de Datos (GDPR) de la Uni\u00f3n Europea en todo el procesamiento de datos personales. <\/p>\n<p><strong>Datos personales y tratamiento de datos personales<\/strong><br \/>La informaci\u00f3n personal se refiere a toda la informaci\u00f3n que puede conectarse directa o indirectamente a una persona f\u00edsica en relaci\u00f3n con otra informaci\u00f3n. Los datos personales incluyen, por ejemplo, nombre e informaci\u00f3n de contacto, n\u00famero de seguro social o n\u00famero de pasaporte, n\u00famero de cuenta bancaria, comportamiento en l\u00ednea y pedidos\/reservas realizados.<br \/>El tratamiento de datos personales se refiere a todas las acciones dirigidas a datos personales. Dichas actividades incluyen recopilar, registrar, organizar, estructurar, almacenar, modificar o cambiar, crear, leer, usar, divulgar mediante transferencia, compartir o de otro modo, verificar o combinar, restringir, eliminar o destruir informaci\u00f3n.  <\/p>\n<h5><strong>Tratamiento de datos personales en Rantakyla Group <\/strong><\/h5>\n<p><strong>\u00bfQu\u00e9 informaci\u00f3n se recopila y cu\u00e1ndo se elimina?<br \/><\/strong>Cuando visita nuestro sitio o utiliza nuestros servicios, podemos recopilar la siguiente informaci\u00f3n sobre usted, por ejemplo: nombre, direcci\u00f3n postal, direcci\u00f3n de correo electr\u00f3nico, n\u00famero de tel\u00e9fono, edad, sexo, estado civil. Si es necesario, tambi\u00e9n procesamos el n\u00famero de seguro social y la informaci\u00f3n de la cuenta bancaria.  <br \/>Tambi\u00e9n podemos recopilar informaci\u00f3n t\u00e9cnica sobre los dispositivos con los que utiliza los canales de Rantakyla Group, por ejemplo, direcci\u00f3n IP, ID del dispositivo, tipo de navegador web e informaci\u00f3n de cookies.<br \/>La recopilaci\u00f3n de datos se produce, por ejemplo, cuando usted proporciona su informaci\u00f3n personal en nuestra oficina o a trav\u00e9s del <em>formulario de contacto<\/em>, se comunica con Rantakyla Group por tel\u00e9fono o utiliza nuestros servicios de alquiler de apartamentos. <\/p>\n<p>Si visita nuestras cuentas de redes sociales o se comunica con nosotros a trav\u00e9s de ellas (por ejemplo, Facebook y Twitter), podemos utilizar la informaci\u00f3n sobre usted que recibimos del proveedor de esa plataforma.<\/p>\n<p>Conservamos datos personales solo hasta que se haya cumplido el prop\u00f3sito del procesamiento de datos o hasta que se hayan cumplido las obligaciones legales (requisitos de las autoridades fiscales espa\u00f1olas para la retenci\u00f3n de datos personales), pero durante un m\u00e1ximo de diez a\u00f1os.<\/p>\n<p><strong>\u00bfCon qu\u00e9 finalidades se tratan los datos personales?<br \/><\/strong>Rantakyla Group utiliza la informaci\u00f3n recopilada sobre usted para los siguientes fines:<\/p>\n<ul>\n<li>Implementaci\u00f3n de los servicios que solicit\u00f3 y gesti\u00f3n del contrato que celebramos con usted.<\/li>\n<li>Comunicarnos con usted a trav\u00e9s de nuestro servicio de atenci\u00f3n al cliente, correo electr\u00f3nico y el <em>formulario de contacto<\/em> en nuestros sitios web, as\u00ed como nuestras cuentas de redes sociales.<\/li>\n<li>Fines de marketing, por ejemplo, marketing por correo electr\u00f3nico (bolet\u00edn informativo) (que puede evitar haciendo clic en el enlace para cancelar la suscripci\u00f3n en la parte inferior del bolet\u00edn informativo o enviando un correo electr\u00f3nico a <a href=\"mailto:info@rantakyla.com\" data-cke-saved-href=\"mailto:info@rantakyla.com\">info@rantakyla.com<\/a>). <\/li>\n<li>An\u00e1lisis y agrupaci\u00f3n de visitantes en nuestros sitios web, es decir, elaboraci\u00f3n de perfiles (por ejemplo, en funci\u00f3n de elecciones, priorizaci\u00f3n y preferencias). La finalidad es ofrecerle servicios, anuncios y ofertas personalizados. <\/li>\n<li>Recopilar informaci\u00f3n estad\u00edstica sobre el uso de nuestros canales de redes sociales y sus servicios.<\/li>\n<li><strong>Base jur\u00eddica y finalidades leg\u00edtimas del tratamiento de datos personales<\/strong><\/li>\n<\/ul>\n<p>Rantakyla Group siempre procesa sus datos personales de acuerdo con la legislaci\u00f3n aplicable. Procesamos sus datos personales solo si es necesario para responder a su solicitud de servicio al cliente o cuando existe otro motivo leg\u00edtimo para procesar sus datos personales. <\/p>\n<p><strong>Protecci\u00f3n de datos personales<\/strong><br \/>Nuestro sitio web est\u00e1 protegido por medios t\u00e9cnicos. El acceso a sus datos personales s\u00f3lo se concede si es necesario para el tratamiento de los datos. Todos los procesadores de sus datos personales han recibido capacitaci\u00f3n sobre la protecci\u00f3n de datos personales y est\u00e1n sujetos a confidencialidad. Sus datos personales est\u00e1n protegidos contra el acceso no autorizado, modificaci\u00f3n, distribuci\u00f3n o destrucci\u00f3n.   <\/p>\n<p><strong>Restricciones a la transferencia de datos personales<\/strong><br \/>Rantakyla Group puede autorizar a socios externos (proveedores) a realizar tareas para nuestra empresa, por ejemplo para producir servicios de TI o ayudar con marketing, an\u00e1lisis o estad\u00edsticas. Algunos de los proveedores de estos servicios pueden tener acceso a su informaci\u00f3n personal. <\/p>\n<p>Las empresas que procesan sus datos personales en nombre de nuestra empresa siempre han celebrado un acuerdo con nuestra empresa para poder garantizar el nivel de protecci\u00f3n de sus datos personales.<\/p>\n<p>Rantakyla Group puede entregar datos personales a terceros, como la polic\u00eda u otras autoridades, si se trata de investigar un delito o si estamos obligados de otro modo a entregar los datos en cuesti\u00f3n por ley o una decisi\u00f3n oficial.<\/p>\n<p>Rantakyla Group no divulgar\u00e1 sus datos personales para ning\u00fan otro fin que el descrito en esta secci\u00f3n.<\/p>\n<p><strong>Enlaces externos de nuestra p\u00e1gina de inicio<\/strong><br \/>Nuestras p\u00e1ginas de inicio pueden tener enlaces a sitios web externos que no est\u00e1n controlados por nuestra empresa. Si accede a un sitio web a trav\u00e9s de dicho enlace, le recomendamos que se familiarice con los datos personales y la pol\u00edtica de cookies de ese sitio web. <\/p>\n<p><strong>El derecho a la informaci\u00f3n y el derecho a presentar una reclamaci\u00f3n<\/strong><br \/>Seg\u00fan el actual reglamento de protecci\u00f3n de datos de la UE, tiene derecho a:<\/p>\n<ul>\n<li>solicitar ver sus datos personales sobre usted<\/li>\n<li>solicitar correcci\u00f3n de informaci\u00f3n incorrecta<\/li>\n<li>solicita que Rantakyla Group deje de procesar sus datos personales y los elimine<\/li>\n<li>solicitar que se limite el tratamiento de sus datos personales<\/li>\n<li>ejercer su derecho a transferir datos de un sistema a otro<\/li>\n<li>prohibir el tratamiento de sus datos personales<\/li>\n<\/ul>\n<p>En tal caso, por favor cont\u00e1ctenos por correo electr\u00f3nico <a href=\"mailto:info@rantakyla.com\" data-cke-saved-href=\"mailto:info@rantakyla.com\">info@rantakyla.com<\/a><\/p>\n<p>Tiene derecho a presentar una reclamaci\u00f3n ante la autoridad de control espa\u00f1ola competente en cualquier momento si cree que sus datos personales est\u00e1n siendo tratados en violaci\u00f3n de la normativa de protecci\u00f3n de datos personales aplicable.<\/p>\n<p><strong>Tratamiento de datos personales de personas menores de 18 a\u00f1os<\/strong><br \/>Los servicios de nuestra empresa no est\u00e1n dirigidos a personas que viajan solas, menores de 18 a\u00f1os, y no recopilamos intencionalmente informaci\u00f3n personal sobre menores. Si, como tutor, tiene conocimiento de que su hijo ha proporcionado datos personales a nuestra empresa, le solicitamos que se ponga en contacto con <a href=\"mailto:info@rantakyla.com\" data-cke-saved-href=\"mailto:info@rantakyla.com\">info@rantakyla.com<\/a> para ejercer su derecho a, por ejemplo, corregir o eliminar datos. <\/p>\n<p><a name=\"cookies\"><\/a><\/p>\n<h4><strong>Cookies<\/strong><\/h4>\n<p><strong>Usamos cookies<\/strong><br \/>Nuestro sitio web utiliza cookies para mejorar la experiencia del usuario. Al utilizar nuestro sitio, acepta el uso de cookies. <\/p>\n<p>Las cookies son peque\u00f1os archivos de texto que los sitios web que visita guardan en su ordenador o dispositivo terminal. Cuando visitas la misma p\u00e1gina m\u00e1s tarde, le dicen al sitio que has vuelto. Por tanto, las cookies ayudan a identificar al usuario del navegador.  <\/p>\n<p>Las cookies hacen que el uso de nuestro sitio sea m\u00e1s f\u00e1cil y r\u00e1pido. Podemos usarlos para mejorar su experiencia de usuario y hacer que nuestro sitio sea m\u00e1s eficiente. <\/p>\n<p><strong>\u00bfPor qu\u00e9 utilizamos cookies?<\/strong><\/p>\n<ul>\n<li>para mejorar la experiencia del usuario de nuestro sitio web<\/li>\n<li>para recordar tu configuraci\u00f3n personal<\/li>\n<li>para proporcionar contenido e informaci\u00f3n relevantes (por ejemplo, anuncios dirigidos)<\/li>\n<li>para garantizar la seguridad del sitio web<\/li>\n<li>Recopilar datos estad\u00edsticos sobre el uso de nuestro sitio web y medir la eficacia de la publicidad.<\/li>\n<\/ul>\n<p><strong><br \/>\u00bfQu\u00e9 tipo de cookies utilizamos?<br \/><\/strong>Las cookies pueden ser temporales o permanentes. Las cookies temporales se eliminan de su terminal cuando cierra el navegador. Las cookies persistentes se almacenan durante un tiempo m\u00e1s largo, pero predefinido. Podemos utilizar cookies tanto temporales como permanentes.   <\/p>\n<p>Algunas cookies son necesarias para el funcionamiento t\u00e9cnico y el uso del sitio web. Estos no recopilan informaci\u00f3n que pueda usarse en marketing. Adem\u00e1s, utilizamos cookies de medici\u00f3n del rendimiento y seguimiento de la actividad.  <\/p>\n<p>Utilizamos cookies de medici\u00f3n del rendimiento para mejorar el funcionamiento de nuestro sitio mediante el seguimiento de c\u00f3mo los usuarios utilizan nuestro sitio. La informaci\u00f3n que recopilan es an\u00f3nima y s\u00f3lo se utiliza para mejorar la funcionalidad del sitio web. <\/p>\n<p>Utilizamos cookies de seguimiento de actividad para identificar y rastrear al usuario. Tambi\u00e9n pueden contener informaci\u00f3n privada que se puede asignar al usuario, como el nombre y la direcci\u00f3n. Sin embargo, el sitio web s\u00f3lo tiene la informaci\u00f3n que usted mismo le ha proporcionado. El historial de uso de su sitio web tambi\u00e9n se puede guardar para que podamos ofrecer un servicio personalizado y espec\u00edfico.   <\/p>\n<p>Nuestro sitio web tambi\u00e9n puede aceptar cookies enviadas por terceros. Por ejemplo, los sitios web con anuncios de Facebook o Google pueden enviar cookies a su computadora durante su visita. Los propios operadores terceros son responsables de estas cookies. Lea atentamente las pol\u00edticas de privacidad de esos terceros.   <\/p>\n<p>Rantakyla Group S.L utiliza cookies de acuerdo con el art\u00edculo 22.2 LSSICE, \u201cGu\u00eda de uso de cookies\u201d publicada por la AEPD:<\/p>\n<p><a href=\"http:\/\/www.agpd.es\/portalwebAGPD\/canaldocumentacion\/publicaciones\/common\/Guias\/Guia_Cookies.pdf\" target=\"_blank\" rel=\"noopener\" data-cke-saved-href=\"http:\/\/www.agpd.es\/portalwebAGPD\/canaldocumentacion\/publicaciones\/common\/Guias\/Guia_Cookies.pdf\"><a href=\"http:\/\/www.agpd.es\/portalwebAGPD\/canaldocumentacion\/publicaciones\/common\/Guias\/Guia_Cookies.pdf\">Gu\u00eda de uso de cookies &#8211; AEPD<\/a><\/a><\/p>\n<p><strong>\u00bfQu\u00e9 opciones tengo para gestionar las cookies en mi dispositivo?<br \/><\/strong>Puedes aceptar o rechazar el uso de cookies en la configuraci\u00f3n de tu navegador. All\u00ed tambi\u00e9n podr\u00e1s borrar tu historial de cookies si lo deseas. Los navegadores suelen permitir diferentes formas de bloquear el uso de cookies y gestionar el historial de cookies. Puede encontrar la configuraci\u00f3n de gesti\u00f3n relacionada con las cookies en los men\u00fas \u00abOpciones\u00bb, \u00abHerramientas\u00bb o \u00abFavoritos\u00bb del sitio web que utiliza habitualmente.   <\/p>\n<p>Al aceptar cookies, obtendr\u00e1 la mejor experiencia de usuario en nuestro sitio web. Si niega el uso de cookies, es posible que algunas funciones de la p\u00e1gina no funcionen en su dispositivo o que no pueda acceder a todas las p\u00e1ginas. Por ello, recomendamos aceptar el uso de cookies.  <\/p>\n<p><strong>\u00bfQuieres eliminar nuestras cookies?<br \/><\/strong>Puede decidir hasta qu\u00e9 punto desea permitir las cookies en su computadora cambiando la configuraci\u00f3n de su navegador web. Puede evitar que su navegador utilice cookies, eliminar las cookies ya guardadas y pedirle a su navegador que le notifique sobre nuevas cookies. <\/p>\n<p>Puedes eliminar las cookies del navegador que est\u00e9s utilizando seg\u00fan las instrucciones del fabricante del mismo.<\/p>\n<p>Bloquear el uso de cookies o eliminarlas puede dificultar algunas funciones de nuestro sitio. Por ello, recomendamos aceptar el uso de cookies. <\/p>\n<p><a href=\"http:\/\/www.aboutcookies.org\/how-to-delete-cookies\/\" target=\"_blank\" rel=\"noopener\" data-cke-saved-href=\"http:\/\/www.aboutcookies.org\/how-to-delete-cookies\/\">http:\/\/www.aboutcookies.org\/how-to-delete-cookies\/<\/a><\/p>\n<p>Copyright \u00a9 2011 Rantakyl\u00e4 Group S.L. <\/p>\n<p>Marca registrada <strong>EUIPO<\/strong> (<em>Oficina de Propiedad Intelectual de la Uni\u00f3n Europea<\/em>) n\u00ba 017875061.<\/p>\n\t\t\t\t\t\t\t\t<\/div>\n\t\t\t\t<\/div>\n\t\t\t\t\t<\/div>\n\t\t<\/div>\n\t\t\t\t\t<\/div>\n\t\t<\/section>\n\t\t\t\t<\/div>\n\t\t","protected":false},"excerpt":{"rendered":"<p>Protecci\u00f3n de datos y cookies Aqu\u00ed puede encontrar informaci\u00f3n sobre protecci\u00f3n de datos, es decir, cu\u00e1ndo y bajo qu\u00e9 condiciones podemos procesar sus datos personales. Tambi\u00e9n encontrar\u00e1 un resumen de nuestra pol\u00edtica de cookies. Protecci\u00f3n de la privacidadNuestra empresa se compromete a proteger la privacidad de todos los visitantes de nuestro sitio web y de [&hellip;]<\/p>\n","protected":false},"author":1,"featured_media":0,"parent":0,"menu_order":0,"comment_status":"closed","ping_status":"closed","template":"","meta":{"footnotes":""},"class_list":["post-5066","page","type-page","status-publish","hentry"],"yoast_head":"<!-- This site is optimized with the Yoast SEO plugin v27.4 - https:\/\/yoast.com\/product\/yoast-seo-wordpress\/ -->\n<title>Pol\u00edtica de privacidad - Rantakyla<\/title>\n<meta name=\"description\" content=\"Aqu\u00ed puede encontrar informaci\u00f3n sobre protecci\u00f3n de datos, es decir, cu\u00e1ndo y bajo qu\u00e9 condiciones podemos procesar sus datos personales.\" \/>\n<meta name=\"robots\" content=\"index, follow, max-snippet:-1, max-image-preview:large, max-video-preview:-1\" \/>\n<link rel=\"canonical\" href=\"https:\/\/rantakyla.com\/es\/politica-de-privacidad\/\" \/>\n<meta property=\"og:locale\" content=\"es_ES\" \/>\n<meta property=\"og:type\" content=\"article\" \/>\n<meta property=\"og:title\" content=\"Pol\u00edtica de privacidad - Rantakyla\" \/>\n<meta property=\"og:description\" content=\"Aqu\u00ed puede encontrar informaci\u00f3n sobre protecci\u00f3n de datos, es decir, cu\u00e1ndo y bajo qu\u00e9 condiciones podemos procesar sus datos personales.\" \/>\n<meta property=\"og:url\" content=\"https:\/\/rantakyla.com\/es\/politica-de-privacidad\/\" \/>\n<meta property=\"og:site_name\" content=\"Rantakyla\" \/>\n<meta property=\"article:publisher\" content=\"https:\/\/www.facebook.com\/RantakylaGroup\/\" \/>\n<meta property=\"article:modified_time\" content=\"2024-08-28T16:16:45+00:00\" \/>\n<meta name=\"twitter:card\" content=\"summary_large_image\" \/>\n<meta name=\"twitter:label1\" content=\"Tiempo de lectura\" \/>\n\t<meta name=\"twitter:data1\" content=\"9 minutos\" \/>\n<script type=\"application\/ld+json\" class=\"yoast-schema-graph\">{\"@context\":\"https:\\\/\\\/schema.org\",\"@graph\":[{\"@type\":\"WebPage\",\"@id\":\"https:\\\/\\\/rantakyla.com\\\/es\\\/politica-de-privacidad\\\/\",\"url\":\"https:\\\/\\\/rantakyla.com\\\/es\\\/politica-de-privacidad\\\/\",\"name\":\"Pol\u00edtica de privacidad - Rantakyla\",\"isPartOf\":{\"@id\":\"https:\\\/\\\/rantakyla.com\\\/#website\"},\"datePublished\":\"2023-03-08T10:26:35+00:00\",\"dateModified\":\"2024-08-28T16:16:45+00:00\",\"description\":\"Aqu\u00ed puede encontrar informaci\u00f3n sobre protecci\u00f3n de datos, es decir, cu\u00e1ndo y bajo qu\u00e9 condiciones podemos procesar sus datos personales.\",\"breadcrumb\":{\"@id\":\"https:\\\/\\\/rantakyla.com\\\/es\\\/politica-de-privacidad\\\/#breadcrumb\"},\"inLanguage\":\"es\",\"potentialAction\":[{\"@type\":\"ReadAction\",\"target\":[\"https:\\\/\\\/rantakyla.com\\\/es\\\/politica-de-privacidad\\\/\"]}]},{\"@type\":\"BreadcrumbList\",\"@id\":\"https:\\\/\\\/rantakyla.com\\\/es\\\/politica-de-privacidad\\\/#breadcrumb\",\"itemListElement\":[{\"@type\":\"ListItem\",\"position\":1,\"name\":\"Portada\",\"item\":\"https:\\\/\\\/rantakyla.com\\\/\"},{\"@type\":\"ListItem\",\"position\":2,\"name\":\"Pol\u00edtica de privacidad\"}]},{\"@type\":\"WebSite\",\"@id\":\"https:\\\/\\\/rantakyla.com\\\/#website\",\"url\":\"https:\\\/\\\/rantakyla.com\\\/\",\"name\":\"Rantakyla Group\",\"description\":\"Vuokra-asunnot Espanja\",\"publisher\":{\"@id\":\"https:\\\/\\\/rantakyla.com\\\/#organization\"},\"potentialAction\":[{\"@type\":\"SearchAction\",\"target\":{\"@type\":\"EntryPoint\",\"urlTemplate\":\"https:\\\/\\\/rantakyla.com\\\/?s={search_term_string}\"},\"query-input\":{\"@type\":\"PropertyValueSpecification\",\"valueRequired\":true,\"valueName\":\"search_term_string\"}}],\"inLanguage\":\"es\"},{\"@type\":\"Organization\",\"@id\":\"https:\\\/\\\/rantakyla.com\\\/#organization\",\"name\":\"Rantakyla Group\",\"url\":\"https:\\\/\\\/rantakyla.com\\\/\",\"logo\":{\"@type\":\"ImageObject\",\"inLanguage\":\"es\",\"@id\":\"https:\\\/\\\/rantakyla.com\\\/#\\\/schema\\\/logo\\\/image\\\/\",\"url\":\"https:\\\/\\\/rantakyla.com\\\/wp-content\\\/uploads\\\/2023\\\/03\\\/rantakyla-logo-azul.png\",\"contentUrl\":\"https:\\\/\\\/rantakyla.com\\\/wp-content\\\/uploads\\\/2023\\\/03\\\/rantakyla-logo-azul.png\",\"width\":974,\"height\":547,\"caption\":\"Rantakyla Group\"},\"image\":{\"@id\":\"https:\\\/\\\/rantakyla.com\\\/#\\\/schema\\\/logo\\\/image\\\/\"},\"sameAs\":[\"https:\\\/\\\/www.facebook.com\\\/RantakylaGroup\\\/\"]}]}<\/script>\n<!-- \/ Yoast SEO plugin. -->","yoast_head_json":{"title":"Pol\u00edtica de privacidad - Rantakyla","description":"Aqu\u00ed puede encontrar informaci\u00f3n sobre protecci\u00f3n de datos, es decir, cu\u00e1ndo y bajo qu\u00e9 condiciones podemos procesar sus datos personales.","robots":{"index":"index","follow":"follow","max-snippet":"max-snippet:-1","max-image-preview":"max-image-preview:large","max-video-preview":"max-video-preview:-1"},"canonical":"https:\/\/rantakyla.com\/es\/politica-de-privacidad\/","og_locale":"es_ES","og_type":"article","og_title":"Pol\u00edtica de privacidad - Rantakyla","og_description":"Aqu\u00ed puede encontrar informaci\u00f3n sobre protecci\u00f3n de datos, es decir, cu\u00e1ndo y bajo qu\u00e9 condiciones podemos procesar sus datos personales.","og_url":"https:\/\/rantakyla.com\/es\/politica-de-privacidad\/","og_site_name":"Rantakyla","article_publisher":"https:\/\/www.facebook.com\/RantakylaGroup\/","article_modified_time":"2024-08-28T16:16:45+00:00","twitter_card":"summary_large_image","twitter_misc":{"Tiempo de lectura":"9 minutos"},"schema":{"@context":"https:\/\/schema.org","@graph":[{"@type":"WebPage","@id":"https:\/\/rantakyla.com\/es\/politica-de-privacidad\/","url":"https:\/\/rantakyla.com\/es\/politica-de-privacidad\/","name":"Pol\u00edtica de privacidad - Rantakyla","isPartOf":{"@id":"https:\/\/rantakyla.com\/#website"},"datePublished":"2023-03-08T10:26:35+00:00","dateModified":"2024-08-28T16:16:45+00:00","description":"Aqu\u00ed puede encontrar informaci\u00f3n sobre protecci\u00f3n de datos, es decir, cu\u00e1ndo y bajo qu\u00e9 condiciones podemos procesar sus datos personales.","breadcrumb":{"@id":"https:\/\/rantakyla.com\/es\/politica-de-privacidad\/#breadcrumb"},"inLanguage":"es","potentialAction":[{"@type":"ReadAction","target":["https:\/\/rantakyla.com\/es\/politica-de-privacidad\/"]}]},{"@type":"BreadcrumbList","@id":"https:\/\/rantakyla.com\/es\/politica-de-privacidad\/#breadcrumb","itemListElement":[{"@type":"ListItem","position":1,"name":"Portada","item":"https:\/\/rantakyla.com\/"},{"@type":"ListItem","position":2,"name":"Pol\u00edtica de privacidad"}]},{"@type":"WebSite","@id":"https:\/\/rantakyla.com\/#website","url":"https:\/\/rantakyla.com\/","name":"Rantakyla Group","description":"Vuokra-asunnot Espanja","publisher":{"@id":"https:\/\/rantakyla.com\/#organization"},"potentialAction":[{"@type":"SearchAction","target":{"@type":"EntryPoint","urlTemplate":"https:\/\/rantakyla.com\/?s={search_term_string}"},"query-input":{"@type":"PropertyValueSpecification","valueRequired":true,"valueName":"search_term_string"}}],"inLanguage":"es"},{"@type":"Organization","@id":"https:\/\/rantakyla.com\/#organization","name":"Rantakyla Group","url":"https:\/\/rantakyla.com\/","logo":{"@type":"ImageObject","inLanguage":"es","@id":"https:\/\/rantakyla.com\/#\/schema\/logo\/image\/","url":"https:\/\/rantakyla.com\/wp-content\/uploads\/2023\/03\/rantakyla-logo-azul.png","contentUrl":"https:\/\/rantakyla.com\/wp-content\/uploads\/2023\/03\/rantakyla-logo-azul.png","width":974,"height":547,"caption":"Rantakyla Group"},"image":{"@id":"https:\/\/rantakyla.com\/#\/schema\/logo\/image\/"},"sameAs":["https:\/\/www.facebook.com\/RantakylaGroup\/"]}]}},"_links":{"self":[{"href":"https:\/\/rantakyla.com\/es\/wp-json\/wp\/v2\/pages\/5066","targetHints":{"allow":["GET"]}}],"collection":[{"href":"https:\/\/rantakyla.com\/es\/wp-json\/wp\/v2\/pages"}],"about":[{"href":"https:\/\/rantakyla.com\/es\/wp-json\/wp\/v2\/types\/page"}],"author":[{"embeddable":true,"href":"https:\/\/rantakyla.com\/es\/wp-json\/wp\/v2\/users\/1"}],"replies":[{"embeddable":true,"href":"https:\/\/rantakyla.com\/es\/wp-json\/wp\/v2\/comments?post=5066"}],"version-history":[{"count":1,"href":"https:\/\/rantakyla.com\/es\/wp-json\/wp\/v2\/pages\/5066\/revisions"}],"predecessor-version":[{"id":5068,"href":"https:\/\/rantakyla.com\/es\/wp-json\/wp\/v2\/pages\/5066\/revisions\/5068"}],"wp:attachment":[{"href":"https:\/\/rantakyla.com\/es\/wp-json\/wp\/v2\/media?parent=5066"}],"curies":[{"name":"wp","href":"https:\/\/api.w.org\/{rel}","templated":true}]}}