{"id":5054,"date":"2023-08-23T16:37:45","date_gmt":"2023-08-23T14:37:45","guid":{"rendered":"https:\/\/rantakyla.com\/obligaciones-y-derechos-del-inquilino\/"},"modified":"2024-08-28T16:48:41","modified_gmt":"2024-08-28T14:48:41","slug":"obligaciones-y-derechos-del-inquilino","status":"publish","type":"page","link":"https:\/\/rantakyla.com\/es\/obligaciones-y-derechos-del-inquilino\/","title":{"rendered":"Obligaciones y derechos del inquilino"},"content":{"rendered":"\t\t<div data-elementor-type=\"wp-page\" data-elementor-id=\"5054\" class=\"elementor elementor-5054 elementor-645\" data-elementor-post-type=\"page\">\n\t\t\t\t\t\t<section class=\"elementor-section elementor-top-section elementor-element elementor-element-20d4de52 elementor-section-height-min-height elementor-reverse-mobile elementor-section-boxed elementor-section-height-default elementor-section-items-middle\" data-id=\"20d4de52\" data-element_type=\"section\" data-settings=\"{&quot;background_background&quot;:&quot;classic&quot;}\">\n\t\t\t\t\t\t\t<div class=\"elementor-background-overlay\"><\/div>\n\t\t\t\t\t\t\t<div class=\"elementor-container elementor-column-gap-default\">\n\t\t\t\t\t<div class=\"elementor-column elementor-col-50 elementor-top-column elementor-element elementor-element-200f4f02\" data-id=\"200f4f02\" data-element_type=\"column\" data-settings=\"{&quot;background_background&quot;:&quot;classic&quot;}\">\n\t\t\t<div class=\"elementor-widget-wrap elementor-element-populated\">\n\t\t\t\t\t\t<div class=\"elementor-element elementor-element-3bc4cc5d elementor-widget elementor-widget-heading\" data-id=\"3bc4cc5d\" data-element_type=\"widget\" data-widget_type=\"heading.default\">\n\t\t\t\t<div class=\"elementor-widget-container\">\n\t\t\t\t\t<h1 class=\"elementor-heading-title elementor-size-default\">Obligaciones del inquilino<\/h1>\t\t\t\t<\/div>\n\t\t\t\t<\/div>\n\t\t\t\t<div class=\"elementor-element elementor-element-26458b4f elementor-widget__width-initial elementor-widget elementor-widget-text-editor\" data-id=\"26458b4f\" data-element_type=\"widget\" data-widget_type=\"text-editor.default\">\n\t\t\t\t<div class=\"elementor-widget-container\">\n\t\t\t\t\t\t\t\t\t<p>Aqu\u00ed encontrar\u00e1s un resumen de tus obligaciones en cuanto al pago del alquiler, el mantenimiento de la vivienda y las normas para mantener la paz en el hogar.<\/p>\n\t\t\t\t\t\t\t\t<\/div>\n\t\t\t\t<\/div>\n\t\t\t\t\t<\/div>\n\t\t<\/div>\n\t\t\t\t<div class=\"elementor-column elementor-col-50 elementor-top-column elementor-element elementor-element-31014d1a\" data-id=\"31014d1a\" data-element_type=\"column\">\n\t\t\t<div class=\"elementor-widget-wrap\">\n\t\t\t\t\t\t\t<\/div>\n\t\t<\/div>\n\t\t\t\t\t<\/div>\n\t\t<\/section>\n\t\t<div class=\"elementor-element elementor-element-17558db e-flex e-con-boxed e-con e-parent\" data-id=\"17558db\" data-element_type=\"container\">\n\t\t\t\t\t<div class=\"e-con-inner\">\n\t\t\t\t<div class=\"elementor-element elementor-element-0fb02a8 elementor-widget elementor-widget-heading\" data-id=\"0fb02a8\" data-element_type=\"widget\" data-widget_type=\"heading.default\">\n\t\t\t\t<div class=\"elementor-widget-container\">\n\t\t\t\t\t<h2 class=\"elementor-heading-title elementor-size-default\">Pagar el alquiler seg\u00fan lo acordado<\/h2>\t\t\t\t<\/div>\n\t\t\t\t<\/div>\n\t\t\t\t<div class=\"elementor-element elementor-element-3a853a1 elementor-widget elementor-widget-text-editor\" data-id=\"3a853a1\" data-element_type=\"widget\" data-widget_type=\"text-editor.default\">\n\t\t\t\t<div class=\"elementor-widget-container\">\n\t\t\t\t\t\t\t\t\t<p>La principal obligaci\u00f3n del inquilino es pagar el alquiler (+ otros gastos de manutenci\u00f3n) en el momento y por el importe acordados. El alquiler suele pagarse mensualmente, los cinco primeros d\u00edas del mes.  <br \/>Puedes pagar el alquiler (+ otros gastos de manutenci\u00f3n) en nuestra cuenta bancaria o en nuestra oficina, teniendo en cuenta que nuestra oficina no dispone de terminal de pago.<\/p>\n<p>Si no pagas el alquiler a tiempo, puedes ser responsable de los intereses de demora y los gastos de cobro, adem\u00e1s del alquiler. El pago irregular y continuado del alquiler tambi\u00e9n puede dar derecho al propietario a rescindir el contrato sin previo aviso. <\/p>\n<p>Si por alguna raz\u00f3n inesperada alguna vez no puede pagar el alquiler a tiempo, p\u00f3ngase en contacto con nosotros inmediatamente.<\/p>\n\t\t\t\t\t\t\t\t<\/div>\n\t\t\t\t<\/div>\n\t\t\t\t\t<\/div>\n\t\t\t\t<\/div>\n\t\t<div class=\"elementor-element elementor-element-9dcb480 e-flex e-con-boxed e-con e-parent\" data-id=\"9dcb480\" data-element_type=\"container\" data-settings=\"{&quot;background_background&quot;:&quot;classic&quot;}\">\n\t\t\t\t\t<div class=\"e-con-inner\">\n\t\t<div class=\"elementor-element elementor-element-6e71dc8 e-con-full e-flex e-con e-child\" data-id=\"6e71dc8\" data-element_type=\"container\" data-settings=\"{&quot;background_background&quot;:&quot;classic&quot;}\">\n\t\t\t\t<div class=\"elementor-element elementor-element-113357e elementor-widget elementor-widget-heading\" data-id=\"113357e\" data-element_type=\"widget\" data-widget_type=\"heading.default\">\n\t\t\t\t<div class=\"elementor-widget-container\">\n\t\t\t\t\t<h2 class=\"elementor-heading-title elementor-size-default\">Cuide bien la casa<\/h2>\t\t\t\t<\/div>\n\t\t\t\t<\/div>\n\t\t\t\t<div class=\"elementor-element elementor-element-bd1f252 elementor-widget elementor-widget-text-editor\" data-id=\"bd1f252\" data-element_type=\"widget\" data-widget_type=\"text-editor.default\">\n\t\t\t\t<div class=\"elementor-widget-container\">\n\t\t\t\t\t\t\t\t\t<p>El apartamento debe mantenerse con cuidado. Usted es responsable de indemnizar al propietario por cualquier da\u00f1o que cause al apartamento, ya sea intencionadamente o por su negligencia u otro descuido. Tambi\u00e9n es responsable de las actividades de las personas que se alojen en el apartamento con su permiso.  <\/p>\n<p>Adem\u00e1s de la limpieza semanal normal de mantenimiento, ser\u00e1s responsable de cambiar las bombillas, limpiar los desag\u00fces del suelo y el filtro de grasa del extractor, por ejemplo. Deber\u00e1s pedir instrucciones a tu casero sobre qu\u00e9 tareas de mantenimiento son responsabilidad tuya. <\/p>\n<p>Tenga en cuenta que, en principio, no puede realizar reparaciones ni reformas sin el permiso del propietario. No puede hacer cambios sin permiso, aunque pague usted mismo la reforma. <\/p>\n\t\t\t\t\t\t\t\t<\/div>\n\t\t\t\t<\/div>\n\t\t\t\t<\/div>\n\t\t<div class=\"elementor-element elementor-element-bc0ff69 e-con-full e-flex e-con e-child\" data-id=\"bc0ff69\" data-element_type=\"container\">\n\t\t\t\t<\/div>\n\t\t\t\t\t<\/div>\n\t\t\t\t<\/div>\n\t\t\t\t<section class=\"elementor-section elementor-top-section elementor-element elementor-element-311ec091 elementor-section-boxed elementor-section-height-default elementor-section-height-default\" data-id=\"311ec091\" data-element_type=\"section\" data-settings=\"{&quot;background_background&quot;:&quot;gradient&quot;}\">\n\t\t\t\t\t\t<div class=\"elementor-container elementor-column-gap-wide\">\n\t\t\t\t\t<div class=\"elementor-column elementor-col-100 elementor-top-column elementor-element elementor-element-d2465ef elementor-invisible\" data-id=\"d2465ef\" data-element_type=\"column\" data-settings=\"{&quot;animation&quot;:&quot;fadeInUp&quot;}\">\n\t\t\t<div class=\"elementor-widget-wrap elementor-element-populated\">\n\t\t\t\t\t\t<div class=\"elementor-element elementor-element-2a69f5e2 elementor-widget elementor-widget-text-editor\" data-id=\"2a69f5e2\" data-element_type=\"widget\" data-widget_type=\"text-editor.default\">\n\t\t\t\t<div class=\"elementor-widget-container\">\n\t\t\t\t\t\t\t\t\t<h3>Cumplir las condiciones del contrato de arrendamiento<\/h3>\n<p>Por ejemplo, si tu contrato de alquiler te proh\u00edbe tener animales dom\u00e9sticos, no podr\u00e1s traerlos a la vivienda (ni siquiera de visita). Si incumples la prohibici\u00f3n, el propietario puede pedirte que pagues el lavado de todos los textiles del hogar en una lavander\u00eda. <\/p>\n<p>Si est\u00e1 prohibido fumar en el apartamento\/terraza, no puede fumar en la vivienda alquilada, ni siquiera en el balc\u00f3n. Si incumples la prohibici\u00f3n, es posible que tengas que pagar para que laven todos los textiles de tu casa. <\/p>\n<p>Usted tiene derecho a utilizar el apartamento \u00fanicamente para lo que est\u00e1 destinado. Si el apartamento est\u00e1 destinado a uso residencial, no puedes utilizarlo como local comercial. <\/p>\n<p>El inquilino no tiene derecho a realquilar la vivienda o parte de ella (vivienda compartida) a otra persona.<\/p>\n<p>La <strong><span style=\"text-decoration: underline;\">rescisi\u00f3n del contrato de arrendamiento<\/span><\/strong> es una forma que tiene el propietario \/ Grupo Rantakyla de reaccionar ante el incumplimiento del contrato por parte del inquilino o ante el comportamiento de un inquilino que incumple sus obligaciones.<br \/>Los <strong><em>motivos m\u00e1s comunes<\/em><\/strong> para rescindir un contrato de arrendamiento son el impago del alquiler acordado\/las facturas de electricidad, etc., la tenencia no autorizada de animales dom\u00e9sticos en el piso, fumar en el interior, vivir molestando a los vecinos, el subarriendo, el uso indebido, el mal mantenimiento del piso y el incumplimiento de las normas de la comunidad de vecinos. <\/p>\n\t\t\t\t\t\t\t\t<\/div>\n\t\t\t\t<\/div>\n\t\t\t\t\t<\/div>\n\t\t<\/div>\n\t\t\t\t\t<\/div>\n\t\t<\/section>\n\t\t<div class=\"elementor-element elementor-element-9025ddc e-con-full e-flex e-con e-parent\" data-id=\"9025ddc\" data-element_type=\"container\" data-settings=\"{&quot;background_background&quot;:&quot;classic&quot;}\">\n\t\t<div class=\"elementor-element elementor-element-d4884d0 e-con-full e-flex e-con e-child\" data-id=\"d4884d0\" data-element_type=\"container\" data-settings=\"{&quot;background_background&quot;:&quot;classic&quot;}\">\n\t\t\t\t<div class=\"elementor-element elementor-element-e1a0f94 elementor-widget elementor-widget-heading\" data-id=\"e1a0f94\" data-element_type=\"widget\" data-widget_type=\"heading.default\">\n\t\t\t\t<div class=\"elementor-widget-container\">\n\t\t\t\t\t<h2 class=\"elementor-heading-title elementor-size-default\">Guarde sus llaves con cuidado<\/h2>\t\t\t\t<\/div>\n\t\t\t\t<\/div>\n\t\t\t\t<div class=\"elementor-element elementor-element-0025da6 elementor-widget elementor-widget-text-editor\" data-id=\"0025da6\" data-element_type=\"widget\" data-widget_type=\"text-editor.default\">\n\t\t\t\t<div class=\"elementor-widget-container\">\n\t\t\t\t\t\t\t\t\t<p>Tiene la obligaci\u00f3n de guardar las llaves con cuidado durante todo el periodo de alquiler. Lo mismo se aplica a las tarjetas de la piscina y a los mandos del garaje. <br \/>Al finalizar el alquiler, deber\u00e1 entregar al Grupo Rantakyla el mismo n\u00famero de llaves que recibi\u00f3 al inicio del alquiler.<\/p>\n<p>Si pierdes las llaves por negligencia, tendr\u00e1s que reembolsar al propietario el coste de comprar unas nuevas y sustituir las cerraduras.<\/p>\n\t\t\t\t\t\t\t\t<\/div>\n\t\t\t\t<\/div>\n\t\t\t\t<\/div>\n\t\t<div class=\"elementor-element elementor-element-5247af6 e-con-full e-flex e-con e-child\" data-id=\"5247af6\" data-element_type=\"container\" data-settings=\"{&quot;motion_fx_motion_fx_scrolling&quot;:&quot;yes&quot;,&quot;motion_fx_translateX_effect&quot;:&quot;yes&quot;,&quot;motion_fx_translateX_speed&quot;:{&quot;unit&quot;:&quot;px&quot;,&quot;size&quot;:3,&quot;sizes&quot;:[]},&quot;motion_fx_translateX_affectedRange&quot;:{&quot;unit&quot;:&quot;%&quot;,&quot;size&quot;:&quot;&quot;,&quot;sizes&quot;:{&quot;start&quot;:0,&quot;end&quot;:50}},&quot;motion_fx_devices&quot;:[&quot;desktop&quot;,&quot;tablet&quot;,&quot;mobile&quot;]}\">\n\t\t\t\t<div class=\"elementor-element elementor-element-04db692 elementor-widget elementor-widget-image\" data-id=\"04db692\" data-element_type=\"widget\" data-widget_type=\"image.default\">\n\t\t\t\t<div class=\"elementor-widget-container\">\n\t\t\t\t\t\t\t\t\t\t\t\t\t\t\t<img fetchpriority=\"high\" decoding=\"async\" width=\"800\" height=\"611\" src=\"https:\/\/rantakyla.com\/wp-content\/uploads\/2023\/10\/key-handover-1024x782.png\" class=\"attachment-large size-large wp-image-3299\" alt=\"key handover\" srcset=\"https:\/\/rantakyla.com\/wp-content\/uploads\/2023\/10\/key-handover-1024x782.png 1024w, https:\/\/rantakyla.com\/wp-content\/uploads\/2023\/10\/key-handover-300x229.png 300w, https:\/\/rantakyla.com\/wp-content\/uploads\/2023\/10\/key-handover-768x586.png 768w, https:\/\/rantakyla.com\/wp-content\/uploads\/2023\/10\/key-handover.png 1200w\" sizes=\"(max-width: 800px) 100vw, 800px\" \/>\t\t\t\t\t\t\t\t\t\t\t\t\t\t\t<\/div>\n\t\t\t\t<\/div>\n\t\t\t\t<\/div>\n\t\t\t\t<\/div>\n\t\t<div class=\"elementor-element elementor-element-612a21f e-flex e-con-boxed e-con e-parent\" data-id=\"612a21f\" data-element_type=\"container\" data-settings=\"{&quot;background_background&quot;:&quot;classic&quot;}\">\n\t\t\t\t\t<div class=\"e-con-inner\">\n\t\t<div class=\"elementor-element elementor-element-ea30c56 e-con-full e-flex e-con e-child\" data-id=\"ea30c56\" data-element_type=\"container\">\n\t\t\t\t<div class=\"elementor-element elementor-element-95fc2a3 elementor-widget elementor-widget-heading\" data-id=\"95fc2a3\" data-element_type=\"widget\" data-widget_type=\"heading.default\">\n\t\t\t\t<div class=\"elementor-widget-container\">\n\t\t\t\t\t<h2 class=\"elementor-heading-title elementor-size-default\">Notificar los da\u00f1os al propietario<\/h2>\t\t\t\t<\/div>\n\t\t\t\t<\/div>\n\t\t\t\t<div class=\"elementor-element elementor-element-b201fa9 elementor-widget elementor-widget-text-editor\" data-id=\"b201fa9\" data-element_type=\"widget\" data-widget_type=\"text-editor.default\">\n\t\t\t\t<div class=\"elementor-widget-container\">\n\t\t\t\t\t\t\t\t\t<p>Deber\u00e1 notificar inmediatamente al Grupo Rantakyla cualquier da\u00f1o que se produzca en el apartamento. Esta notificaci\u00f3n debe hacerse inmediatamente si la reparaci\u00f3n debe llevarse a cabo sin demora con el fin de evitar da\u00f1os mayores.  <p>En caso de emergencia, siga las instrucciones del propietario. <p>El incumplimiento de la obligaci\u00f3n de notificaci\u00f3n puede dar lugar a que se le considere responsable de los da\u00f1os causados por el incumplimiento.\t\t\t\t\t\t\t\t<\/div>\n\t\t\t\t<\/div>\n\t\t\t\t<\/div>\n\t\t<div class=\"elementor-element elementor-element-311da17 e-con-full e-flex e-con e-child\" data-id=\"311da17\" data-element_type=\"container\">\n\t\t\t\t<\/div>\n\t\t\t\t\t<\/div>\n\t\t\t\t<\/div>\n\t\t<div class=\"elementor-element elementor-element-cf5e629 e-flex e-con-boxed e-con e-parent\" data-id=\"cf5e629\" data-element_type=\"container\" data-settings=\"{&quot;background_background&quot;:&quot;classic&quot;}\">\n\t\t\t\t\t<div class=\"e-con-inner\">\n\t\t<div class=\"elementor-element elementor-element-138620c e-con-full e-flex e-con e-child\" data-id=\"138620c\" data-element_type=\"container\" data-settings=\"{&quot;background_background&quot;:&quot;classic&quot;}\">\n\t\t\t\t<div class=\"elementor-element elementor-element-20bd9bd elementor-widget elementor-widget-heading\" data-id=\"20bd9bd\" data-element_type=\"widget\" data-widget_type=\"heading.default\">\n\t\t\t\t<div class=\"elementor-widget-container\">\n\t\t\t\t\t<h2 class=\"elementor-heading-title elementor-size-default\">Normas comunitarias de la casa<\/h2>\t\t\t\t<\/div>\n\t\t\t\t<\/div>\n\t\t\t\t<div class=\"elementor-element elementor-element-59e8571 elementor-widget elementor-widget-text-editor\" data-id=\"59e8571\" data-element_type=\"widget\" data-widget_type=\"text-editor.default\">\n\t\t\t\t<div class=\"elementor-widget-container\">\n\t\t\t\t\t\t\t\t\t<p>El inquilino est\u00e1 obligado a respetar las normas de orden de la comunidad de la casa (por ejemplo, horarios de la piscina, posibilidad de hacer barbacoas en el balc\u00f3n), la tranquilidad de los vecinos y a evitar comportamientos molestos como el ruido excesivo.<\/p>\n<p>Normalmente, la comunidad de la casa est\u00e1 tranquila entre las 23:00 y las 07:00.<\/p>\n<p>Debes asegurarte de que tus invitados tambi\u00e9n respeten las normas de orden.<\/p>\n\t\t\t\t\t\t\t\t<\/div>\n\t\t\t\t<\/div>\n\t\t\t\t<\/div>\n\t\t<div class=\"elementor-element elementor-element-f9c7424 e-con-full e-flex e-con e-child\" data-id=\"f9c7424\" data-element_type=\"container\">\n\t\t\t\t<\/div>\n\t\t\t\t\t<\/div>\n\t\t\t\t<\/div>\n\t\t\t\t<\/div>\n\t\t","protected":false},"excerpt":{"rendered":"<p>Obligaciones del inquilino Aqu\u00ed encontrar\u00e1s un resumen de tus obligaciones en cuanto al pago del alquiler, el mantenimiento de la vivienda y las normas para mantener la paz en el hogar. Pagar el alquiler seg\u00fan lo acordado La principal obligaci\u00f3n del inquilino es pagar el alquiler (+ otros gastos de manutenci\u00f3n) en el momento y [&hellip;]<\/p>\n","protected":false},"author":1,"featured_media":0,"parent":0,"menu_order":0,"comment_status":"closed","ping_status":"closed","template":"","meta":{"footnotes":""},"class_list":["post-5054","page","type-page","status-publish","hentry"],"yoast_head":"<!-- This site is optimized with the Yoast SEO plugin v27.5 - https:\/\/yoast.com\/product\/yoast-seo-wordpress\/ -->\n<title>Obligaciones y derechos del inquilino - Rantakyla<\/title>\n<meta name=\"description\" content=\"Aqu\u00ed encontrar\u00e1s un resumen de tus obligaciones en cuanto al pago del alquiler, el mantenimiento de la vivienda y las normas para mantener la paz en el hogar.\" \/>\n<meta name=\"robots\" content=\"index, follow, max-snippet:-1, max-image-preview:large, max-video-preview:-1\" \/>\n<link rel=\"canonical\" href=\"https:\/\/rantakyla.com\/es\/obligaciones-y-derechos-del-inquilino\/\" \/>\n<meta property=\"og:locale\" content=\"es_ES\" \/>\n<meta property=\"og:type\" content=\"article\" \/>\n<meta property=\"og:title\" content=\"Obligaciones y derechos del inquilino - Rantakyla\" \/>\n<meta property=\"og:description\" content=\"Aqu\u00ed encontrar\u00e1s un resumen de tus obligaciones en cuanto al pago del alquiler, el mantenimiento de la vivienda y las normas para mantener la paz en el hogar.\" \/>\n<meta property=\"og:url\" content=\"https:\/\/rantakyla.com\/es\/obligaciones-y-derechos-del-inquilino\/\" \/>\n<meta property=\"og:site_name\" content=\"Rantakyla\" \/>\n<meta property=\"article:publisher\" content=\"https:\/\/www.facebook.com\/RantakylaGroup\/\" \/>\n<meta property=\"article:modified_time\" content=\"2024-08-28T14:48:41+00:00\" \/>\n<meta property=\"og:image\" content=\"https:\/\/rantakyla.com\/wp-content\/uploads\/2023\/10\/key-handover-1024x782.png\" \/>\n<meta name=\"twitter:card\" content=\"summary_large_image\" \/>\n<meta name=\"twitter:label1\" content=\"Tiempo de lectura\" \/>\n\t<meta name=\"twitter:data1\" content=\"4 minutos\" \/>\n<script type=\"application\/ld+json\" class=\"yoast-schema-graph\">{\"@context\":\"https:\\\/\\\/schema.org\",\"@graph\":[{\"@type\":\"WebPage\",\"@id\":\"https:\\\/\\\/rantakyla.com\\\/es\\\/obligaciones-y-derechos-del-inquilino\\\/\",\"url\":\"https:\\\/\\\/rantakyla.com\\\/es\\\/obligaciones-y-derechos-del-inquilino\\\/\",\"name\":\"Obligaciones y derechos del inquilino - Rantakyla\",\"isPartOf\":{\"@id\":\"https:\\\/\\\/rantakyla.com\\\/#website\"},\"primaryImageOfPage\":{\"@id\":\"https:\\\/\\\/rantakyla.com\\\/es\\\/obligaciones-y-derechos-del-inquilino\\\/#primaryimage\"},\"image\":{\"@id\":\"https:\\\/\\\/rantakyla.com\\\/es\\\/obligaciones-y-derechos-del-inquilino\\\/#primaryimage\"},\"thumbnailUrl\":\"https:\\\/\\\/rantakyla.com\\\/wp-content\\\/uploads\\\/2023\\\/10\\\/key-handover-1024x782.png\",\"datePublished\":\"2023-08-23T14:37:45+00:00\",\"dateModified\":\"2024-08-28T14:48:41+00:00\",\"description\":\"Aqu\u00ed encontrar\u00e1s un resumen de tus obligaciones en cuanto al pago del alquiler, el mantenimiento de la vivienda y las normas para mantener la paz en el hogar.\",\"breadcrumb\":{\"@id\":\"https:\\\/\\\/rantakyla.com\\\/es\\\/obligaciones-y-derechos-del-inquilino\\\/#breadcrumb\"},\"inLanguage\":\"es\",\"potentialAction\":[{\"@type\":\"ReadAction\",\"target\":[\"https:\\\/\\\/rantakyla.com\\\/es\\\/obligaciones-y-derechos-del-inquilino\\\/\"]}]},{\"@type\":\"ImageObject\",\"inLanguage\":\"es\",\"@id\":\"https:\\\/\\\/rantakyla.com\\\/es\\\/obligaciones-y-derechos-del-inquilino\\\/#primaryimage\",\"url\":\"https:\\\/\\\/rantakyla.com\\\/wp-content\\\/uploads\\\/2023\\\/10\\\/key-handover-1024x782.png\",\"contentUrl\":\"https:\\\/\\\/rantakyla.com\\\/wp-content\\\/uploads\\\/2023\\\/10\\\/key-handover-1024x782.png\"},{\"@type\":\"BreadcrumbList\",\"@id\":\"https:\\\/\\\/rantakyla.com\\\/es\\\/obligaciones-y-derechos-del-inquilino\\\/#breadcrumb\",\"itemListElement\":[{\"@type\":\"ListItem\",\"position\":1,\"name\":\"Portada\",\"item\":\"https:\\\/\\\/rantakyla.com\\\/\"},{\"@type\":\"ListItem\",\"position\":2,\"name\":\"Obligaciones y derechos del inquilino\"}]},{\"@type\":\"WebSite\",\"@id\":\"https:\\\/\\\/rantakyla.com\\\/#website\",\"url\":\"https:\\\/\\\/rantakyla.com\\\/\",\"name\":\"Rantakyla Group\",\"description\":\"Vuokra-asunnot Espanja\",\"publisher\":{\"@id\":\"https:\\\/\\\/rantakyla.com\\\/#organization\"},\"potentialAction\":[{\"@type\":\"SearchAction\",\"target\":{\"@type\":\"EntryPoint\",\"urlTemplate\":\"https:\\\/\\\/rantakyla.com\\\/?s={search_term_string}\"},\"query-input\":{\"@type\":\"PropertyValueSpecification\",\"valueRequired\":true,\"valueName\":\"search_term_string\"}}],\"inLanguage\":\"es\"},{\"@type\":\"Organization\",\"@id\":\"https:\\\/\\\/rantakyla.com\\\/#organization\",\"name\":\"Rantakyla Group\",\"url\":\"https:\\\/\\\/rantakyla.com\\\/\",\"logo\":{\"@type\":\"ImageObject\",\"inLanguage\":\"es\",\"@id\":\"https:\\\/\\\/rantakyla.com\\\/#\\\/schema\\\/logo\\\/image\\\/\",\"url\":\"https:\\\/\\\/rantakyla.com\\\/wp-content\\\/uploads\\\/2023\\\/03\\\/rantakyla-logo-azul.png\",\"contentUrl\":\"https:\\\/\\\/rantakyla.com\\\/wp-content\\\/uploads\\\/2023\\\/03\\\/rantakyla-logo-azul.png\",\"width\":974,\"height\":547,\"caption\":\"Rantakyla Group\"},\"image\":{\"@id\":\"https:\\\/\\\/rantakyla.com\\\/#\\\/schema\\\/logo\\\/image\\\/\"},\"sameAs\":[\"https:\\\/\\\/www.facebook.com\\\/RantakylaGroup\\\/\"]}]}<\/script>\n<!-- \/ Yoast SEO plugin. -->","yoast_head_json":{"title":"Obligaciones y derechos del inquilino - Rantakyla","description":"Aqu\u00ed encontrar\u00e1s un resumen de tus obligaciones en cuanto al pago del alquiler, el mantenimiento de la vivienda y las normas para mantener la paz en el hogar.","robots":{"index":"index","follow":"follow","max-snippet":"max-snippet:-1","max-image-preview":"max-image-preview:large","max-video-preview":"max-video-preview:-1"},"canonical":"https:\/\/rantakyla.com\/es\/obligaciones-y-derechos-del-inquilino\/","og_locale":"es_ES","og_type":"article","og_title":"Obligaciones y derechos del inquilino - Rantakyla","og_description":"Aqu\u00ed encontrar\u00e1s un resumen de tus obligaciones en cuanto al pago del alquiler, el mantenimiento de la vivienda y las normas para mantener la paz en el hogar.","og_url":"https:\/\/rantakyla.com\/es\/obligaciones-y-derechos-del-inquilino\/","og_site_name":"Rantakyla","article_publisher":"https:\/\/www.facebook.com\/RantakylaGroup\/","article_modified_time":"2024-08-28T14:48:41+00:00","og_image":[{"url":"https:\/\/rantakyla.com\/wp-content\/uploads\/2023\/10\/key-handover-1024x782.png","type":"","width":"","height":""}],"twitter_card":"summary_large_image","twitter_misc":{"Tiempo de lectura":"4 minutos"},"schema":{"@context":"https:\/\/schema.org","@graph":[{"@type":"WebPage","@id":"https:\/\/rantakyla.com\/es\/obligaciones-y-derechos-del-inquilino\/","url":"https:\/\/rantakyla.com\/es\/obligaciones-y-derechos-del-inquilino\/","name":"Obligaciones y derechos del inquilino - Rantakyla","isPartOf":{"@id":"https:\/\/rantakyla.com\/#website"},"primaryImageOfPage":{"@id":"https:\/\/rantakyla.com\/es\/obligaciones-y-derechos-del-inquilino\/#primaryimage"},"image":{"@id":"https:\/\/rantakyla.com\/es\/obligaciones-y-derechos-del-inquilino\/#primaryimage"},"thumbnailUrl":"https:\/\/rantakyla.com\/wp-content\/uploads\/2023\/10\/key-handover-1024x782.png","datePublished":"2023-08-23T14:37:45+00:00","dateModified":"2024-08-28T14:48:41+00:00","description":"Aqu\u00ed encontrar\u00e1s un resumen de tus obligaciones en cuanto al pago del alquiler, el mantenimiento de la vivienda y las normas para mantener la paz en el hogar.","breadcrumb":{"@id":"https:\/\/rantakyla.com\/es\/obligaciones-y-derechos-del-inquilino\/#breadcrumb"},"inLanguage":"es","potentialAction":[{"@type":"ReadAction","target":["https:\/\/rantakyla.com\/es\/obligaciones-y-derechos-del-inquilino\/"]}]},{"@type":"ImageObject","inLanguage":"es","@id":"https:\/\/rantakyla.com\/es\/obligaciones-y-derechos-del-inquilino\/#primaryimage","url":"https:\/\/rantakyla.com\/wp-content\/uploads\/2023\/10\/key-handover-1024x782.png","contentUrl":"https:\/\/rantakyla.com\/wp-content\/uploads\/2023\/10\/key-handover-1024x782.png"},{"@type":"BreadcrumbList","@id":"https:\/\/rantakyla.com\/es\/obligaciones-y-derechos-del-inquilino\/#breadcrumb","itemListElement":[{"@type":"ListItem","position":1,"name":"Portada","item":"https:\/\/rantakyla.com\/"},{"@type":"ListItem","position":2,"name":"Obligaciones y derechos del inquilino"}]},{"@type":"WebSite","@id":"https:\/\/rantakyla.com\/#website","url":"https:\/\/rantakyla.com\/","name":"Rantakyla Group","description":"Vuokra-asunnot Espanja","publisher":{"@id":"https:\/\/rantakyla.com\/#organization"},"potentialAction":[{"@type":"SearchAction","target":{"@type":"EntryPoint","urlTemplate":"https:\/\/rantakyla.com\/?s={search_term_string}"},"query-input":{"@type":"PropertyValueSpecification","valueRequired":true,"valueName":"search_term_string"}}],"inLanguage":"es"},{"@type":"Organization","@id":"https:\/\/rantakyla.com\/#organization","name":"Rantakyla Group","url":"https:\/\/rantakyla.com\/","logo":{"@type":"ImageObject","inLanguage":"es","@id":"https:\/\/rantakyla.com\/#\/schema\/logo\/image\/","url":"https:\/\/rantakyla.com\/wp-content\/uploads\/2023\/03\/rantakyla-logo-azul.png","contentUrl":"https:\/\/rantakyla.com\/wp-content\/uploads\/2023\/03\/rantakyla-logo-azul.png","width":974,"height":547,"caption":"Rantakyla Group"},"image":{"@id":"https:\/\/rantakyla.com\/#\/schema\/logo\/image\/"},"sameAs":["https:\/\/www.facebook.com\/RantakylaGroup\/"]}]}},"_links":{"self":[{"href":"https:\/\/rantakyla.com\/es\/wp-json\/wp\/v2\/pages\/5054","targetHints":{"allow":["GET"]}}],"collection":[{"href":"https:\/\/rantakyla.com\/es\/wp-json\/wp\/v2\/pages"}],"about":[{"href":"https:\/\/rantakyla.com\/es\/wp-json\/wp\/v2\/types\/page"}],"author":[{"embeddable":true,"href":"https:\/\/rantakyla.com\/es\/wp-json\/wp\/v2\/users\/1"}],"replies":[{"embeddable":true,"href":"https:\/\/rantakyla.com\/es\/wp-json\/wp\/v2\/comments?post=5054"}],"version-history":[{"count":2,"href":"https:\/\/rantakyla.com\/es\/wp-json\/wp\/v2\/pages\/5054\/revisions"}],"predecessor-version":[{"id":5057,"href":"https:\/\/rantakyla.com\/es\/wp-json\/wp\/v2\/pages\/5054\/revisions\/5057"}],"wp:attachment":[{"href":"https:\/\/rantakyla.com\/es\/wp-json\/wp\/v2\/media?parent=5054"}],"curies":[{"name":"wp","href":"https:\/\/api.w.org\/{rel}","templated":true}]}}