{"id":5033,"date":"2023-07-05T18:39:12","date_gmt":"2023-07-05T16:39:12","guid":{"rendered":"https:\/\/rantakyla.com\/perfil-de-la-empresa\/"},"modified":"2024-08-28T13:03:28","modified_gmt":"2024-08-28T11:03:28","slug":"perfil-de-la-empresa","status":"publish","type":"page","link":"https:\/\/rantakyla.com\/es\/perfil-de-la-empresa\/","title":{"rendered":"Perfil de la empresa"},"content":{"rendered":"\t\t<div data-elementor-type=\"wp-page\" data-elementor-id=\"5033\" class=\"elementor elementor-5033 elementor-349\" data-elementor-post-type=\"page\">\n\t\t\t\t\t\t<section class=\"elementor-section elementor-top-section elementor-element elementor-element-ea68361 elementor-section-boxed elementor-section-height-default elementor-section-height-default\" data-id=\"ea68361\" data-element_type=\"section\" data-settings=\"{&quot;background_background&quot;:&quot;classic&quot;}\">\n\t\t\t\t\t\t<div class=\"elementor-container elementor-column-gap-default\">\n\t\t\t\t\t<div class=\"elementor-column elementor-col-100 elementor-top-column elementor-element elementor-element-bceb53b\" data-id=\"bceb53b\" data-element_type=\"column\">\n\t\t\t<div class=\"elementor-widget-wrap elementor-element-populated\">\n\t\t\t\t\t\t<div class=\"elementor-element elementor-element-cf3fb50 elementor-widget elementor-widget-heading\" data-id=\"cf3fb50\" data-element_type=\"widget\" data-widget_type=\"heading.default\">\n\t\t\t\t<div class=\"elementor-widget-container\">\n\t\t\t\t\t<h1 class=\"elementor-heading-title elementor-size-default\">Agencia inmobiliaria finlandesa<\/h1>\t\t\t\t<\/div>\n\t\t\t\t<\/div>\n\t\t\t\t<section class=\"elementor-section elementor-inner-section elementor-element elementor-element-85791b9 elementor-section-boxed elementor-section-height-default elementor-section-height-default\" data-id=\"85791b9\" data-element_type=\"section\">\n\t\t\t\t\t\t<div class=\"elementor-container elementor-column-gap-default\">\n\t\t\t\t\t<div class=\"elementor-column elementor-col-50 elementor-inner-column elementor-element elementor-element-c012e90\" data-id=\"c012e90\" data-element_type=\"column\">\n\t\t\t<div class=\"elementor-widget-wrap elementor-element-populated\">\n\t\t\t\t\t\t<div class=\"elementor-element elementor-element-4856acf elementor-widget elementor-widget-text-editor\" data-id=\"4856acf\" data-element_type=\"widget\" data-widget_type=\"text-editor.default\">\n\t\t\t\t<div class=\"elementor-widget-container\">\n\t\t\t\t\t\t\t\t\t<p><strong>Rantakyla Group<\/strong> <strong>S.L.<\/strong>, una agencia inmobiliaria espa\u00f1ola con sede en Fuengirola, al sur de Espa\u00f1a, es una empresa de alojamiento y servicios de r\u00e1pido crecimiento que se centra en la calidad y en un servicio amable y de <strong><em>habla finlandesa<\/em><\/strong>.<\/p>\n<p>Ofrecemos a nuestros clientes apartamentos de vacaciones y de alquiler para estancias cortas y largas, incluidos servicios auxiliares.<\/p>\n<p>Nuestro servicio se basa en m\u00e1s de treinta y cinco a\u00f1os de experiencia en el sector tur\u00edstico y de servicios en Espa\u00f1a y un excelente conocimiento local de la Costa del Sol, as\u00ed como un gran dominio del espa\u00f1ol.<\/p>\n\t\t\t\t\t\t\t\t<\/div>\n\t\t\t\t<\/div>\n\t\t\t\t\t<\/div>\n\t\t<\/div>\n\t\t\t\t<div class=\"elementor-column elementor-col-50 elementor-inner-column elementor-element elementor-element-c43c935\" data-id=\"c43c935\" data-element_type=\"column\">\n\t\t\t<div class=\"elementor-widget-wrap elementor-element-populated\">\n\t\t\t\t\t\t<div class=\"elementor-element elementor-element-5449556 elementor-widget elementor-widget-video\" data-id=\"5449556\" data-element_type=\"widget\" data-settings=\"{&quot;youtube_url&quot;:&quot;https:\\\/\\\/www.youtube.com\\\/watch?v=96OYvNmPlIE&quot;,&quot;video_type&quot;:&quot;youtube&quot;,&quot;controls&quot;:&quot;yes&quot;}\" data-widget_type=\"video.default\">\n\t\t\t\t<div class=\"elementor-widget-container\">\n\t\t\t\t\t\t\t<div class=\"elementor-wrapper elementor-open-inline\">\n\t\t\t<div class=\"elementor-video\"><\/div>\t\t<\/div>\n\t\t\t\t\t\t<\/div>\n\t\t\t\t<\/div>\n\t\t\t\t\t<\/div>\n\t\t<\/div>\n\t\t\t\t\t<\/div>\n\t\t<\/section>\n\t\t\t\t\t<\/div>\n\t\t<\/div>\n\t\t\t\t\t<\/div>\n\t\t<\/section>\n\t\t\t\t<section class=\"elementor-section elementor-top-section elementor-element elementor-element-568dafa elementor-section-boxed elementor-section-height-default elementor-section-height-default\" data-id=\"568dafa\" data-element_type=\"section\">\n\t\t\t\t\t\t<div class=\"elementor-container elementor-column-gap-default\">\n\t\t\t\t\t<div class=\"elementor-column elementor-col-50 elementor-top-column elementor-element elementor-element-59fe0c13\" data-id=\"59fe0c13\" data-element_type=\"column\">\n\t\t\t<div class=\"elementor-widget-wrap elementor-element-populated\">\n\t\t\t\t\t\t<div class=\"elementor-element elementor-element-282eeb2 elementor-widget elementor-widget-heading\" data-id=\"282eeb2\" data-element_type=\"widget\" data-widget_type=\"heading.default\">\n\t\t\t\t<div class=\"elementor-widget-container\">\n\t\t\t\t\t<h2 class=\"elementor-heading-title elementor-size-default\">Nuestra historia<\/h2>\t\t\t\t<\/div>\n\t\t\t\t<\/div>\n\t\t\t\t<div class=\"elementor-element elementor-element-53b5882 elementor-widget elementor-widget-heading\" data-id=\"53b5882\" data-element_type=\"widget\" data-widget_type=\"heading.default\">\n\t\t\t\t<div class=\"elementor-widget-container\">\n\t\t\t\t\t<span class=\"elementor-heading-title elementor-size-default\">Nuestro \u00e9xito se basa en un servicio amable y fiable.<\/span>\t\t\t\t<\/div>\n\t\t\t\t<\/div>\n\t\t\t\t<div class=\"elementor-element elementor-element-34d7cbf6 elementor-widget__width-initial elementor-widget elementor-widget-text-editor\" data-id=\"34d7cbf6\" data-element_type=\"widget\" data-widget_type=\"text-editor.default\">\n\t\t\t\t<div class=\"elementor-widget-container\">\n\t\t\t\t\t\t\t\t\t<p><em>Creamos nuestra empresa a <strong>principios de 2011<\/strong> para satisfacer la creciente demanda de apartamentos vacacionales y de alquiler en Fuengirola por parte de los finlandeses. Empezamos con tres apartamentos privados de alquiler, pero muy r\u00e1pidamente (en menos de un a\u00f1o) hab\u00edamos ampliado nuestra oferta para incluir los hoteles de apartamentos m\u00e1s grandes y populares. Hoy en d\u00eda ofrecemos alrededor de 300 apartamentos privados y tres grandes aparthoteles, as\u00ed como traslados legalizados al aeropuerto.  <\/em><\/p>\n<p><em>Ambas propietarias del Grupo Rantakyla (Elise Rantakyla y Anna Rydman) somos profesionales de la industria del turismo y el alojamiento, habiendo trabajado toda nuestra vida (durante m\u00e1s de 35 a\u00f1os) en el turismo en Espa\u00f1a &#8211; nuestro \u00faltimo trabajo juntas fue durante m\u00e1s de 10 a\u00f1os en la <strong>Agencia de viajes Hispania<\/strong> en Fuengirola y Torrevieja.<\/em><\/p>\n<p><em>Desde el principio, nuestra empresa se ha centrado en la calidad del servicio al cliente: la fiabilidad y la amabilidad son importantes para nosotros. Quiz\u00e1s lo hayamos conseguido, ya que nuestra popularidad ha crecido a\u00f1o tras a\u00f1o. Nuestro conocimiento de la zona y nuestro excelente dominio de la lengua espa\u00f1ola son nuestros puntos fuertes, ya que ambos tenemos antecedentes familiares finlandeses-espa\u00f1oles.  <\/em><\/p>\n<p><em>Ambos tenemos el t\u00edtulo oficial de Agente de la Propiedad Inmobiliaria (<strong>API<\/strong>).<\/em><\/p>\n<p><em><strong>Haremos todo lo posible para que usted, nuestro cliente, sea el que disfrute de su estancia aqu\u00ed en Fuengirola. \u00a1Nos esforzamos para que sea un \u00e9xito! <\/strong><\/em><\/p>\n<p>                                                                 <em><strong> Elise Rantakyla y Anna Rydman<\/strong><\/em><\/p>\n\t\t\t\t\t\t\t\t<\/div>\n\t\t\t\t<\/div>\n\t\t\t\t\t<\/div>\n\t\t<\/div>\n\t\t\t\t<div class=\"elementor-column elementor-col-50 elementor-top-column elementor-element elementor-element-94c8724\" data-id=\"94c8724\" data-element_type=\"column\">\n\t\t\t<div class=\"elementor-widget-wrap elementor-element-populated\">\n\t\t\t\t\t\t<div class=\"elementor-element elementor-element-71194b7 elementor-widget elementor-widget-image\" data-id=\"71194b7\" data-element_type=\"widget\" data-widget_type=\"image.default\">\n\t\t\t\t<div class=\"elementor-widget-container\">\n\t\t\t\t\t\t\t\t\t\t\t\t\t\t\t<img fetchpriority=\"high\" decoding=\"async\" width=\"800\" height=\"634\" src=\"https:\/\/rantakyla.com\/wp-content\/uploads\/2023\/10\/arer-1024x811.jpg\" class=\"attachment-large size-large wp-image-3626\" alt=\"\" srcset=\"https:\/\/rantakyla.com\/wp-content\/uploads\/2023\/10\/arer-1024x811.jpg 1024w, https:\/\/rantakyla.com\/wp-content\/uploads\/2023\/10\/arer-300x238.jpg 300w, https:\/\/rantakyla.com\/wp-content\/uploads\/2023\/10\/arer-768x609.jpg 768w, https:\/\/rantakyla.com\/wp-content\/uploads\/2023\/10\/arer-1536x1217.jpg 1536w, https:\/\/rantakyla.com\/wp-content\/uploads\/2023\/10\/arer-2048x1623.jpg 2048w\" sizes=\"(max-width: 800px) 100vw, 800px\" \/>\t\t\t\t\t\t\t\t\t\t\t\t\t\t\t<\/div>\n\t\t\t\t<\/div>\n\t\t\t\t<div class=\"elementor-element elementor-element-0932ebf elementor-widget elementor-widget-text-editor\" data-id=\"0932ebf\" data-element_type=\"widget\" data-widget_type=\"text-editor.default\">\n\t\t\t\t<div class=\"elementor-widget-container\">\n\t\t\t\t\t\t\t\t\t<p><em>En la foto (de izquierda a derecha) Elise y Anna.<\/em><\/p>\n\t\t\t\t\t\t\t\t<\/div>\n\t\t\t\t<\/div>\n\t\t\t\t\t<\/div>\n\t\t<\/div>\n\t\t\t\t\t<\/div>\n\t\t<\/section>\n\t\t\t\t<\/div>\n\t\t","protected":false},"excerpt":{"rendered":"<p>Agencia inmobiliaria finlandesa Rantakyla Group S.L., una agencia inmobiliaria espa\u00f1ola con sede en Fuengirola, al sur de Espa\u00f1a, es una empresa de alojamiento y servicios de r\u00e1pido crecimiento que se centra en la calidad y en un servicio amable y de habla finlandesa. Ofrecemos a nuestros clientes apartamentos de vacaciones y de alquiler para estancias [&hellip;]<\/p>\n","protected":false},"author":1,"featured_media":0,"parent":0,"menu_order":0,"comment_status":"closed","ping_status":"closed","template":"","meta":{"footnotes":""},"class_list":["post-5033","page","type-page","status-publish","hentry"],"yoast_head":"<!-- This site is optimized with the Yoast SEO plugin v27.4 - https:\/\/yoast.com\/product\/yoast-seo-wordpress\/ -->\n<title>Perfil de la empresa - Rantakyla<\/title>\n<meta name=\"description\" content=\"Rantakyla Group S.L., agencia inmobiliaria espa\u00f1ola con sede en Fuengirola, en el sur de Espa\u00f1a, es una empresa de r\u00e1pido crecimiento.\" \/>\n<meta name=\"robots\" content=\"index, follow, max-snippet:-1, max-image-preview:large, max-video-preview:-1\" \/>\n<link rel=\"canonical\" href=\"https:\/\/rantakyla.com\/es\/perfil-de-la-empresa\/\" \/>\n<meta property=\"og:locale\" content=\"es_ES\" \/>\n<meta property=\"og:type\" content=\"article\" \/>\n<meta property=\"og:title\" content=\"Perfil de la empresa - Rantakyla\" \/>\n<meta property=\"og:description\" content=\"Rantakyla Group S.L., agencia inmobiliaria espa\u00f1ola con sede en Fuengirola, en el sur de Espa\u00f1a, es una empresa de r\u00e1pido crecimiento.\" \/>\n<meta property=\"og:url\" content=\"https:\/\/rantakyla.com\/es\/perfil-de-la-empresa\/\" \/>\n<meta property=\"og:site_name\" content=\"Rantakyla\" \/>\n<meta property=\"article:publisher\" content=\"https:\/\/www.facebook.com\/RantakylaGroup\/\" \/>\n<meta property=\"article:modified_time\" content=\"2024-08-28T11:03:28+00:00\" \/>\n<meta property=\"og:image\" content=\"https:\/\/rantakyla.com\/wp-content\/uploads\/2023\/10\/arer-1024x811.jpg\" \/>\n<meta name=\"twitter:card\" content=\"summary_large_image\" \/>\n<meta name=\"twitter:label1\" content=\"Tiempo de lectura\" \/>\n\t<meta name=\"twitter:data1\" content=\"2 minutos\" \/>\n<script type=\"application\/ld+json\" class=\"yoast-schema-graph\">{\"@context\":\"https:\\\/\\\/schema.org\",\"@graph\":[{\"@type\":\"WebPage\",\"@id\":\"https:\\\/\\\/rantakyla.com\\\/es\\\/perfil-de-la-empresa\\\/\",\"url\":\"https:\\\/\\\/rantakyla.com\\\/es\\\/perfil-de-la-empresa\\\/\",\"name\":\"Perfil de la empresa - Rantakyla\",\"isPartOf\":{\"@id\":\"https:\\\/\\\/rantakyla.com\\\/#website\"},\"primaryImageOfPage\":{\"@id\":\"https:\\\/\\\/rantakyla.com\\\/es\\\/perfil-de-la-empresa\\\/#primaryimage\"},\"image\":{\"@id\":\"https:\\\/\\\/rantakyla.com\\\/es\\\/perfil-de-la-empresa\\\/#primaryimage\"},\"thumbnailUrl\":\"https:\\\/\\\/rantakyla.com\\\/wp-content\\\/uploads\\\/2023\\\/10\\\/arer-1024x811.jpg\",\"datePublished\":\"2023-07-05T16:39:12+00:00\",\"dateModified\":\"2024-08-28T11:03:28+00:00\",\"description\":\"Rantakyla Group S.L., agencia inmobiliaria espa\u00f1ola con sede en Fuengirola, en el sur de Espa\u00f1a, es una empresa de r\u00e1pido crecimiento.\",\"breadcrumb\":{\"@id\":\"https:\\\/\\\/rantakyla.com\\\/es\\\/perfil-de-la-empresa\\\/#breadcrumb\"},\"inLanguage\":\"es\",\"potentialAction\":[{\"@type\":\"ReadAction\",\"target\":[\"https:\\\/\\\/rantakyla.com\\\/es\\\/perfil-de-la-empresa\\\/\"]}]},{\"@type\":\"ImageObject\",\"inLanguage\":\"es\",\"@id\":\"https:\\\/\\\/rantakyla.com\\\/es\\\/perfil-de-la-empresa\\\/#primaryimage\",\"url\":\"https:\\\/\\\/rantakyla.com\\\/wp-content\\\/uploads\\\/2023\\\/10\\\/arer-1024x811.jpg\",\"contentUrl\":\"https:\\\/\\\/rantakyla.com\\\/wp-content\\\/uploads\\\/2023\\\/10\\\/arer-1024x811.jpg\"},{\"@type\":\"BreadcrumbList\",\"@id\":\"https:\\\/\\\/rantakyla.com\\\/es\\\/perfil-de-la-empresa\\\/#breadcrumb\",\"itemListElement\":[{\"@type\":\"ListItem\",\"position\":1,\"name\":\"Portada\",\"item\":\"https:\\\/\\\/rantakyla.com\\\/\"},{\"@type\":\"ListItem\",\"position\":2,\"name\":\"Perfil de la empresa\"}]},{\"@type\":\"WebSite\",\"@id\":\"https:\\\/\\\/rantakyla.com\\\/#website\",\"url\":\"https:\\\/\\\/rantakyla.com\\\/\",\"name\":\"Rantakyla Group\",\"description\":\"Vuokra-asunnot Espanja\",\"publisher\":{\"@id\":\"https:\\\/\\\/rantakyla.com\\\/#organization\"},\"potentialAction\":[{\"@type\":\"SearchAction\",\"target\":{\"@type\":\"EntryPoint\",\"urlTemplate\":\"https:\\\/\\\/rantakyla.com\\\/?s={search_term_string}\"},\"query-input\":{\"@type\":\"PropertyValueSpecification\",\"valueRequired\":true,\"valueName\":\"search_term_string\"}}],\"inLanguage\":\"es\"},{\"@type\":\"Organization\",\"@id\":\"https:\\\/\\\/rantakyla.com\\\/#organization\",\"name\":\"Rantakyla Group\",\"url\":\"https:\\\/\\\/rantakyla.com\\\/\",\"logo\":{\"@type\":\"ImageObject\",\"inLanguage\":\"es\",\"@id\":\"https:\\\/\\\/rantakyla.com\\\/#\\\/schema\\\/logo\\\/image\\\/\",\"url\":\"https:\\\/\\\/rantakyla.com\\\/wp-content\\\/uploads\\\/2023\\\/03\\\/rantakyla-logo-azul.png\",\"contentUrl\":\"https:\\\/\\\/rantakyla.com\\\/wp-content\\\/uploads\\\/2023\\\/03\\\/rantakyla-logo-azul.png\",\"width\":974,\"height\":547,\"caption\":\"Rantakyla Group\"},\"image\":{\"@id\":\"https:\\\/\\\/rantakyla.com\\\/#\\\/schema\\\/logo\\\/image\\\/\"},\"sameAs\":[\"https:\\\/\\\/www.facebook.com\\\/RantakylaGroup\\\/\"]}]}<\/script>\n<!-- \/ Yoast SEO plugin. -->","yoast_head_json":{"title":"Perfil de la empresa - Rantakyla","description":"Rantakyla Group S.L., agencia inmobiliaria espa\u00f1ola con sede en Fuengirola, en el sur de Espa\u00f1a, es una empresa de r\u00e1pido crecimiento.","robots":{"index":"index","follow":"follow","max-snippet":"max-snippet:-1","max-image-preview":"max-image-preview:large","max-video-preview":"max-video-preview:-1"},"canonical":"https:\/\/rantakyla.com\/es\/perfil-de-la-empresa\/","og_locale":"es_ES","og_type":"article","og_title":"Perfil de la empresa - Rantakyla","og_description":"Rantakyla Group S.L., agencia inmobiliaria espa\u00f1ola con sede en Fuengirola, en el sur de Espa\u00f1a, es una empresa de r\u00e1pido crecimiento.","og_url":"https:\/\/rantakyla.com\/es\/perfil-de-la-empresa\/","og_site_name":"Rantakyla","article_publisher":"https:\/\/www.facebook.com\/RantakylaGroup\/","article_modified_time":"2024-08-28T11:03:28+00:00","og_image":[{"url":"https:\/\/rantakyla.com\/wp-content\/uploads\/2023\/10\/arer-1024x811.jpg","type":"","width":"","height":""}],"twitter_card":"summary_large_image","twitter_misc":{"Tiempo de lectura":"2 minutos"},"schema":{"@context":"https:\/\/schema.org","@graph":[{"@type":"WebPage","@id":"https:\/\/rantakyla.com\/es\/perfil-de-la-empresa\/","url":"https:\/\/rantakyla.com\/es\/perfil-de-la-empresa\/","name":"Perfil de la empresa - Rantakyla","isPartOf":{"@id":"https:\/\/rantakyla.com\/#website"},"primaryImageOfPage":{"@id":"https:\/\/rantakyla.com\/es\/perfil-de-la-empresa\/#primaryimage"},"image":{"@id":"https:\/\/rantakyla.com\/es\/perfil-de-la-empresa\/#primaryimage"},"thumbnailUrl":"https:\/\/rantakyla.com\/wp-content\/uploads\/2023\/10\/arer-1024x811.jpg","datePublished":"2023-07-05T16:39:12+00:00","dateModified":"2024-08-28T11:03:28+00:00","description":"Rantakyla Group S.L., agencia inmobiliaria espa\u00f1ola con sede en Fuengirola, en el sur de Espa\u00f1a, es una empresa de r\u00e1pido crecimiento.","breadcrumb":{"@id":"https:\/\/rantakyla.com\/es\/perfil-de-la-empresa\/#breadcrumb"},"inLanguage":"es","potentialAction":[{"@type":"ReadAction","target":["https:\/\/rantakyla.com\/es\/perfil-de-la-empresa\/"]}]},{"@type":"ImageObject","inLanguage":"es","@id":"https:\/\/rantakyla.com\/es\/perfil-de-la-empresa\/#primaryimage","url":"https:\/\/rantakyla.com\/wp-content\/uploads\/2023\/10\/arer-1024x811.jpg","contentUrl":"https:\/\/rantakyla.com\/wp-content\/uploads\/2023\/10\/arer-1024x811.jpg"},{"@type":"BreadcrumbList","@id":"https:\/\/rantakyla.com\/es\/perfil-de-la-empresa\/#breadcrumb","itemListElement":[{"@type":"ListItem","position":1,"name":"Portada","item":"https:\/\/rantakyla.com\/"},{"@type":"ListItem","position":2,"name":"Perfil de la empresa"}]},{"@type":"WebSite","@id":"https:\/\/rantakyla.com\/#website","url":"https:\/\/rantakyla.com\/","name":"Rantakyla Group","description":"Vuokra-asunnot Espanja","publisher":{"@id":"https:\/\/rantakyla.com\/#organization"},"potentialAction":[{"@type":"SearchAction","target":{"@type":"EntryPoint","urlTemplate":"https:\/\/rantakyla.com\/?s={search_term_string}"},"query-input":{"@type":"PropertyValueSpecification","valueRequired":true,"valueName":"search_term_string"}}],"inLanguage":"es"},{"@type":"Organization","@id":"https:\/\/rantakyla.com\/#organization","name":"Rantakyla Group","url":"https:\/\/rantakyla.com\/","logo":{"@type":"ImageObject","inLanguage":"es","@id":"https:\/\/rantakyla.com\/#\/schema\/logo\/image\/","url":"https:\/\/rantakyla.com\/wp-content\/uploads\/2023\/03\/rantakyla-logo-azul.png","contentUrl":"https:\/\/rantakyla.com\/wp-content\/uploads\/2023\/03\/rantakyla-logo-azul.png","width":974,"height":547,"caption":"Rantakyla Group"},"image":{"@id":"https:\/\/rantakyla.com\/#\/schema\/logo\/image\/"},"sameAs":["https:\/\/www.facebook.com\/RantakylaGroup\/"]}]}},"_links":{"self":[{"href":"https:\/\/rantakyla.com\/es\/wp-json\/wp\/v2\/pages\/5033","targetHints":{"allow":["GET"]}}],"collection":[{"href":"https:\/\/rantakyla.com\/es\/wp-json\/wp\/v2\/pages"}],"about":[{"href":"https:\/\/rantakyla.com\/es\/wp-json\/wp\/v2\/types\/page"}],"author":[{"embeddable":true,"href":"https:\/\/rantakyla.com\/es\/wp-json\/wp\/v2\/users\/1"}],"replies":[{"embeddable":true,"href":"https:\/\/rantakyla.com\/es\/wp-json\/wp\/v2\/comments?post=5033"}],"version-history":[{"count":1,"href":"https:\/\/rantakyla.com\/es\/wp-json\/wp\/v2\/pages\/5033\/revisions"}],"predecessor-version":[{"id":5034,"href":"https:\/\/rantakyla.com\/es\/wp-json\/wp\/v2\/pages\/5033\/revisions\/5034"}],"wp:attachment":[{"href":"https:\/\/rantakyla.com\/es\/wp-json\/wp\/v2\/media?parent=5033"}],"curies":[{"name":"wp","href":"https:\/\/api.w.org\/{rel}","templated":true}]}}