{"id":4664,"date":"2023-11-22T09:33:53","date_gmt":"2023-11-22T08:33:53","guid":{"rendered":"https:\/\/rantakyla.com\/?page_id=4664"},"modified":"2024-08-30T12:27:02","modified_gmt":"2024-08-30T10:27:02","slug":"nochebuena","status":"publish","type":"page","link":"https:\/\/rantakyla.com\/es\/dias-festivos-y-vacaciones\/nochebuena\/","title":{"rendered":"Nochebuena"},"content":{"rendered":"\t\t<div data-elementor-type=\"wp-page\" data-elementor-id=\"4664\" class=\"elementor elementor-4664 elementor-4663\" data-elementor-post-type=\"page\">\n\t\t\t\t\t\t<section class=\"elementor-section elementor-top-section elementor-element elementor-element-267e2fa elementor-section-height-min-height elementor-section-boxed elementor-section-height-default elementor-section-items-middle\" data-id=\"267e2fa\" data-element_type=\"section\" data-settings=\"{&quot;background_background&quot;:&quot;classic&quot;}\">\n\t\t\t\t\t\t\t<div class=\"elementor-background-overlay\"><\/div>\n\t\t\t\t\t\t\t<div class=\"elementor-container elementor-column-gap-default\">\n\t\t\t\t\t<div class=\"elementor-column elementor-col-50 elementor-top-column elementor-element elementor-element-a1accb4\" data-id=\"a1accb4\" data-element_type=\"column\" data-settings=\"{&quot;background_background&quot;:&quot;classic&quot;}\">\n\t\t\t<div class=\"elementor-widget-wrap elementor-element-populated\">\n\t\t\t\t\t\t<div class=\"elementor-element elementor-element-316b194 elementor-widget elementor-widget-heading\" data-id=\"316b194\" data-element_type=\"widget\" data-widget_type=\"heading.default\">\n\t\t\t\t<div class=\"elementor-widget-container\">\n\t\t\t\t\t<h1 class=\"elementor-heading-title elementor-size-default\">Nochebuena - 24.12<\/h1>\t\t\t\t<\/div>\n\t\t\t\t<\/div>\n\t\t\t\t<div class=\"elementor-element elementor-element-dd27aad elementor-widget elementor-widget-text-editor\" data-id=\"dd27aad\" data-element_type=\"widget\" data-widget_type=\"text-editor.default\">\n\t\t\t\t<div class=\"elementor-widget-container\">\n\t\t\t\t\t\t\t\t\t<p>La <b><em>Nochebuena<\/em><\/b> no es un d\u00eda festivo oficial en Espa\u00f1a.<\/p>\n\t\t\t\t\t\t\t\t<\/div>\n\t\t\t\t<\/div>\n\t\t\t\t\t<\/div>\n\t\t<\/div>\n\t\t\t\t<div class=\"elementor-column elementor-col-50 elementor-top-column elementor-element elementor-element-e7a8876\" data-id=\"e7a8876\" data-element_type=\"column\">\n\t\t\t<div class=\"elementor-widget-wrap\">\n\t\t\t\t\t\t\t<\/div>\n\t\t<\/div>\n\t\t\t\t\t<\/div>\n\t\t<\/section>\n\t\t<div class=\"elementor-element elementor-element-7401217 e-grid e-con-boxed e-con e-parent\" data-id=\"7401217\" data-element_type=\"container\">\n\t\t\t\t\t<div class=\"e-con-inner\">\n\t\t<div class=\"elementor-element elementor-element-76f1a8f e-flex e-con-boxed e-con e-child\" data-id=\"76f1a8f\" data-element_type=\"container\">\n\t\t\t\t\t<div class=\"e-con-inner\">\n\t\t\t\t<div class=\"elementor-element elementor-element-dd4af4e elementor-widget elementor-widget-heading\" data-id=\"dd4af4e\" data-element_type=\"widget\" data-widget_type=\"heading.default\">\n\t\t\t\t<div class=\"elementor-widget-container\">\n\t\t\t\t\t<h2 class=\"elementor-heading-title elementor-size-default\">Nochebuena<\/h2>\t\t\t\t<\/div>\n\t\t\t\t<\/div>\n\t\t\t\t<div class=\"elementor-element elementor-element-9f76b9b elementor-widget elementor-widget-text-editor\" data-id=\"9f76b9b\" data-element_type=\"widget\" data-widget_type=\"text-editor.default\">\n\t\t\t\t<div class=\"elementor-widget-container\">\n\t\t\t\t\t\t\t\t\t<p>En Espa\u00f1a, la Navidad es una celebraci\u00f3n especialmente significativa y suele celebrarse con seres queridos, familiares o amigos. La Navidad en Espa\u00f1a est\u00e1 llena de alegr\u00eda (y sonido), comunidad y comida deliciosa. En comparaci\u00f3n con la sobria Navidad finlandesa, la Navidad espa\u00f1ola es una celebraci\u00f3n alegre y feliz.  <\/p>\n<p>La celebraci\u00f3n navide\u00f1a suele comenzar alrededor del 22 de diciembre y contin\u00faa hasta la Epifan\u00eda, que es el 6 de enero.   <\/p>\n<p>En la <i><b>Nochebuena<\/b><\/i> en Espa\u00f1a, las familias se re\u00fanen con familiares y amigos para celebrar. Tras el discurso navide\u00f1o del Rey a las 21 horas, comenzar\u00e1 una larga y deliciosa cena con platos tradicionales y delicias navide\u00f1as. M\u00e1s tarde por la noche, los j\u00f3venes y adultos j\u00f3venes podr\u00e1n ir a la ciudad en busca de \u00abextensiones\u00bb para divertirse y bailar hasta altas horas de la madrugada.    <\/p>\n<p>Celebrar la Navidad en Espa\u00f1a tiene muchas tradiciones y costumbres, y pueden variar de una regi\u00f3n a otra. Aqu\u00ed hay algunas formas comunes de celebrar la Navidad en Espa\u00f1a: <\/p>\n<p><b>Vacaciones de Navidad<\/b>: En Espa\u00f1a el inicio oficial de la temporada navide\u00f1a es el 22 de diciembre, y este d\u00eda se denomina d\u00eda de \u00ab<i>El Gordo<\/i>\u00ab, cuando se celebra el popular y gran sorteo de la \u00abloter\u00eda de Navidad\u00bb. <\/p>\n<p><b>En \u00e9poca navide\u00f1a en iglesias y teatros<\/b>: en las iglesias se organizan ferias y eventos navide\u00f1os. Muchas familias participan en la misa vespertina de Nochebuena, conocida como \u00ab<i>Misa del Gallo<\/i>\u00bb o \u00abFeria del Gallo\u00bb. Esta feria es una parte importante de la celebraci\u00f3n navide\u00f1a.  <\/p>\n<p>Los teatros ofrecen espect\u00e1culos con ambiente navide\u00f1o durante el per\u00edodo navide\u00f1o, por ejemplo, en el Teatro Cervantes de M\u00e1laga se representa el popular ballet El Cascanueces. <\/p>\n<p><b>Comidas navide\u00f1as<\/b>: los espa\u00f1oles disfrutan de muchas comidas tradicionales navide\u00f1as, como el jam\u00f3n serrano, mariscos, tapas variadas, paella y diversos dulces como el turr\u00f3n y el turr\u00f3n de almendras.<\/p>\n<p><b>Eventos navide\u00f1os<\/b>: en muchas zonas se organizan varios mercados navide\u00f1os, conciertos y otros eventos para celebrar la temporada navide\u00f1a. Muchas ciudades tambi\u00e9n est\u00e1n bellamente decoradas con luces y adornos navide\u00f1os. <\/p>\n<p><b>Iluminaci\u00f3n navide\u00f1a de la ciudad<\/b>: muchas ciudades est\u00e1n bellamente decoradas con luces y adornos navide\u00f1os, creando un ambiente encantador y festivo en todas partes. Por ejemplo, merece la pena ver las luces navide\u00f1as de la ciudad de M\u00e1laga con sus efectos sonoros.  <\/p>\n<p><b>El bel\u00e9n<\/b>: Muchas familias espa\u00f1olas crean un bel\u00e9n, o cuadro navide\u00f1o, en su casa, que representa la escena del nacimiento de Jes\u00fas. Estas im\u00e1genes navide\u00f1as tambi\u00e9n se pueden ver en muchas iglesias y lugares p\u00fablicos, p. Normalmente los ayuntamientos tienen el suyo propio.  <\/p>\n<p><b>En lugar de un \u00e1rbol de Navidad<\/b>: Muchos hogares espa\u00f1oles no tienen un \u00e1rbol de Navidad tradicional, sino que las casas suelen estar decoradas con mu\u00e9rdago, cintas rojas y amarillas y diversos elementos decorativos. Casi todos los hogares tienen una Bel\u00e9n de alg\u00fan tama\u00f1o. <\/p>\n<p>El <b>d\u00eda de Navidad<\/b> (el \u00fanico d\u00eda festivo real) es un momento en el que las familias y parientes se re\u00fanen y pasan un rato tranquilo entre ellos. Las familias pueden intercambiar regalos y disfrutar pasando tiempo juntas. Sin embargo, los regalos normalmente s\u00f3lo se reciben en la epifan\u00eda de los <b>Reyes Magos de Oriente<\/b>.   <\/p>\n\t\t\t\t\t\t\t\t<\/div>\n\t\t\t\t<\/div>\n\t\t\t\t\t<\/div>\n\t\t\t\t<\/div>\n\t\t<div class=\"elementor-element elementor-element-6d42240 e-flex e-con-boxed e-con e-child\" data-id=\"6d42240\" data-element_type=\"container\">\n\t\t\t\t\t<div class=\"e-con-inner\">\n\t\t\t\t\t<\/div>\n\t\t\t\t<\/div>\n\t\t\t\t\t<\/div>\n\t\t\t\t<\/div>\n\t\t\t\t<\/div>\n\t\t","protected":false},"excerpt":{"rendered":"<p>Nochebuena &#8211; 24.12 La Nochebuena no es un d\u00eda festivo oficial en Espa\u00f1a. Nochebuena En Espa\u00f1a, la Navidad es una celebraci\u00f3n especialmente significativa y suele celebrarse con seres queridos, familiares o amigos. La Navidad en Espa\u00f1a est\u00e1 llena de alegr\u00eda (y sonido), comunidad y comida deliciosa. En comparaci\u00f3n con la sobria Navidad finlandesa, la Navidad [&hellip;]<\/p>\n","protected":false},"author":1,"featured_media":0,"parent":1360,"menu_order":0,"comment_status":"closed","ping_status":"closed","template":"","meta":{"footnotes":""},"class_list":["post-4664","page","type-page","status-publish","hentry"],"yoast_head":"<!-- This site is optimized with the Yoast SEO plugin v27.5 - https:\/\/yoast.com\/product\/yoast-seo-wordpress\/ -->\n<title>Nochebuena - Rantakyla<\/title>\n<meta name=\"robots\" content=\"index, follow, max-snippet:-1, max-image-preview:large, max-video-preview:-1\" \/>\n<link rel=\"canonical\" href=\"https:\/\/rantakyla.com\/es\/dias-festivos-y-vacaciones\/nochebuena\/\" \/>\n<meta property=\"og:locale\" content=\"es_ES\" \/>\n<meta property=\"og:type\" content=\"article\" \/>\n<meta property=\"og:title\" content=\"Nochebuena - Rantakyla\" \/>\n<meta property=\"og:description\" content=\"Nochebuena &#8211; 24.12 La Nochebuena no es un d\u00eda festivo oficial en Espa\u00f1a. Nochebuena En Espa\u00f1a, la Navidad es una celebraci\u00f3n especialmente significativa y suele celebrarse con seres queridos, familiares o amigos. La Navidad en Espa\u00f1a est\u00e1 llena de alegr\u00eda (y sonido), comunidad y comida deliciosa. En comparaci\u00f3n con la sobria Navidad finlandesa, la Navidad [&hellip;]\" \/>\n<meta property=\"og:url\" content=\"https:\/\/rantakyla.com\/es\/dias-festivos-y-vacaciones\/nochebuena\/\" \/>\n<meta property=\"og:site_name\" content=\"Rantakyla\" \/>\n<meta property=\"article:publisher\" content=\"https:\/\/www.facebook.com\/RantakylaGroup\/\" \/>\n<meta property=\"article:modified_time\" content=\"2024-08-30T10:27:02+00:00\" \/>\n<meta name=\"twitter:card\" content=\"summary_large_image\" \/>\n<meta name=\"twitter:label1\" content=\"Tiempo de lectura\" \/>\n\t<meta name=\"twitter:data1\" content=\"3 minutos\" \/>\n<script type=\"application\/ld+json\" class=\"yoast-schema-graph\">{\"@context\":\"https:\\\/\\\/schema.org\",\"@graph\":[{\"@type\":\"WebPage\",\"@id\":\"https:\\\/\\\/rantakyla.com\\\/es\\\/dias-festivos-y-vacaciones\\\/nochebuena\\\/\",\"url\":\"https:\\\/\\\/rantakyla.com\\\/es\\\/dias-festivos-y-vacaciones\\\/nochebuena\\\/\",\"name\":\"Nochebuena - Rantakyla\",\"isPartOf\":{\"@id\":\"https:\\\/\\\/rantakyla.com\\\/#website\"},\"datePublished\":\"2023-11-22T08:33:53+00:00\",\"dateModified\":\"2024-08-30T10:27:02+00:00\",\"breadcrumb\":{\"@id\":\"https:\\\/\\\/rantakyla.com\\\/es\\\/dias-festivos-y-vacaciones\\\/nochebuena\\\/#breadcrumb\"},\"inLanguage\":\"es\",\"potentialAction\":[{\"@type\":\"ReadAction\",\"target\":[\"https:\\\/\\\/rantakyla.com\\\/es\\\/dias-festivos-y-vacaciones\\\/nochebuena\\\/\"]}]},{\"@type\":\"BreadcrumbList\",\"@id\":\"https:\\\/\\\/rantakyla.com\\\/es\\\/dias-festivos-y-vacaciones\\\/nochebuena\\\/#breadcrumb\",\"itemListElement\":[{\"@type\":\"ListItem\",\"position\":1,\"name\":\"Portada\",\"item\":\"https:\\\/\\\/rantakyla.com\\\/\"},{\"@type\":\"ListItem\",\"position\":2,\"name\":\"D\u00edas festivos y vacaciones\",\"item\":\"https:\\\/\\\/rantakyla.com\\\/es\\\/dias-festivos-y-vacaciones\\\/\"},{\"@type\":\"ListItem\",\"position\":3,\"name\":\"Nochebuena\"}]},{\"@type\":\"WebSite\",\"@id\":\"https:\\\/\\\/rantakyla.com\\\/#website\",\"url\":\"https:\\\/\\\/rantakyla.com\\\/\",\"name\":\"Rantakyla Group\",\"description\":\"Vuokra-asunnot Espanja\",\"publisher\":{\"@id\":\"https:\\\/\\\/rantakyla.com\\\/#organization\"},\"potentialAction\":[{\"@type\":\"SearchAction\",\"target\":{\"@type\":\"EntryPoint\",\"urlTemplate\":\"https:\\\/\\\/rantakyla.com\\\/?s={search_term_string}\"},\"query-input\":{\"@type\":\"PropertyValueSpecification\",\"valueRequired\":true,\"valueName\":\"search_term_string\"}}],\"inLanguage\":\"es\"},{\"@type\":\"Organization\",\"@id\":\"https:\\\/\\\/rantakyla.com\\\/#organization\",\"name\":\"Rantakyla Group\",\"url\":\"https:\\\/\\\/rantakyla.com\\\/\",\"logo\":{\"@type\":\"ImageObject\",\"inLanguage\":\"es\",\"@id\":\"https:\\\/\\\/rantakyla.com\\\/#\\\/schema\\\/logo\\\/image\\\/\",\"url\":\"https:\\\/\\\/rantakyla.com\\\/wp-content\\\/uploads\\\/2023\\\/03\\\/rantakyla-logo-azul.png\",\"contentUrl\":\"https:\\\/\\\/rantakyla.com\\\/wp-content\\\/uploads\\\/2023\\\/03\\\/rantakyla-logo-azul.png\",\"width\":974,\"height\":547,\"caption\":\"Rantakyla Group\"},\"image\":{\"@id\":\"https:\\\/\\\/rantakyla.com\\\/#\\\/schema\\\/logo\\\/image\\\/\"},\"sameAs\":[\"https:\\\/\\\/www.facebook.com\\\/RantakylaGroup\\\/\"]}]}<\/script>\n<!-- \/ Yoast SEO plugin. -->","yoast_head_json":{"title":"Nochebuena - Rantakyla","robots":{"index":"index","follow":"follow","max-snippet":"max-snippet:-1","max-image-preview":"max-image-preview:large","max-video-preview":"max-video-preview:-1"},"canonical":"https:\/\/rantakyla.com\/es\/dias-festivos-y-vacaciones\/nochebuena\/","og_locale":"es_ES","og_type":"article","og_title":"Nochebuena - Rantakyla","og_description":"Nochebuena &#8211; 24.12 La Nochebuena no es un d\u00eda festivo oficial en Espa\u00f1a. Nochebuena En Espa\u00f1a, la Navidad es una celebraci\u00f3n especialmente significativa y suele celebrarse con seres queridos, familiares o amigos. La Navidad en Espa\u00f1a est\u00e1 llena de alegr\u00eda (y sonido), comunidad y comida deliciosa. En comparaci\u00f3n con la sobria Navidad finlandesa, la Navidad [&hellip;]","og_url":"https:\/\/rantakyla.com\/es\/dias-festivos-y-vacaciones\/nochebuena\/","og_site_name":"Rantakyla","article_publisher":"https:\/\/www.facebook.com\/RantakylaGroup\/","article_modified_time":"2024-08-30T10:27:02+00:00","twitter_card":"summary_large_image","twitter_misc":{"Tiempo de lectura":"3 minutos"},"schema":{"@context":"https:\/\/schema.org","@graph":[{"@type":"WebPage","@id":"https:\/\/rantakyla.com\/es\/dias-festivos-y-vacaciones\/nochebuena\/","url":"https:\/\/rantakyla.com\/es\/dias-festivos-y-vacaciones\/nochebuena\/","name":"Nochebuena - Rantakyla","isPartOf":{"@id":"https:\/\/rantakyla.com\/#website"},"datePublished":"2023-11-22T08:33:53+00:00","dateModified":"2024-08-30T10:27:02+00:00","breadcrumb":{"@id":"https:\/\/rantakyla.com\/es\/dias-festivos-y-vacaciones\/nochebuena\/#breadcrumb"},"inLanguage":"es","potentialAction":[{"@type":"ReadAction","target":["https:\/\/rantakyla.com\/es\/dias-festivos-y-vacaciones\/nochebuena\/"]}]},{"@type":"BreadcrumbList","@id":"https:\/\/rantakyla.com\/es\/dias-festivos-y-vacaciones\/nochebuena\/#breadcrumb","itemListElement":[{"@type":"ListItem","position":1,"name":"Portada","item":"https:\/\/rantakyla.com\/"},{"@type":"ListItem","position":2,"name":"D\u00edas festivos y vacaciones","item":"https:\/\/rantakyla.com\/es\/dias-festivos-y-vacaciones\/"},{"@type":"ListItem","position":3,"name":"Nochebuena"}]},{"@type":"WebSite","@id":"https:\/\/rantakyla.com\/#website","url":"https:\/\/rantakyla.com\/","name":"Rantakyla Group","description":"Vuokra-asunnot Espanja","publisher":{"@id":"https:\/\/rantakyla.com\/#organization"},"potentialAction":[{"@type":"SearchAction","target":{"@type":"EntryPoint","urlTemplate":"https:\/\/rantakyla.com\/?s={search_term_string}"},"query-input":{"@type":"PropertyValueSpecification","valueRequired":true,"valueName":"search_term_string"}}],"inLanguage":"es"},{"@type":"Organization","@id":"https:\/\/rantakyla.com\/#organization","name":"Rantakyla Group","url":"https:\/\/rantakyla.com\/","logo":{"@type":"ImageObject","inLanguage":"es","@id":"https:\/\/rantakyla.com\/#\/schema\/logo\/image\/","url":"https:\/\/rantakyla.com\/wp-content\/uploads\/2023\/03\/rantakyla-logo-azul.png","contentUrl":"https:\/\/rantakyla.com\/wp-content\/uploads\/2023\/03\/rantakyla-logo-azul.png","width":974,"height":547,"caption":"Rantakyla Group"},"image":{"@id":"https:\/\/rantakyla.com\/#\/schema\/logo\/image\/"},"sameAs":["https:\/\/www.facebook.com\/RantakylaGroup\/"]}]}},"_links":{"self":[{"href":"https:\/\/rantakyla.com\/es\/wp-json\/wp\/v2\/pages\/4664","targetHints":{"allow":["GET"]}}],"collection":[{"href":"https:\/\/rantakyla.com\/es\/wp-json\/wp\/v2\/pages"}],"about":[{"href":"https:\/\/rantakyla.com\/es\/wp-json\/wp\/v2\/types\/page"}],"author":[{"embeddable":true,"href":"https:\/\/rantakyla.com\/es\/wp-json\/wp\/v2\/users\/1"}],"replies":[{"embeddable":true,"href":"https:\/\/rantakyla.com\/es\/wp-json\/wp\/v2\/comments?post=4664"}],"version-history":[{"count":3,"href":"https:\/\/rantakyla.com\/es\/wp-json\/wp\/v2\/pages\/4664\/revisions"}],"predecessor-version":[{"id":5083,"href":"https:\/\/rantakyla.com\/es\/wp-json\/wp\/v2\/pages\/4664\/revisions\/5083"}],"up":[{"embeddable":true,"href":"https:\/\/rantakyla.com\/es\/wp-json\/wp\/v2\/pages\/1360"}],"wp:attachment":[{"href":"https:\/\/rantakyla.com\/es\/wp-json\/wp\/v2\/media?parent=4664"}],"curies":[{"name":"wp","href":"https:\/\/api.w.org\/{rel}","templated":true}]}}