{"id":4470,"date":"2023-11-19T13:24:27","date_gmt":"2023-11-19T12:24:27","guid":{"rendered":"https:\/\/rantakyla.com\/?page_id=4470"},"modified":"2024-08-30T12:27:02","modified_gmt":"2024-08-30T10:27:02","slug":"pentecostes","status":"publish","type":"page","link":"https:\/\/rantakyla.com\/es\/dias-festivos-y-vacaciones\/pentecostes\/","title":{"rendered":"Pentecost\u00e9s"},"content":{"rendered":"\t\t<div data-elementor-type=\"wp-page\" data-elementor-id=\"4470\" class=\"elementor elementor-4470 elementor-4469\" data-elementor-post-type=\"page\">\n\t\t\t\t\t\t<section class=\"elementor-section elementor-top-section elementor-element elementor-element-267e2fa elementor-section-height-min-height elementor-section-boxed elementor-section-height-default elementor-section-items-middle\" data-id=\"267e2fa\" data-element_type=\"section\" data-settings=\"{&quot;background_background&quot;:&quot;classic&quot;}\">\n\t\t\t\t\t\t\t<div class=\"elementor-background-overlay\"><\/div>\n\t\t\t\t\t\t\t<div class=\"elementor-container elementor-column-gap-default\">\n\t\t\t\t\t<div class=\"elementor-column elementor-col-50 elementor-top-column elementor-element elementor-element-a1accb4\" data-id=\"a1accb4\" data-element_type=\"column\" data-settings=\"{&quot;background_background&quot;:&quot;classic&quot;}\">\n\t\t\t<div class=\"elementor-widget-wrap elementor-element-populated\">\n\t\t\t\t\t\t<div class=\"elementor-element elementor-element-316b194 elementor-widget elementor-widget-heading\" data-id=\"316b194\" data-element_type=\"widget\" data-widget_type=\"heading.default\">\n\t\t\t\t<div class=\"elementor-widget-container\">\n\t\t\t\t\t<h1 class=\"elementor-heading-title elementor-size-default\">Pentecost\u00e9s<\/h1>\t\t\t\t<\/div>\n\t\t\t\t<\/div>\n\t\t\t\t<div class=\"elementor-element elementor-element-dd27aad elementor-widget elementor-widget-text-editor\" data-id=\"dd27aad\" data-element_type=\"widget\" data-widget_type=\"text-editor.default\">\n\t\t\t\t<div class=\"elementor-widget-container\">\n\t\t\t\t\t\t\t\t\t<p><strong>Pentecost\u00e9s<\/strong> es una fiesta religiosa que se celebra siete domingos despu\u00e9s de Pascua.<\/p>\n\t\t\t\t\t\t\t\t<\/div>\n\t\t\t\t<\/div>\n\t\t\t\t\t<\/div>\n\t\t<\/div>\n\t\t\t\t<div class=\"elementor-column elementor-col-50 elementor-top-column elementor-element elementor-element-e7a8876\" data-id=\"e7a8876\" data-element_type=\"column\">\n\t\t\t<div class=\"elementor-widget-wrap\">\n\t\t\t\t\t\t\t<\/div>\n\t\t<\/div>\n\t\t\t\t\t<\/div>\n\t\t<\/section>\n\t\t<div class=\"elementor-element elementor-element-7401217 e-grid e-con-boxed e-con e-parent\" data-id=\"7401217\" data-element_type=\"container\">\n\t\t\t\t\t<div class=\"e-con-inner\">\n\t\t<div class=\"elementor-element elementor-element-76f1a8f e-flex e-con-boxed e-con e-child\" data-id=\"76f1a8f\" data-element_type=\"container\">\n\t\t\t\t\t<div class=\"e-con-inner\">\n\t\t\t\t<div class=\"elementor-element elementor-element-dd4af4e elementor-widget elementor-widget-heading\" data-id=\"dd4af4e\" data-element_type=\"widget\" data-widget_type=\"heading.default\">\n\t\t\t\t<div class=\"elementor-widget-container\">\n\t\t\t\t\t<h2 class=\"elementor-heading-title elementor-size-default\">Pentecost\u00e9s<\/h2>\t\t\t\t<\/div>\n\t\t\t\t<\/div>\n\t\t\t\t<div class=\"elementor-element elementor-element-30b4f5a elementor-widget elementor-widget-text-editor\" data-id=\"30b4f5a\" data-element_type=\"widget\" data-widget_type=\"text-editor.default\">\n\t\t\t\t<div class=\"elementor-widget-container\">\n\t\t\t\t\t\t\t\t\t<p>Pentecost\u00e9s es una fiesta cristiana dedicada al derramamiento del Esp\u00edritu Santo.<\/p>\n<p>Pentecost\u00e9s es la tercera fiesta m\u00e1s importante de la cristiandad despu\u00e9s de Pascua y Navidad. Las iglesias organizan servicios especiales que enfatizan la importancia del Esp\u00edritu Santo y su influencia en la vida de los cristianos.<\/p>\n<p>Sin embargo, Pentecost\u00e9s es principalmente tambi\u00e9n una oportunidad para que muchas familias pasen tiempo juntas.<\/p>\n\t\t\t\t\t\t\t\t<\/div>\n\t\t\t\t<\/div>\n\t\t\t\t\t<\/div>\n\t\t\t\t<\/div>\n\t\t<div class=\"elementor-element elementor-element-6d42240 e-flex e-con-boxed e-con e-child\" data-id=\"6d42240\" data-element_type=\"container\">\n\t\t\t\t\t<div class=\"e-con-inner\">\n\t\t\t\t\t<\/div>\n\t\t\t\t<\/div>\n\t\t\t\t\t<\/div>\n\t\t\t\t<\/div>\n\t\t\t\t<\/div>\n\t\t","protected":false},"excerpt":{"rendered":"<p>Pentecost\u00e9s Pentecost\u00e9s es una fiesta religiosa que se celebra siete domingos despu\u00e9s de Pascua. Pentecost\u00e9s Pentecost\u00e9s es una fiesta cristiana dedicada al derramamiento del Esp\u00edritu Santo. Pentecost\u00e9s es la tercera fiesta m\u00e1s importante de la cristiandad despu\u00e9s de Pascua y Navidad. Las iglesias organizan servicios especiales que enfatizan la importancia del Esp\u00edritu Santo y su [&hellip;]<\/p>\n","protected":false},"author":1,"featured_media":0,"parent":1360,"menu_order":0,"comment_status":"closed","ping_status":"closed","template":"","meta":{"footnotes":""},"class_list":["post-4470","page","type-page","status-publish","hentry"],"yoast_head":"<!-- This site is optimized with the Yoast SEO plugin v27.5 - https:\/\/yoast.com\/product\/yoast-seo-wordpress\/ -->\n<title>Pentecost\u00e9s - Rantakyla<\/title>\n<meta name=\"robots\" content=\"index, follow, max-snippet:-1, max-image-preview:large, max-video-preview:-1\" \/>\n<link rel=\"canonical\" href=\"https:\/\/rantakyla.com\/es\/dias-festivos-y-vacaciones\/pentecostes\/\" \/>\n<meta property=\"og:locale\" content=\"es_ES\" \/>\n<meta property=\"og:type\" content=\"article\" \/>\n<meta property=\"og:title\" content=\"Pentecost\u00e9s - Rantakyla\" \/>\n<meta property=\"og:description\" content=\"Pentecost\u00e9s Pentecost\u00e9s es una fiesta religiosa que se celebra siete domingos despu\u00e9s de Pascua. Pentecost\u00e9s Pentecost\u00e9s es una fiesta cristiana dedicada al derramamiento del Esp\u00edritu Santo. Pentecost\u00e9s es la tercera fiesta m\u00e1s importante de la cristiandad despu\u00e9s de Pascua y Navidad. Las iglesias organizan servicios especiales que enfatizan la importancia del Esp\u00edritu Santo y su [&hellip;]\" \/>\n<meta property=\"og:url\" content=\"https:\/\/rantakyla.com\/es\/dias-festivos-y-vacaciones\/pentecostes\/\" \/>\n<meta property=\"og:site_name\" content=\"Rantakyla\" \/>\n<meta property=\"article:publisher\" content=\"https:\/\/www.facebook.com\/RantakylaGroup\/\" \/>\n<meta property=\"article:modified_time\" content=\"2024-08-30T10:27:02+00:00\" \/>\n<meta name=\"twitter:card\" content=\"summary_large_image\" \/>\n<script type=\"application\/ld+json\" class=\"yoast-schema-graph\">{\"@context\":\"https:\\\/\\\/schema.org\",\"@graph\":[{\"@type\":\"WebPage\",\"@id\":\"https:\\\/\\\/rantakyla.com\\\/es\\\/dias-festivos-y-vacaciones\\\/pentecostes\\\/\",\"url\":\"https:\\\/\\\/rantakyla.com\\\/es\\\/dias-festivos-y-vacaciones\\\/pentecostes\\\/\",\"name\":\"Pentecost\u00e9s - Rantakyla\",\"isPartOf\":{\"@id\":\"https:\\\/\\\/rantakyla.com\\\/#website\"},\"datePublished\":\"2023-11-19T12:24:27+00:00\",\"dateModified\":\"2024-08-30T10:27:02+00:00\",\"breadcrumb\":{\"@id\":\"https:\\\/\\\/rantakyla.com\\\/es\\\/dias-festivos-y-vacaciones\\\/pentecostes\\\/#breadcrumb\"},\"inLanguage\":\"es\",\"potentialAction\":[{\"@type\":\"ReadAction\",\"target\":[\"https:\\\/\\\/rantakyla.com\\\/es\\\/dias-festivos-y-vacaciones\\\/pentecostes\\\/\"]}]},{\"@type\":\"BreadcrumbList\",\"@id\":\"https:\\\/\\\/rantakyla.com\\\/es\\\/dias-festivos-y-vacaciones\\\/pentecostes\\\/#breadcrumb\",\"itemListElement\":[{\"@type\":\"ListItem\",\"position\":1,\"name\":\"Portada\",\"item\":\"https:\\\/\\\/rantakyla.com\\\/\"},{\"@type\":\"ListItem\",\"position\":2,\"name\":\"D\u00edas festivos y vacaciones\",\"item\":\"https:\\\/\\\/rantakyla.com\\\/es\\\/dias-festivos-y-vacaciones\\\/\"},{\"@type\":\"ListItem\",\"position\":3,\"name\":\"Pentecost\u00e9s\"}]},{\"@type\":\"WebSite\",\"@id\":\"https:\\\/\\\/rantakyla.com\\\/#website\",\"url\":\"https:\\\/\\\/rantakyla.com\\\/\",\"name\":\"Rantakyla Group\",\"description\":\"Vuokra-asunnot Espanja\",\"publisher\":{\"@id\":\"https:\\\/\\\/rantakyla.com\\\/#organization\"},\"potentialAction\":[{\"@type\":\"SearchAction\",\"target\":{\"@type\":\"EntryPoint\",\"urlTemplate\":\"https:\\\/\\\/rantakyla.com\\\/?s={search_term_string}\"},\"query-input\":{\"@type\":\"PropertyValueSpecification\",\"valueRequired\":true,\"valueName\":\"search_term_string\"}}],\"inLanguage\":\"es\"},{\"@type\":\"Organization\",\"@id\":\"https:\\\/\\\/rantakyla.com\\\/#organization\",\"name\":\"Rantakyla Group\",\"url\":\"https:\\\/\\\/rantakyla.com\\\/\",\"logo\":{\"@type\":\"ImageObject\",\"inLanguage\":\"es\",\"@id\":\"https:\\\/\\\/rantakyla.com\\\/#\\\/schema\\\/logo\\\/image\\\/\",\"url\":\"https:\\\/\\\/rantakyla.com\\\/wp-content\\\/uploads\\\/2023\\\/03\\\/rantakyla-logo-azul.png\",\"contentUrl\":\"https:\\\/\\\/rantakyla.com\\\/wp-content\\\/uploads\\\/2023\\\/03\\\/rantakyla-logo-azul.png\",\"width\":974,\"height\":547,\"caption\":\"Rantakyla Group\"},\"image\":{\"@id\":\"https:\\\/\\\/rantakyla.com\\\/#\\\/schema\\\/logo\\\/image\\\/\"},\"sameAs\":[\"https:\\\/\\\/www.facebook.com\\\/RantakylaGroup\\\/\"]}]}<\/script>\n<!-- \/ Yoast SEO plugin. -->","yoast_head_json":{"title":"Pentecost\u00e9s - Rantakyla","robots":{"index":"index","follow":"follow","max-snippet":"max-snippet:-1","max-image-preview":"max-image-preview:large","max-video-preview":"max-video-preview:-1"},"canonical":"https:\/\/rantakyla.com\/es\/dias-festivos-y-vacaciones\/pentecostes\/","og_locale":"es_ES","og_type":"article","og_title":"Pentecost\u00e9s - Rantakyla","og_description":"Pentecost\u00e9s Pentecost\u00e9s es una fiesta religiosa que se celebra siete domingos despu\u00e9s de Pascua. Pentecost\u00e9s Pentecost\u00e9s es una fiesta cristiana dedicada al derramamiento del Esp\u00edritu Santo. Pentecost\u00e9s es la tercera fiesta m\u00e1s importante de la cristiandad despu\u00e9s de Pascua y Navidad. Las iglesias organizan servicios especiales que enfatizan la importancia del Esp\u00edritu Santo y su [&hellip;]","og_url":"https:\/\/rantakyla.com\/es\/dias-festivos-y-vacaciones\/pentecostes\/","og_site_name":"Rantakyla","article_publisher":"https:\/\/www.facebook.com\/RantakylaGroup\/","article_modified_time":"2024-08-30T10:27:02+00:00","twitter_card":"summary_large_image","schema":{"@context":"https:\/\/schema.org","@graph":[{"@type":"WebPage","@id":"https:\/\/rantakyla.com\/es\/dias-festivos-y-vacaciones\/pentecostes\/","url":"https:\/\/rantakyla.com\/es\/dias-festivos-y-vacaciones\/pentecostes\/","name":"Pentecost\u00e9s - Rantakyla","isPartOf":{"@id":"https:\/\/rantakyla.com\/#website"},"datePublished":"2023-11-19T12:24:27+00:00","dateModified":"2024-08-30T10:27:02+00:00","breadcrumb":{"@id":"https:\/\/rantakyla.com\/es\/dias-festivos-y-vacaciones\/pentecostes\/#breadcrumb"},"inLanguage":"es","potentialAction":[{"@type":"ReadAction","target":["https:\/\/rantakyla.com\/es\/dias-festivos-y-vacaciones\/pentecostes\/"]}]},{"@type":"BreadcrumbList","@id":"https:\/\/rantakyla.com\/es\/dias-festivos-y-vacaciones\/pentecostes\/#breadcrumb","itemListElement":[{"@type":"ListItem","position":1,"name":"Portada","item":"https:\/\/rantakyla.com\/"},{"@type":"ListItem","position":2,"name":"D\u00edas festivos y vacaciones","item":"https:\/\/rantakyla.com\/es\/dias-festivos-y-vacaciones\/"},{"@type":"ListItem","position":3,"name":"Pentecost\u00e9s"}]},{"@type":"WebSite","@id":"https:\/\/rantakyla.com\/#website","url":"https:\/\/rantakyla.com\/","name":"Rantakyla Group","description":"Vuokra-asunnot Espanja","publisher":{"@id":"https:\/\/rantakyla.com\/#organization"},"potentialAction":[{"@type":"SearchAction","target":{"@type":"EntryPoint","urlTemplate":"https:\/\/rantakyla.com\/?s={search_term_string}"},"query-input":{"@type":"PropertyValueSpecification","valueRequired":true,"valueName":"search_term_string"}}],"inLanguage":"es"},{"@type":"Organization","@id":"https:\/\/rantakyla.com\/#organization","name":"Rantakyla Group","url":"https:\/\/rantakyla.com\/","logo":{"@type":"ImageObject","inLanguage":"es","@id":"https:\/\/rantakyla.com\/#\/schema\/logo\/image\/","url":"https:\/\/rantakyla.com\/wp-content\/uploads\/2023\/03\/rantakyla-logo-azul.png","contentUrl":"https:\/\/rantakyla.com\/wp-content\/uploads\/2023\/03\/rantakyla-logo-azul.png","width":974,"height":547,"caption":"Rantakyla Group"},"image":{"@id":"https:\/\/rantakyla.com\/#\/schema\/logo\/image\/"},"sameAs":["https:\/\/www.facebook.com\/RantakylaGroup\/"]}]}},"_links":{"self":[{"href":"https:\/\/rantakyla.com\/es\/wp-json\/wp\/v2\/pages\/4470","targetHints":{"allow":["GET"]}}],"collection":[{"href":"https:\/\/rantakyla.com\/es\/wp-json\/wp\/v2\/pages"}],"about":[{"href":"https:\/\/rantakyla.com\/es\/wp-json\/wp\/v2\/types\/page"}],"author":[{"embeddable":true,"href":"https:\/\/rantakyla.com\/es\/wp-json\/wp\/v2\/users\/1"}],"replies":[{"embeddable":true,"href":"https:\/\/rantakyla.com\/es\/wp-json\/wp\/v2\/comments?post=4470"}],"version-history":[{"count":3,"href":"https:\/\/rantakyla.com\/es\/wp-json\/wp\/v2\/pages\/4470\/revisions"}],"predecessor-version":[{"id":5087,"href":"https:\/\/rantakyla.com\/es\/wp-json\/wp\/v2\/pages\/4470\/revisions\/5087"}],"up":[{"embeddable":true,"href":"https:\/\/rantakyla.com\/es\/wp-json\/wp\/v2\/pages\/1360"}],"wp:attachment":[{"href":"https:\/\/rantakyla.com\/es\/wp-json\/wp\/v2\/media?parent=4470"}],"curies":[{"name":"wp","href":"https:\/\/api.w.org\/{rel}","templated":true}]}}