{"id":2537,"date":"2023-10-13T16:42:07","date_gmt":"2023-10-13T14:42:07","guid":{"rendered":"https:\/\/new.rantakyla.com\/?page_id=2537"},"modified":"2024-08-30T12:28:50","modified_gmt":"2024-08-30T10:28:50","slug":"apartamentos-hotel","status":"publish","type":"page","link":"https:\/\/rantakyla.com\/es\/apartamentos-hotel\/","title":{"rendered":"Apartamentos-Hotel"},"content":{"rendered":"\t\t<div data-elementor-type=\"wp-page\" data-elementor-id=\"2537\" class=\"elementor elementor-2537 elementor-2536\" data-elementor-post-type=\"page\">\n\t\t\t\t<div class=\"elementor-element elementor-element-dcec722 e-flex e-con-boxed e-con e-parent\" data-id=\"dcec722\" data-element_type=\"container\">\n\t\t\t\t\t<div class=\"e-con-inner\">\n\t\t\t\t<div class=\"elementor-element elementor-element-55d27fd elementor-widget elementor-widget-heading\" data-id=\"55d27fd\" data-element_type=\"widget\" data-widget_type=\"heading.default\">\n\t\t\t\t<div class=\"elementor-widget-container\">\n\t\t\t\t\t<h2 class=\"elementor-heading-title elementor-size-default\">Apartahoteles - a precio mensual<\/h2>\t\t\t\t<\/div>\n\t\t\t\t<\/div>\n\t\t\t\t<div class=\"elementor-element elementor-element-5cc6700 elementor-widget elementor-widget-text-editor\" data-id=\"5cc6700\" data-element_type=\"widget\" data-widget_type=\"text-editor.default\">\n\t\t\t\t<div class=\"elementor-widget-container\">\n\t\t\t\t\t\t\t\t\t<p>Una alternativa a los apartamentos privados es alojarse en un hotel apartamento. Alojarse all\u00ed es f\u00e1cil y seguro, ya que hay personal en recepci\u00f3n para ayudarle si lo necesita. En el destino m\u00e1s popular (Nuriasol), nuestro representante de habla finlandesa est\u00e1 disponible una vez a la semana durante la temporada de invierno.<br \/>El alojamiento mensual no est\u00e1 vinculado a meses naturales, por lo que puede reservar alojamiento cualquier d\u00eda que le venga mejor, siempre que el alojamiento cumpla los 30 d\u00edas de estancia m\u00ednima.<br \/>El alojamiento se paga mensualmente directamente en la recepci\u00f3n de la residencia.<br \/>El precio incluye alojamiento, electricidad, agua y wifi compartido.<br \/>La ropa de cama suele cambiarse una vez a la semana (en algunos casos, previo pago).<br \/>Tenga en cuenta, no obstante, que los apartamentos del apartahotel pueden tener una decoraci\u00f3n algo b\u00e1sica y las instalaciones de cocina pueden ser limitadas.  <\/p>\n<p>Los aparthoteles tienen pol\u00edticas de cancelaci\u00f3n flexibles (recibir\u00e1 los t\u00e9rminos y condiciones detallados cuando confirme su reserva); por ejemplo, puede cancelar su estancia en el Nuriasol 3 d\u00edas antes del comienzo de su estancia sin gastos de alojamiento.<br \/>De acuerdo con la pr\u00e1ctica internacional, el apartamento est\u00e1 disponible <strong><em>despu\u00e9s de las 16.00 horas del d\u00eda de llegada (t\u00e9ngalo en cuenta al reservar los vuelos)<\/em><\/strong>, y <strong><em>el d\u00eda de salida el apartamento debe quedar libre antes de las 12.00 horas<\/em><\/strong>.<\/p>\n\t\t\t\t\t\t\t\t<\/div>\n\t\t\t\t<\/div>\n\t\t\t\t\t<\/div>\n\t\t\t\t<\/div>\n\t\t<div class=\"elementor-element elementor-element-1e47a254 e-flex e-con-boxed e-con e-parent\" data-id=\"1e47a254\" data-element_type=\"container\">\n\t\t\t\t\t<div class=\"e-con-inner\">\n\t\t\t\t<div class=\"elementor-element elementor-element-41e4c63e elementor-widget elementor-widget-text-editor\" data-id=\"41e4c63e\" data-element_type=\"widget\" data-widget_type=\"text-editor.default\">\n\t\t\t\t<div class=\"elementor-widget-container\">\n\t\t\t\t\t\t\t\t\t\n        <div class=\"filtro-codigo privadas\">\n            <label for=\"select-codigo\">B\u00fasqueda por c\u00f3digo<\/label>\n            <select id=\"select-codigo\"><option value=\"0\"  selected=\"selected\">Kaikki<\/option><option value=\"AA-MED\" >AA-MED<\/option><option value=\"AA-NS2011\" >AA-NS2011<\/option><\/select>\n        <\/div><div class=\"contenedor-viviendas\">\n                    <div class=\"item-vivienda\">\n                        <a href=\"\/asuminen\/?ref=AA-MED\">\n                        <div class=\"item-vivienda-foto\"><img decoding=\"async\" src=\"\/images\/pisos\/AA-MED\/DSC01056.jpg\" alt=\"MEDITERRANEO REAL, Fuengirola, Los Boliches\" \/><\/div>\n                        <h2 class=\"item-titulo\">AA-MED &#8211; MEDITERRANEO REAL, Fuengirola, Los Boliches<\/h2>\n                        <p class=\"item-edificio\">MEDITERRANEO REAL *** huoneistohotelli<\/p>\n                        <p class=\"item-descrip\">Hyv\u00e4tasoisessa huoneistohotellissa yhden makuuhuoneen viihtyisi\u00e4 huoneistoja. Olohuone, avokeitti\u00f6 (hyvin varusteltu), kylpyhuone ja parveke. Ilmastointi\/ilmal\u00e4mp\u00f6pumppu olo- ja makuuhuoneessa. Wifi-yhteys (rajoitettu) sis\u00e4ltyy majoituksen&#8230;<\/p>\n                        <p class=\"item-precio\">1.780 \u20ac\/kk<\/p>\n                        <\/a>\n                        <ul class=\"details-list\">\n                            <li><i aria-hidden=\"true\" class=\"fas fa-expand\"><\/i>noin 40 m2<\/li>\n                            <li><i aria-hidden=\"true\" class=\"fas fa-bed\"><\/i>1<\/li>\n                            <li><i aria-hidden=\"true\" class=\"fas fa-shower\"><\/i>1<\/li>\n                        <\/ul>\n                    <\/div>\n                    <div class=\"item-vivienda\">\n                        <a href=\"\/asuminen\/?ref=AA-NS2011\">\n                        <div class=\"item-vivienda-foto\"><img decoding=\"async\" src=\"\/images\/pisos\/AA-NS2011\/DSC05354.jpg\" alt=\"NURIASOL Fuengirola, Los Boliches\" \/><\/div>\n                        <h2 class=\"item-titulo\">AA-NS2011 &#8211; NURIASOL Fuengirola, Los Boliches<\/h2>\n                        <p class=\"item-edificio\">NURIASOL *** huoneistohotelli <\/p>\n                        <p class=\"item-descrip\">Eritt\u00e4in suosittu \u00abkolmen avaimen\u00bb apartamentoshotelli Nuriasol sijaitsee loistavalla paikalla Los Bolichesin keskustan tuntumassa kaikkien palvelujen l\u00e4hist\u00f6ll\u00e4. Tilavissa yhden makuuhuoneen huoneistoissa on mm. maksuton wifi-nettiyhteys&#8230;<\/p>\n                        <p class=\"item-precio\">1.250 \u20ac\/kk<\/p>\n                        <\/a>\n                        <ul class=\"details-list\">\n                            <li><i aria-hidden=\"true\" class=\"fas fa-expand\"><\/i>noin 40 m2<\/li>\n                            <li><i aria-hidden=\"true\" class=\"fas fa-bed\"><\/i>1<\/li>\n                            <li><i aria-hidden=\"true\" class=\"fas fa-shower\"><\/i>1<\/li>\n                        <\/ul>\n                    <\/div><div class=\"viviendas-paginas\"><p>Vivienda: 2 \/ 2<br \/>P\u00e1gina&nbsp;&nbsp;&nbsp;1&nbsp;|<\/div><\/div>\n\t\t\t\t\t\t\t\t<\/div>\n\t\t\t\t<\/div>\n\t\t\t\t\t<\/div>\n\t\t\t\t<\/div>\n\t\t\t\t<\/div>\n\t\t","protected":false},"excerpt":{"rendered":"<p>Apartahoteles &#8211; a precio mensual Una alternativa a los apartamentos privados es alojarse en un hotel apartamento. Alojarse all\u00ed es f\u00e1cil y seguro, ya que hay personal en recepci\u00f3n para ayudarle si lo necesita. En el destino m\u00e1s popular (Nuriasol), nuestro representante de habla finlandesa est\u00e1 disponible una vez a la semana durante la temporada [&hellip;]<\/p>\n","protected":false},"author":1,"featured_media":0,"parent":0,"menu_order":0,"comment_status":"closed","ping_status":"closed","template":"","meta":{"footnotes":""},"class_list":["post-2537","page","type-page","status-publish","hentry"],"yoast_head":"<!-- This site is optimized with the Yoast SEO plugin v27.5 - https:\/\/yoast.com\/product\/yoast-seo-wordpress\/ -->\n<title>Apartamentos-Hotel - Rantakyla<\/title>\n<meta name=\"robots\" content=\"index, follow, max-snippet:-1, max-image-preview:large, max-video-preview:-1\" \/>\n<link rel=\"canonical\" href=\"https:\/\/rantakyla.com\/es\/apartamentos-hotel\/\" \/>\n<meta property=\"og:locale\" content=\"es_ES\" \/>\n<meta property=\"og:type\" content=\"article\" \/>\n<meta property=\"og:title\" content=\"Apartamentos-Hotel - Rantakyla\" \/>\n<meta property=\"og:description\" content=\"Apartahoteles &#8211; a precio mensual Una alternativa a los apartamentos privados es alojarse en un hotel apartamento. Alojarse all\u00ed es f\u00e1cil y seguro, ya que hay personal en recepci\u00f3n para ayudarle si lo necesita. En el destino m\u00e1s popular (Nuriasol), nuestro representante de habla finlandesa est\u00e1 disponible una vez a la semana durante la temporada [&hellip;]\" \/>\n<meta property=\"og:url\" content=\"https:\/\/rantakyla.com\/es\/apartamentos-hotel\/\" \/>\n<meta property=\"og:site_name\" content=\"Rantakyla\" \/>\n<meta property=\"article:publisher\" content=\"https:\/\/www.facebook.com\/RantakylaGroup\/\" \/>\n<meta property=\"article:modified_time\" content=\"2024-08-30T10:28:50+00:00\" \/>\n<meta name=\"twitter:card\" content=\"summary_large_image\" \/>\n<meta name=\"twitter:label1\" content=\"Tiempo de lectura\" \/>\n\t<meta name=\"twitter:data1\" content=\"1 minuto\" \/>\n<script type=\"application\/ld+json\" class=\"yoast-schema-graph\">{\"@context\":\"https:\\\/\\\/schema.org\",\"@graph\":[{\"@type\":\"WebPage\",\"@id\":\"https:\\\/\\\/rantakyla.com\\\/es\\\/apartamentos-hotel\\\/\",\"url\":\"https:\\\/\\\/rantakyla.com\\\/es\\\/apartamentos-hotel\\\/\",\"name\":\"Apartamentos-Hotel - Rantakyla\",\"isPartOf\":{\"@id\":\"https:\\\/\\\/rantakyla.com\\\/#website\"},\"datePublished\":\"2023-10-13T14:42:07+00:00\",\"dateModified\":\"2024-08-30T10:28:50+00:00\",\"breadcrumb\":{\"@id\":\"https:\\\/\\\/rantakyla.com\\\/es\\\/apartamentos-hotel\\\/#breadcrumb\"},\"inLanguage\":\"es\",\"potentialAction\":[{\"@type\":\"ReadAction\",\"target\":[\"https:\\\/\\\/rantakyla.com\\\/es\\\/apartamentos-hotel\\\/\"]}]},{\"@type\":\"BreadcrumbList\",\"@id\":\"https:\\\/\\\/rantakyla.com\\\/es\\\/apartamentos-hotel\\\/#breadcrumb\",\"itemListElement\":[{\"@type\":\"ListItem\",\"position\":1,\"name\":\"Portada\",\"item\":\"https:\\\/\\\/rantakyla.com\\\/\"},{\"@type\":\"ListItem\",\"position\":2,\"name\":\"Apartamentos-Hotel\"}]},{\"@type\":\"WebSite\",\"@id\":\"https:\\\/\\\/rantakyla.com\\\/#website\",\"url\":\"https:\\\/\\\/rantakyla.com\\\/\",\"name\":\"Rantakyla Group\",\"description\":\"Vuokra-asunnot Espanja\",\"publisher\":{\"@id\":\"https:\\\/\\\/rantakyla.com\\\/#organization\"},\"potentialAction\":[{\"@type\":\"SearchAction\",\"target\":{\"@type\":\"EntryPoint\",\"urlTemplate\":\"https:\\\/\\\/rantakyla.com\\\/?s={search_term_string}\"},\"query-input\":{\"@type\":\"PropertyValueSpecification\",\"valueRequired\":true,\"valueName\":\"search_term_string\"}}],\"inLanguage\":\"es\"},{\"@type\":\"Organization\",\"@id\":\"https:\\\/\\\/rantakyla.com\\\/#organization\",\"name\":\"Rantakyla Group\",\"url\":\"https:\\\/\\\/rantakyla.com\\\/\",\"logo\":{\"@type\":\"ImageObject\",\"inLanguage\":\"es\",\"@id\":\"https:\\\/\\\/rantakyla.com\\\/#\\\/schema\\\/logo\\\/image\\\/\",\"url\":\"https:\\\/\\\/rantakyla.com\\\/wp-content\\\/uploads\\\/2023\\\/03\\\/rantakyla-logo-azul.png\",\"contentUrl\":\"https:\\\/\\\/rantakyla.com\\\/wp-content\\\/uploads\\\/2023\\\/03\\\/rantakyla-logo-azul.png\",\"width\":974,\"height\":547,\"caption\":\"Rantakyla Group\"},\"image\":{\"@id\":\"https:\\\/\\\/rantakyla.com\\\/#\\\/schema\\\/logo\\\/image\\\/\"},\"sameAs\":[\"https:\\\/\\\/www.facebook.com\\\/RantakylaGroup\\\/\"]}]}<\/script>\n<!-- \/ Yoast SEO plugin. -->","yoast_head_json":{"title":"Apartamentos-Hotel - Rantakyla","robots":{"index":"index","follow":"follow","max-snippet":"max-snippet:-1","max-image-preview":"max-image-preview:large","max-video-preview":"max-video-preview:-1"},"canonical":"https:\/\/rantakyla.com\/es\/apartamentos-hotel\/","og_locale":"es_ES","og_type":"article","og_title":"Apartamentos-Hotel - Rantakyla","og_description":"Apartahoteles &#8211; a precio mensual Una alternativa a los apartamentos privados es alojarse en un hotel apartamento. Alojarse all\u00ed es f\u00e1cil y seguro, ya que hay personal en recepci\u00f3n para ayudarle si lo necesita. En el destino m\u00e1s popular (Nuriasol), nuestro representante de habla finlandesa est\u00e1 disponible una vez a la semana durante la temporada [&hellip;]","og_url":"https:\/\/rantakyla.com\/es\/apartamentos-hotel\/","og_site_name":"Rantakyla","article_publisher":"https:\/\/www.facebook.com\/RantakylaGroup\/","article_modified_time":"2024-08-30T10:28:50+00:00","twitter_card":"summary_large_image","twitter_misc":{"Tiempo de lectura":"1 minuto"},"schema":{"@context":"https:\/\/schema.org","@graph":[{"@type":"WebPage","@id":"https:\/\/rantakyla.com\/es\/apartamentos-hotel\/","url":"https:\/\/rantakyla.com\/es\/apartamentos-hotel\/","name":"Apartamentos-Hotel - Rantakyla","isPartOf":{"@id":"https:\/\/rantakyla.com\/#website"},"datePublished":"2023-10-13T14:42:07+00:00","dateModified":"2024-08-30T10:28:50+00:00","breadcrumb":{"@id":"https:\/\/rantakyla.com\/es\/apartamentos-hotel\/#breadcrumb"},"inLanguage":"es","potentialAction":[{"@type":"ReadAction","target":["https:\/\/rantakyla.com\/es\/apartamentos-hotel\/"]}]},{"@type":"BreadcrumbList","@id":"https:\/\/rantakyla.com\/es\/apartamentos-hotel\/#breadcrumb","itemListElement":[{"@type":"ListItem","position":1,"name":"Portada","item":"https:\/\/rantakyla.com\/"},{"@type":"ListItem","position":2,"name":"Apartamentos-Hotel"}]},{"@type":"WebSite","@id":"https:\/\/rantakyla.com\/#website","url":"https:\/\/rantakyla.com\/","name":"Rantakyla Group","description":"Vuokra-asunnot Espanja","publisher":{"@id":"https:\/\/rantakyla.com\/#organization"},"potentialAction":[{"@type":"SearchAction","target":{"@type":"EntryPoint","urlTemplate":"https:\/\/rantakyla.com\/?s={search_term_string}"},"query-input":{"@type":"PropertyValueSpecification","valueRequired":true,"valueName":"search_term_string"}}],"inLanguage":"es"},{"@type":"Organization","@id":"https:\/\/rantakyla.com\/#organization","name":"Rantakyla Group","url":"https:\/\/rantakyla.com\/","logo":{"@type":"ImageObject","inLanguage":"es","@id":"https:\/\/rantakyla.com\/#\/schema\/logo\/image\/","url":"https:\/\/rantakyla.com\/wp-content\/uploads\/2023\/03\/rantakyla-logo-azul.png","contentUrl":"https:\/\/rantakyla.com\/wp-content\/uploads\/2023\/03\/rantakyla-logo-azul.png","width":974,"height":547,"caption":"Rantakyla Group"},"image":{"@id":"https:\/\/rantakyla.com\/#\/schema\/logo\/image\/"},"sameAs":["https:\/\/www.facebook.com\/RantakylaGroup\/"]}]}},"_links":{"self":[{"href":"https:\/\/rantakyla.com\/es\/wp-json\/wp\/v2\/pages\/2537","targetHints":{"allow":["GET"]}}],"collection":[{"href":"https:\/\/rantakyla.com\/es\/wp-json\/wp\/v2\/pages"}],"about":[{"href":"https:\/\/rantakyla.com\/es\/wp-json\/wp\/v2\/types\/page"}],"author":[{"embeddable":true,"href":"https:\/\/rantakyla.com\/es\/wp-json\/wp\/v2\/users\/1"}],"replies":[{"embeddable":true,"href":"https:\/\/rantakyla.com\/es\/wp-json\/wp\/v2\/comments?post=2537"}],"version-history":[{"count":2,"href":"https:\/\/rantakyla.com\/es\/wp-json\/wp\/v2\/pages\/2537\/revisions"}],"predecessor-version":[{"id":5004,"href":"https:\/\/rantakyla.com\/es\/wp-json\/wp\/v2\/pages\/2537\/revisions\/5004"}],"wp:attachment":[{"href":"https:\/\/rantakyla.com\/es\/wp-json\/wp\/v2\/media?parent=2537"}],"curies":[{"name":"wp","href":"https:\/\/api.w.org\/{rel}","templated":true}]}}