{"id":1370,"date":"2023-09-26T16:48:10","date_gmt":"2023-09-26T14:48:10","guid":{"rendered":"https:\/\/new.rantakyla.com\/?page_id=1370"},"modified":"2024-08-30T12:27:41","modified_gmt":"2024-08-30T10:27:41","slug":"mascotas-incluidas","status":"publish","type":"page","link":"https:\/\/rantakyla.com\/es\/mascotas-incluidas\/","title":{"rendered":"Mascotas incluidas"},"content":{"rendered":"\t\t<div data-elementor-type=\"wp-page\" data-elementor-id=\"1370\" class=\"elementor elementor-1370 elementor-1369\" data-elementor-post-type=\"page\">\n\t\t\t\t<div class=\"elementor-element elementor-element-ee5383b e-flex e-con-boxed e-con e-parent\" data-id=\"ee5383b\" data-element_type=\"container\" data-settings=\"{&quot;background_background&quot;:&quot;classic&quot;}\">\n\t\t\t\t\t<div class=\"e-con-inner\">\n\t\t<div class=\"elementor-element elementor-element-ddfd3d0 e-con-full e-flex e-con e-child\" data-id=\"ddfd3d0\" data-element_type=\"container\" data-settings=\"{&quot;background_background&quot;:&quot;classic&quot;}\">\n\t\t\t\t<div class=\"elementor-element elementor-element-040ea6d elementor-widget elementor-widget-heading\" data-id=\"040ea6d\" data-element_type=\"widget\" data-widget_type=\"heading.default\">\n\t\t\t\t<div class=\"elementor-widget-container\">\n\t\t\t\t\t<h1 class=\"elementor-heading-title elementor-size-default\">Mascota incluida<\/h1>\t\t\t\t<\/div>\n\t\t\t\t<\/div>\n\t\t\t\t<div class=\"elementor-element elementor-element-0b67fc1 elementor-widget elementor-widget-text-editor\" data-id=\"0b67fc1\" data-element_type=\"widget\" data-widget_type=\"text-editor.default\">\n\t\t\t\t<div class=\"elementor-widget-container\">\n\t\t\t\t\t\t\t\t\t<p>Puedes llevar un perro peque\u00f1o como mascota a algunos destinos privados y apartahoteles (por ejemplo, Mediterr\u00e1neo Real). En la presentaci\u00f3n de los destinos se menciona si se permiten mascotas en el destino. <\/p>\n<p>En algunos destinos se cobra una tarifa adicional por traer una mascota.<\/p>\n<p>Si el destino no admite mascotas, no se permite traer una mascota ni siquiera al pueblo de d\u00eda.<\/p>\n\t\t\t\t\t\t\t\t<\/div>\n\t\t\t\t<\/div>\n\t\t\t\t<\/div>\n\t\t<div class=\"elementor-element elementor-element-a200cd2 e-con-full e-flex e-con e-child\" data-id=\"a200cd2\" data-element_type=\"container\">\n\t\t\t\t<\/div>\n\t\t\t\t\t<\/div>\n\t\t\t\t<\/div>\n\t\t<div class=\"elementor-element elementor-element-3d519a0 e-flex e-con-boxed e-con e-parent\" data-id=\"3d519a0\" data-element_type=\"container\" data-settings=\"{&quot;background_background&quot;:&quot;classic&quot;}\">\n\t\t\t\t\t<div class=\"e-con-inner\">\n\t\t<div class=\"elementor-element elementor-element-f71149d e-con-full e-flex e-con e-child\" data-id=\"f71149d\" data-element_type=\"container\" data-settings=\"{&quot;background_background&quot;:&quot;classic&quot;}\">\n\t\t\t\t<div class=\"elementor-element elementor-element-f67869f elementor-widget elementor-widget-heading\" data-id=\"f67869f\" data-element_type=\"widget\" data-widget_type=\"heading.default\">\n\t\t\t\t<div class=\"elementor-widget-container\">\n\t\t\t\t\t<h2 class=\"elementor-heading-title elementor-size-default\">Un perro mascota en un apartamento alquilado.<\/h2>\t\t\t\t<\/div>\n\t\t\t\t<\/div>\n\t\t\t\t<div class=\"elementor-element elementor-element-0d5ba24 elementor-widget elementor-widget-text-editor\" data-id=\"0d5ba24\" data-element_type=\"widget\" data-widget_type=\"text-editor.default\">\n\t\t\t\t<div class=\"elementor-widget-container\">\n\t\t\t\t\t\t\t\t\t<p>S\u00f3lo se permite traer una mascota al apartamento de alquiler si el propietario lo aprueba.<\/p>\n<p>El perro debe estar limpio por dentro y por lo dem\u00e1s tener buen comportamiento (teniendo en cuenta a los vecinos).<\/p>\n<p>Si el perro est\u00e1 acostumbrado a subirse al sof\u00e1, deber\u00e1s tener tu propia manta protectora encima del sof\u00e1.<\/p>\n<p>Si tu perro duerme contigo en la cama, debes utilizar tu propia ropa de cama.<\/p>\n<p>Las mascotas no deben quedarse solas en el balc\u00f3n del apartamento.<\/p>\n<p>Tenga en cuenta que usted es financiera y legalmente responsable de cualquier molestia o da\u00f1o causado por su mascota.<\/p>\n<p><em>Si la mascota causa problemas en el apartamento o en la comunidad de viviendas, el propietario\/Grupo Rantakyla tiene derecho a rescindir inmediatamente el contrato de arrendamiento.<\/em><\/p>\n\t\t\t\t\t\t\t\t<\/div>\n\t\t\t\t<\/div>\n\t\t\t\t<\/div>\n\t\t<div class=\"elementor-element elementor-element-82dcb09 e-con-full e-flex e-con e-child\" data-id=\"82dcb09\" data-element_type=\"container\">\n\t\t\t\t<div class=\"elementor-element elementor-element-2723ede elementor-widget elementor-widget-image\" data-id=\"2723ede\" data-element_type=\"widget\" data-settings=\"{&quot;motion_fx_motion_fx_scrolling&quot;:&quot;yes&quot;,&quot;motion_fx_translateY_effect&quot;:&quot;yes&quot;,&quot;motion_fx_translateY_speed&quot;:{&quot;unit&quot;:&quot;px&quot;,&quot;size&quot;:4,&quot;sizes&quot;:[]},&quot;motion_fx_translateY_affectedRange&quot;:{&quot;unit&quot;:&quot;%&quot;,&quot;size&quot;:&quot;&quot;,&quot;sizes&quot;:{&quot;start&quot;:0,&quot;end&quot;:100}},&quot;motion_fx_devices&quot;:[&quot;desktop&quot;,&quot;tablet&quot;,&quot;mobile&quot;]}\" data-widget_type=\"image.default\">\n\t\t\t\t<div class=\"elementor-widget-container\">\n\t\t\t\t\t\t\t\t\t\t\t\t\t\t\t<img fetchpriority=\"high\" decoding=\"async\" width=\"800\" height=\"800\" src=\"https:\/\/rantakyla.com\/wp-content\/uploads\/2023\/10\/dog-1-1024x1024.png\" class=\"attachment-large size-large wp-image-3326\" alt=\"dog\" srcset=\"https:\/\/rantakyla.com\/wp-content\/uploads\/2023\/10\/dog-1-1024x1024.png 1024w, https:\/\/rantakyla.com\/wp-content\/uploads\/2023\/10\/dog-1-300x300.png 300w, https:\/\/rantakyla.com\/wp-content\/uploads\/2023\/10\/dog-1-150x150.png 150w, https:\/\/rantakyla.com\/wp-content\/uploads\/2023\/10\/dog-1-768x768.png 768w, https:\/\/rantakyla.com\/wp-content\/uploads\/2023\/10\/dog-1.png 1080w\" sizes=\"(max-width: 800px) 100vw, 800px\" \/>\t\t\t\t\t\t\t\t\t\t\t\t\t\t\t<\/div>\n\t\t\t\t<\/div>\n\t\t\t\t<\/div>\n\t\t\t\t\t<\/div>\n\t\t\t\t<\/div>\n\t\t\t\t<\/div>\n\t\t","protected":false},"excerpt":{"rendered":"<p>Mascota incluida Puedes llevar un perro peque\u00f1o como mascota a algunos destinos privados y apartahoteles (por ejemplo, Mediterr\u00e1neo Real). En la presentaci\u00f3n de los destinos se menciona si se permiten mascotas en el destino. En algunos destinos se cobra una tarifa adicional por traer una mascota. Si el destino no admite mascotas, no se permite [&hellip;]<\/p>\n","protected":false},"author":1,"featured_media":0,"parent":0,"menu_order":0,"comment_status":"closed","ping_status":"closed","template":"","meta":{"footnotes":""},"class_list":["post-1370","page","type-page","status-publish","hentry"],"yoast_head":"<!-- This site is optimized with the Yoast SEO plugin v27.5 - https:\/\/yoast.com\/product\/yoast-seo-wordpress\/ -->\n<title>Mascotas incluidas - Rantakyla<\/title>\n<meta name=\"robots\" content=\"index, follow, max-snippet:-1, max-image-preview:large, max-video-preview:-1\" \/>\n<link rel=\"canonical\" href=\"https:\/\/rantakyla.com\/es\/mascotas-incluidas\/\" \/>\n<meta property=\"og:locale\" content=\"es_ES\" \/>\n<meta property=\"og:type\" content=\"article\" \/>\n<meta property=\"og:title\" content=\"Mascotas incluidas - Rantakyla\" \/>\n<meta property=\"og:description\" content=\"Mascota incluida Puedes llevar un perro peque\u00f1o como mascota a algunos destinos privados y apartahoteles (por ejemplo, Mediterr\u00e1neo Real). En la presentaci\u00f3n de los destinos se menciona si se permiten mascotas en el destino. En algunos destinos se cobra una tarifa adicional por traer una mascota. Si el destino no admite mascotas, no se permite [&hellip;]\" \/>\n<meta property=\"og:url\" content=\"https:\/\/rantakyla.com\/es\/mascotas-incluidas\/\" \/>\n<meta property=\"og:site_name\" content=\"Rantakyla\" \/>\n<meta property=\"article:publisher\" content=\"https:\/\/www.facebook.com\/RantakylaGroup\/\" \/>\n<meta property=\"article:modified_time\" content=\"2024-08-30T10:27:41+00:00\" \/>\n<meta property=\"og:image\" content=\"https:\/\/rantakyla.com\/wp-content\/uploads\/2023\/10\/dog-1-1024x1024.png\" \/>\n<meta name=\"twitter:card\" content=\"summary_large_image\" \/>\n<meta name=\"twitter:label1\" content=\"Tiempo de lectura\" \/>\n\t<meta name=\"twitter:data1\" content=\"1 minuto\" \/>\n<script type=\"application\/ld+json\" class=\"yoast-schema-graph\">{\"@context\":\"https:\\\/\\\/schema.org\",\"@graph\":[{\"@type\":\"WebPage\",\"@id\":\"https:\\\/\\\/rantakyla.com\\\/es\\\/mascotas-incluidas\\\/\",\"url\":\"https:\\\/\\\/rantakyla.com\\\/es\\\/mascotas-incluidas\\\/\",\"name\":\"Mascotas incluidas - Rantakyla\",\"isPartOf\":{\"@id\":\"https:\\\/\\\/rantakyla.com\\\/#website\"},\"primaryImageOfPage\":{\"@id\":\"https:\\\/\\\/rantakyla.com\\\/es\\\/mascotas-incluidas\\\/#primaryimage\"},\"image\":{\"@id\":\"https:\\\/\\\/rantakyla.com\\\/es\\\/mascotas-incluidas\\\/#primaryimage\"},\"thumbnailUrl\":\"https:\\\/\\\/rantakyla.com\\\/wp-content\\\/uploads\\\/2023\\\/10\\\/dog-1-1024x1024.png\",\"datePublished\":\"2023-09-26T14:48:10+00:00\",\"dateModified\":\"2024-08-30T10:27:41+00:00\",\"breadcrumb\":{\"@id\":\"https:\\\/\\\/rantakyla.com\\\/es\\\/mascotas-incluidas\\\/#breadcrumb\"},\"inLanguage\":\"es\",\"potentialAction\":[{\"@type\":\"ReadAction\",\"target\":[\"https:\\\/\\\/rantakyla.com\\\/es\\\/mascotas-incluidas\\\/\"]}]},{\"@type\":\"ImageObject\",\"inLanguage\":\"es\",\"@id\":\"https:\\\/\\\/rantakyla.com\\\/es\\\/mascotas-incluidas\\\/#primaryimage\",\"url\":\"https:\\\/\\\/rantakyla.com\\\/wp-content\\\/uploads\\\/2023\\\/10\\\/dog-1-1024x1024.png\",\"contentUrl\":\"https:\\\/\\\/rantakyla.com\\\/wp-content\\\/uploads\\\/2023\\\/10\\\/dog-1-1024x1024.png\"},{\"@type\":\"BreadcrumbList\",\"@id\":\"https:\\\/\\\/rantakyla.com\\\/es\\\/mascotas-incluidas\\\/#breadcrumb\",\"itemListElement\":[{\"@type\":\"ListItem\",\"position\":1,\"name\":\"Portada\",\"item\":\"https:\\\/\\\/rantakyla.com\\\/\"},{\"@type\":\"ListItem\",\"position\":2,\"name\":\"Mascotas incluidas\"}]},{\"@type\":\"WebSite\",\"@id\":\"https:\\\/\\\/rantakyla.com\\\/#website\",\"url\":\"https:\\\/\\\/rantakyla.com\\\/\",\"name\":\"Rantakyla Group\",\"description\":\"Vuokra-asunnot Espanja\",\"publisher\":{\"@id\":\"https:\\\/\\\/rantakyla.com\\\/#organization\"},\"potentialAction\":[{\"@type\":\"SearchAction\",\"target\":{\"@type\":\"EntryPoint\",\"urlTemplate\":\"https:\\\/\\\/rantakyla.com\\\/?s={search_term_string}\"},\"query-input\":{\"@type\":\"PropertyValueSpecification\",\"valueRequired\":true,\"valueName\":\"search_term_string\"}}],\"inLanguage\":\"es\"},{\"@type\":\"Organization\",\"@id\":\"https:\\\/\\\/rantakyla.com\\\/#organization\",\"name\":\"Rantakyla Group\",\"url\":\"https:\\\/\\\/rantakyla.com\\\/\",\"logo\":{\"@type\":\"ImageObject\",\"inLanguage\":\"es\",\"@id\":\"https:\\\/\\\/rantakyla.com\\\/#\\\/schema\\\/logo\\\/image\\\/\",\"url\":\"https:\\\/\\\/rantakyla.com\\\/wp-content\\\/uploads\\\/2023\\\/03\\\/rantakyla-logo-azul.png\",\"contentUrl\":\"https:\\\/\\\/rantakyla.com\\\/wp-content\\\/uploads\\\/2023\\\/03\\\/rantakyla-logo-azul.png\",\"width\":974,\"height\":547,\"caption\":\"Rantakyla Group\"},\"image\":{\"@id\":\"https:\\\/\\\/rantakyla.com\\\/#\\\/schema\\\/logo\\\/image\\\/\"},\"sameAs\":[\"https:\\\/\\\/www.facebook.com\\\/RantakylaGroup\\\/\"]}]}<\/script>\n<!-- \/ Yoast SEO plugin. -->","yoast_head_json":{"title":"Mascotas incluidas - Rantakyla","robots":{"index":"index","follow":"follow","max-snippet":"max-snippet:-1","max-image-preview":"max-image-preview:large","max-video-preview":"max-video-preview:-1"},"canonical":"https:\/\/rantakyla.com\/es\/mascotas-incluidas\/","og_locale":"es_ES","og_type":"article","og_title":"Mascotas incluidas - Rantakyla","og_description":"Mascota incluida Puedes llevar un perro peque\u00f1o como mascota a algunos destinos privados y apartahoteles (por ejemplo, Mediterr\u00e1neo Real). En la presentaci\u00f3n de los destinos se menciona si se permiten mascotas en el destino. En algunos destinos se cobra una tarifa adicional por traer una mascota. Si el destino no admite mascotas, no se permite [&hellip;]","og_url":"https:\/\/rantakyla.com\/es\/mascotas-incluidas\/","og_site_name":"Rantakyla","article_publisher":"https:\/\/www.facebook.com\/RantakylaGroup\/","article_modified_time":"2024-08-30T10:27:41+00:00","og_image":[{"url":"https:\/\/rantakyla.com\/wp-content\/uploads\/2023\/10\/dog-1-1024x1024.png","type":"","width":"","height":""}],"twitter_card":"summary_large_image","twitter_misc":{"Tiempo de lectura":"1 minuto"},"schema":{"@context":"https:\/\/schema.org","@graph":[{"@type":"WebPage","@id":"https:\/\/rantakyla.com\/es\/mascotas-incluidas\/","url":"https:\/\/rantakyla.com\/es\/mascotas-incluidas\/","name":"Mascotas incluidas - Rantakyla","isPartOf":{"@id":"https:\/\/rantakyla.com\/#website"},"primaryImageOfPage":{"@id":"https:\/\/rantakyla.com\/es\/mascotas-incluidas\/#primaryimage"},"image":{"@id":"https:\/\/rantakyla.com\/es\/mascotas-incluidas\/#primaryimage"},"thumbnailUrl":"https:\/\/rantakyla.com\/wp-content\/uploads\/2023\/10\/dog-1-1024x1024.png","datePublished":"2023-09-26T14:48:10+00:00","dateModified":"2024-08-30T10:27:41+00:00","breadcrumb":{"@id":"https:\/\/rantakyla.com\/es\/mascotas-incluidas\/#breadcrumb"},"inLanguage":"es","potentialAction":[{"@type":"ReadAction","target":["https:\/\/rantakyla.com\/es\/mascotas-incluidas\/"]}]},{"@type":"ImageObject","inLanguage":"es","@id":"https:\/\/rantakyla.com\/es\/mascotas-incluidas\/#primaryimage","url":"https:\/\/rantakyla.com\/wp-content\/uploads\/2023\/10\/dog-1-1024x1024.png","contentUrl":"https:\/\/rantakyla.com\/wp-content\/uploads\/2023\/10\/dog-1-1024x1024.png"},{"@type":"BreadcrumbList","@id":"https:\/\/rantakyla.com\/es\/mascotas-incluidas\/#breadcrumb","itemListElement":[{"@type":"ListItem","position":1,"name":"Portada","item":"https:\/\/rantakyla.com\/"},{"@type":"ListItem","position":2,"name":"Mascotas incluidas"}]},{"@type":"WebSite","@id":"https:\/\/rantakyla.com\/#website","url":"https:\/\/rantakyla.com\/","name":"Rantakyla Group","description":"Vuokra-asunnot Espanja","publisher":{"@id":"https:\/\/rantakyla.com\/#organization"},"potentialAction":[{"@type":"SearchAction","target":{"@type":"EntryPoint","urlTemplate":"https:\/\/rantakyla.com\/?s={search_term_string}"},"query-input":{"@type":"PropertyValueSpecification","valueRequired":true,"valueName":"search_term_string"}}],"inLanguage":"es"},{"@type":"Organization","@id":"https:\/\/rantakyla.com\/#organization","name":"Rantakyla Group","url":"https:\/\/rantakyla.com\/","logo":{"@type":"ImageObject","inLanguage":"es","@id":"https:\/\/rantakyla.com\/#\/schema\/logo\/image\/","url":"https:\/\/rantakyla.com\/wp-content\/uploads\/2023\/03\/rantakyla-logo-azul.png","contentUrl":"https:\/\/rantakyla.com\/wp-content\/uploads\/2023\/03\/rantakyla-logo-azul.png","width":974,"height":547,"caption":"Rantakyla Group"},"image":{"@id":"https:\/\/rantakyla.com\/#\/schema\/logo\/image\/"},"sameAs":["https:\/\/www.facebook.com\/RantakylaGroup\/"]}]}},"_links":{"self":[{"href":"https:\/\/rantakyla.com\/es\/wp-json\/wp\/v2\/pages\/1370","targetHints":{"allow":["GET"]}}],"collection":[{"href":"https:\/\/rantakyla.com\/es\/wp-json\/wp\/v2\/pages"}],"about":[{"href":"https:\/\/rantakyla.com\/es\/wp-json\/wp\/v2\/types\/page"}],"author":[{"embeddable":true,"href":"https:\/\/rantakyla.com\/es\/wp-json\/wp\/v2\/users\/1"}],"replies":[{"embeddable":true,"href":"https:\/\/rantakyla.com\/es\/wp-json\/wp\/v2\/comments?post=1370"}],"version-history":[{"count":4,"href":"https:\/\/rantakyla.com\/es\/wp-json\/wp\/v2\/pages\/1370\/revisions"}],"predecessor-version":[{"id":5151,"href":"https:\/\/rantakyla.com\/es\/wp-json\/wp\/v2\/pages\/1370\/revisions\/5151"}],"wp:attachment":[{"href":"https:\/\/rantakyla.com\/es\/wp-json\/wp\/v2\/media?parent=1370"}],"curies":[{"name":"wp","href":"https:\/\/api.w.org\/{rel}","templated":true}]}}