{"id":1367,"date":"2023-09-26T16:48:04","date_gmt":"2023-09-26T14:48:04","guid":{"rendered":"https:\/\/new.rantakyla.com\/?page_id=1367"},"modified":"2024-08-30T12:27:41","modified_gmt":"2024-08-30T10:27:41","slug":"llegada-e-instalacion","status":"publish","type":"page","link":"https:\/\/rantakyla.com\/es\/llegada-e-instalacion\/","title":{"rendered":"Llegada e instalaci\u00f3n"},"content":{"rendered":"\t\t<div data-elementor-type=\"wp-page\" data-elementor-id=\"1367\" class=\"elementor elementor-1367 elementor-1366\" data-elementor-post-type=\"page\">\n\t\t\t\t\t\t<section class=\"elementor-section elementor-top-section elementor-element elementor-element-267e2fa elementor-section-height-min-height elementor-section-boxed elementor-section-height-default elementor-section-items-middle\" data-id=\"267e2fa\" data-element_type=\"section\" data-settings=\"{&quot;background_background&quot;:&quot;classic&quot;}\">\n\t\t\t\t\t\t\t<div class=\"elementor-background-overlay\"><\/div>\n\t\t\t\t\t\t\t<div class=\"elementor-container elementor-column-gap-default\">\n\t\t\t\t\t<div class=\"elementor-column elementor-col-50 elementor-top-column elementor-element elementor-element-a1accb4\" data-id=\"a1accb4\" data-element_type=\"column\" data-settings=\"{&quot;background_background&quot;:&quot;classic&quot;}\">\n\t\t\t<div class=\"elementor-widget-wrap elementor-element-populated\">\n\t\t\t\t\t\t<div class=\"elementor-element elementor-element-316b194 elementor-widget elementor-widget-heading\" data-id=\"316b194\" data-element_type=\"widget\" data-widget_type=\"heading.default\">\n\t\t\t\t<div class=\"elementor-widget-container\">\n\t\t\t\t\t<h1 class=\"elementor-heading-title elementor-size-default\">Llegada e instalaci\u00f3n<\/h1>\t\t\t\t<\/div>\n\t\t\t\t<\/div>\n\t\t\t\t<div class=\"elementor-element elementor-element-b3df968 elementor-widget elementor-widget-text-editor\" data-id=\"b3df968\" data-element_type=\"widget\" data-widget_type=\"text-editor.default\">\n\t\t\t\t<div class=\"elementor-widget-container\">\n\t\t\t\t\t\t\t\t\t<p>Aqu\u00ed le ofrecemos un paquete informativo sobre c\u00f3mo llegar al destino y nuestras pr\u00e1cticas para la entrega de llaves de su apartamento.<br \/><strong><em>Por favor, guarde los n\u00fameros de tel\u00e9fono de nuestra empresa en la memoria de su tel\u00e9fono.<br \/>(+34 667 801 667, fijo +34 952 59 21 21) \u00a1para que reconozcas nuestras llamadas y mensajes!<\/em><\/strong><\/p>\n\t\t\t\t\t\t\t\t<\/div>\n\t\t\t\t<\/div>\n\t\t\t\t\t<\/div>\n\t\t<\/div>\n\t\t\t\t<div class=\"elementor-column elementor-col-50 elementor-top-column elementor-element elementor-element-e7a8876\" data-id=\"e7a8876\" data-element_type=\"column\">\n\t\t\t<div class=\"elementor-widget-wrap\">\n\t\t\t\t\t\t\t<\/div>\n\t\t<\/div>\n\t\t\t\t\t<\/div>\n\t\t<\/section>\n\t\t\t\t<section class=\"elementor-section elementor-top-section elementor-element elementor-element-3d9933c elementor-section-boxed elementor-section-height-default elementor-section-height-default\" data-id=\"3d9933c\" data-element_type=\"section\" data-settings=\"{&quot;background_background&quot;:&quot;classic&quot;}\">\n\t\t\t\t\t\t\t<div class=\"elementor-background-overlay\"><\/div>\n\t\t\t\t\t\t\t<div class=\"elementor-container elementor-column-gap-default\">\n\t\t\t\t\t<div class=\"elementor-column elementor-col-100 elementor-top-column elementor-element elementor-element-7f3d010\" data-id=\"7f3d010\" data-element_type=\"column\">\n\t\t\t<div class=\"elementor-widget-wrap elementor-element-populated\">\n\t\t\t\t\t\t<div class=\"elementor-element elementor-element-15e14fa elementor-widget elementor-widget-heading\" data-id=\"15e14fa\" data-element_type=\"widget\" data-widget_type=\"heading.default\">\n\t\t\t\t<div class=\"elementor-widget-container\">\n\t\t\t\t\t<h2 class=\"elementor-heading-title elementor-size-default\">Llegada<\/h2>\t\t\t\t<\/div>\n\t\t\t\t<\/div>\n\t\t\t\t<div class=\"elementor-element elementor-element-fdcfd50 elementor-widget elementor-widget-text-editor\" data-id=\"fdcfd50\" data-element_type=\"widget\" data-widget_type=\"text-editor.default\">\n\t\t\t\t<div class=\"elementor-widget-container\">\n\t\t\t\t\t\t\t\t\t<p>Necesitamos la informaci\u00f3n exacta de su vuelo (<strong><em>su n\u00famero de vuelo y hora de llegada al aeropuerto de M\u00e1laga y la hora de salida de su vuelo desde M\u00e1laga<\/em><\/strong>) tan pronto como los conozca, para poder organizar la entrega de llaves para nuestro gran n\u00famero de clientes que llegan. el d\u00eda de llegada.<\/p>\n<p>Saber c\u00f3mo planeas llegar desde el aeropuerto de M\u00e1laga al apartamento es extremadamente importante para nosotros.<br \/>\u00bfVienes en tren o quieres solicitar un c\u00f3modo <strong><a href=\"https:\/\/rantakyla.com\/es\/transporte-de-viajeros\/\">traslado al aeropuerto<\/a><\/strong>? \u00bfVienes con un amigo o posiblemente ya hayas llegado el d\u00eda anterior? <\/p>\n<p><strong>Si ha solicitado <a href=\"https:\/\/rantakyla.com\/es\/transporte-de-viajeros\/\">un traslado al aeropuerto<\/a><\/strong>, nuestro conductor lo llevar\u00e1 directamente desde el aeropuerto a su apartamento, donde un representante del Grupo Rantakyla lo estar\u00e1 esperando con las llaves.<\/p>\n<p><strong>Si vienes por tu cuenta<\/strong>, deber\u00e1s llamar al n\u00famero de tel\u00e9fono que te facilitar\u00e1n m\u00e1s tarde cuando salgas del aeropuerto de M\u00e1laga rumbo a Fuengirola para que el destinatario pueda recibirte a la hora indicada en la puerta de abajo con las llaves del apartamento. <\/p>\n<p><i>Debes llegar delante de tu apartamento <strong>a m\u00e1s tardar 2 horas<\/strong> despu\u00e9s del aterrizaje del vuelo<\/i>. Nos reservamos el derecho de cobrar una tarifa adicional por la espera si no viene <strong><em>directamente del aeropuerto a la direcci\u00f3n acordada<\/em><\/strong>.<\/p>\n<p>Tenga en cuenta que <strong>durante la noche<\/strong> (20:00 &#8211; 08:00) y <strong>los domingos y festivos cobramos un cargo adicional por la entrega de llaves<\/strong>. Puedes consultar los d\u00edas festivos y festivos espa\u00f1oles y locales <strong><a href=\"https:\/\/rantakyla.com\/es\/?page_id=1360\">aqu\u00ed<\/a><\/strong>. <\/p>\n\t\t\t\t\t\t\t\t<\/div>\n\t\t\t\t<\/div>\n\t\t\t\t\t<\/div>\n\t\t<\/div>\n\t\t\t\t\t<\/div>\n\t\t<\/section>\n\t\t\t\t<section class=\"elementor-section elementor-top-section elementor-element elementor-element-d34b4a0 elementor-section-boxed elementor-section-height-default elementor-section-height-default\" data-id=\"d34b4a0\" data-element_type=\"section\">\n\t\t\t\t\t\t<div class=\"elementor-container elementor-column-gap-default\">\n\t\t\t\t\t<div class=\"elementor-column elementor-col-100 elementor-top-column elementor-element elementor-element-dfdeb7b\" data-id=\"dfdeb7b\" data-element_type=\"column\">\n\t\t\t<div class=\"elementor-widget-wrap elementor-element-populated\">\n\t\t\t\t\t\t<div class=\"elementor-element elementor-element-a478126 elementor-widget elementor-widget-text-editor\" data-id=\"a478126\" data-element_type=\"widget\" data-widget_type=\"text-editor.default\">\n\t\t\t\t<div class=\"elementor-widget-container\">\n\t\t\t\t\t\t\t\t\t<p>Un representante de Rantakyla Group que le estar\u00e1 esperando en la puerta inferior de su apartamento le entregar\u00e1 las llaves de su apartamento.<br \/>Est\u00e1 obligado a guardar cuidadosamente las llaves del apartamento durante todo el periodo de alquiler.<\/p>\n<p>A veces solo recibes una llave el d\u00eda de llegada, pero las dem\u00e1s las recibes en nuestra oficina cuando vienes a firmar el contrato de alquiler.<\/p>\n<p>Nuestro representante tambi\u00e9n le presentar\u00e1 su apartamento, para que pueda \u00absentirse como en casa\u00bb f\u00e1cilmente con los electrodom\u00e9sticos y equipamiento del apartamento.<\/p>\n\t\t\t\t\t\t\t\t<\/div>\n\t\t\t\t<\/div>\n\t\t\t\t\t<\/div>\n\t\t<\/div>\n\t\t\t\t\t<\/div>\n\t\t<\/section>\n\t\t\t\t<section class=\"elementor-section elementor-top-section elementor-element elementor-element-8c460e7 elementor-section-boxed elementor-section-height-default elementor-section-height-default\" data-id=\"8c460e7\" data-element_type=\"section\">\n\t\t\t\t\t\t<div class=\"elementor-container elementor-column-gap-default\">\n\t\t\t\t\t<div class=\"elementor-column elementor-col-100 elementor-top-column elementor-element elementor-element-d89f906\" data-id=\"d89f906\" data-element_type=\"column\">\n\t\t\t<div class=\"elementor-widget-wrap elementor-element-populated\">\n\t\t\t\t\t\t<div class=\"elementor-element elementor-element-848b835 elementor-widget elementor-widget-gallery\" data-id=\"848b835\" data-element_type=\"widget\" data-settings=\"{&quot;lazyload&quot;:&quot;yes&quot;,&quot;gallery_layout&quot;:&quot;grid&quot;,&quot;columns&quot;:4,&quot;columns_tablet&quot;:2,&quot;columns_mobile&quot;:1,&quot;gap&quot;:{&quot;unit&quot;:&quot;px&quot;,&quot;size&quot;:10,&quot;sizes&quot;:[]},&quot;gap_tablet&quot;:{&quot;unit&quot;:&quot;px&quot;,&quot;size&quot;:10,&quot;sizes&quot;:[]},&quot;gap_mobile&quot;:{&quot;unit&quot;:&quot;px&quot;,&quot;size&quot;:10,&quot;sizes&quot;:[]},&quot;link_to&quot;:&quot;file&quot;,&quot;aspect_ratio&quot;:&quot;3:2&quot;,&quot;overlay_background&quot;:&quot;yes&quot;,&quot;content_hover_animation&quot;:&quot;fade-in&quot;}\" data-widget_type=\"gallery.default\">\n\t\t\t\t<div class=\"elementor-widget-container\">\n\t\t\t\t\t\t\t<div class=\"elementor-gallery__container\">\n\t\t\t\t\t\t\t<a class=\"e-gallery-item elementor-gallery-item elementor-animated-content\" href=\"https:\/\/rantakyla.com\/wp-content\/uploads\/2023\/10\/fachada-color-purpura-scaled.jpg\" data-elementor-open-lightbox=\"yes\" data-elementor-lightbox-slideshow=\"848b835\" data-elementor-lightbox-title=\"Purple facade\" data-e-action-hash=\"#elementor-action%3Aaction%3Dlightbox%26settings%3DeyJpZCI6MTgzMywidXJsIjoiaHR0cHM6XC9cL3JhbnRha3lsYS5jb21cL3dwLWNvbnRlbnRcL3VwbG9hZHNcLzIwMjNcLzEwXC9mYWNoYWRhLWNvbG9yLXB1cnB1cmEtc2NhbGVkLmpwZyIsInNsaWRlc2hvdyI6Ijg0OGI4MzUifQ%3D%3D\">\n\t\t\t\t\t<div class=\"e-gallery-image elementor-gallery-item__image\" data-thumbnail=\"https:\/\/rantakyla.com\/wp-content\/uploads\/2023\/10\/fachada-color-purpura-300x200.jpg\" data-width=\"300\" data-height=\"200\" aria-label=\"\" role=\"img\" ><\/div>\n\t\t\t\t\t\t\t\t\t\t\t<div class=\"elementor-gallery-item__overlay\"><\/div>\n\t\t\t\t\t\t\t\t\t\t\t\t\t\t<\/a>\n\t\t\t\t\t\t\t<a class=\"e-gallery-item elementor-gallery-item elementor-animated-content\" href=\"https:\/\/rantakyla.com\/wp-content\/uploads\/2023\/10\/abrir-concepto-puerta-hotel-scaled.jpg\" data-elementor-open-lightbox=\"yes\" data-elementor-lightbox-slideshow=\"848b835\" data-elementor-lightbox-title=\"Opening a hotel door concept\" data-e-action-hash=\"#elementor-action%3Aaction%3Dlightbox%26settings%3DeyJpZCI6MTgyOCwidXJsIjoiaHR0cHM6XC9cL3JhbnRha3lsYS5jb21cL3dwLWNvbnRlbnRcL3VwbG9hZHNcLzIwMjNcLzEwXC9hYnJpci1jb25jZXB0by1wdWVydGEtaG90ZWwtc2NhbGVkLmpwZyIsInNsaWRlc2hvdyI6Ijg0OGI4MzUifQ%3D%3D\">\n\t\t\t\t\t<div class=\"e-gallery-image elementor-gallery-item__image\" data-thumbnail=\"https:\/\/rantakyla.com\/wp-content\/uploads\/2023\/10\/abrir-concepto-puerta-hotel-300x200.jpg\" data-width=\"300\" data-height=\"200\" aria-label=\"\" role=\"img\" ><\/div>\n\t\t\t\t\t\t\t\t\t\t\t<div class=\"elementor-gallery-item__overlay\"><\/div>\n\t\t\t\t\t\t\t\t\t\t\t\t\t\t<\/a>\n\t\t\t\t\t\t\t<a class=\"e-gallery-item elementor-gallery-item elementor-animated-content\" href=\"https:\/\/rantakyla.com\/wp-content\/uploads\/2023\/10\/hermosa-foto-cocina-casa-moderna-scaled.jpg\" data-elementor-open-lightbox=\"yes\" data-elementor-lightbox-slideshow=\"848b835\" data-elementor-lightbox-title=\"Beautiful shot of a modern house kitchen\" data-e-action-hash=\"#elementor-action%3Aaction%3Dlightbox%26settings%3DeyJpZCI6MTgzNSwidXJsIjoiaHR0cHM6XC9cL3JhbnRha3lsYS5jb21cL3dwLWNvbnRlbnRcL3VwbG9hZHNcLzIwMjNcLzEwXC9oZXJtb3NhLWZvdG8tY29jaW5hLWNhc2EtbW9kZXJuYS1zY2FsZWQuanBnIiwic2xpZGVzaG93IjoiODQ4YjgzNSJ9\">\n\t\t\t\t\t<div class=\"e-gallery-image elementor-gallery-item__image\" data-thumbnail=\"https:\/\/rantakyla.com\/wp-content\/uploads\/2023\/10\/hermosa-foto-cocina-casa-moderna-300x200.jpg\" data-width=\"300\" data-height=\"200\" aria-label=\"\" role=\"img\" ><\/div>\n\t\t\t\t\t\t\t\t\t\t\t<div class=\"elementor-gallery-item__overlay\"><\/div>\n\t\t\t\t\t\t\t\t\t\t\t\t\t\t<\/a>\n\t\t\t\t\t\t\t<a class=\"e-gallery-item elementor-gallery-item elementor-animated-content\" href=\"https:\/\/rantakyla.com\/wp-content\/uploads\/2023\/10\/linda-pareja-hombre-guapo-mujer-bonita-habitacion-hotel-scaled.jpg\" data-elementor-open-lightbox=\"yes\" data-elementor-lightbox-slideshow=\"848b835\" data-elementor-lightbox-title=\"Good-looking man and a pretty woman in a hotel room\" data-e-action-hash=\"#elementor-action%3Aaction%3Dlightbox%26settings%3DeyJpZCI6MTgzNywidXJsIjoiaHR0cHM6XC9cL3JhbnRha3lsYS5jb21cL3dwLWNvbnRlbnRcL3VwbG9hZHNcLzIwMjNcLzEwXC9saW5kYS1wYXJlamEtaG9tYnJlLWd1YXBvLW11amVyLWJvbml0YS1oYWJpdGFjaW9uLWhvdGVsLXNjYWxlZC5qcGciLCJzbGlkZXNob3ciOiI4NDhiODM1In0%3D\">\n\t\t\t\t\t<div class=\"e-gallery-image elementor-gallery-item__image\" data-thumbnail=\"https:\/\/rantakyla.com\/wp-content\/uploads\/2023\/10\/linda-pareja-hombre-guapo-mujer-bonita-habitacion-hotel-300x200.jpg\" data-width=\"300\" data-height=\"200\" aria-label=\"\" role=\"img\" ><\/div>\n\t\t\t\t\t\t\t\t\t\t\t<div class=\"elementor-gallery-item__overlay\"><\/div>\n\t\t\t\t\t\t\t\t\t\t\t\t\t\t<\/a>\n\t\t\t\t\t<\/div>\n\t\t\t\t\t<\/div>\n\t\t\t\t<\/div>\n\t\t\t\t\t<\/div>\n\t\t<\/div>\n\t\t\t\t\t<\/div>\n\t\t<\/section>\n\t\t\t\t<section class=\"elementor-section elementor-top-section elementor-element elementor-element-204ac94 elementor-section-boxed elementor-section-height-default elementor-section-height-default\" data-id=\"204ac94\" data-element_type=\"section\">\n\t\t\t\t\t\t<div class=\"elementor-container elementor-column-gap-default\">\n\t\t\t\t\t<div class=\"elementor-column elementor-col-100 elementor-top-column elementor-element elementor-element-c279fb3\" data-id=\"c279fb3\" data-element_type=\"column\">\n\t\t\t<div class=\"elementor-widget-wrap elementor-element-populated\">\n\t\t\t\t\t\t<div class=\"elementor-element elementor-element-1c0a83d elementor-widget elementor-widget-text-editor\" data-id=\"1c0a83d\" data-element_type=\"widget\" data-widget_type=\"text-editor.default\">\n\t\t\t\t<div class=\"elementor-widget-container\">\n\t\t\t\t\t\t\t\t\t<p>Tenga en cuenta que el apartamento privado est\u00e1 b\u00e1sicamente a su disposici\u00f3n <strong>el d\u00eda de llegada a partir de las 13:00 horas<\/strong> por motivos de limpieza.<\/p>\n<p>Si tu vuelo llega muy temprano por la ma\u00f1ana, prep\u00e1rate para esperar hasta que tu apartamento est\u00e9 listo.<\/p>\n<p>Por supuesto, puede ser que el apartamento est\u00e9 listo un poco antes, pero este hecho s\u00f3lo se aclarar\u00e1 unos d\u00edas antes de su llegada.<\/p>\n\t\t\t\t\t\t\t\t<\/div>\n\t\t\t\t<\/div>\n\t\t\t\t\t<\/div>\n\t\t<\/div>\n\t\t\t\t\t<\/div>\n\t\t<\/section>\n\t\t\t\t<\/div>\n\t\t","protected":false},"excerpt":{"rendered":"<p>Llegada e instalaci\u00f3n Aqu\u00ed le ofrecemos un paquete informativo sobre c\u00f3mo llegar al destino y nuestras pr\u00e1cticas para la entrega de llaves de su apartamento.Por favor, guarde los n\u00fameros de tel\u00e9fono de nuestra empresa en la memoria de su tel\u00e9fono.(+34 667 801 667, fijo +34 952 59 21 21) \u00a1para que reconozcas nuestras llamadas y [&hellip;]<\/p>\n","protected":false},"author":1,"featured_media":0,"parent":0,"menu_order":0,"comment_status":"closed","ping_status":"closed","template":"","meta":{"footnotes":""},"class_list":["post-1367","page","type-page","status-publish","hentry"],"yoast_head":"<!-- This site is optimized with the Yoast SEO plugin v27.5 - https:\/\/yoast.com\/product\/yoast-seo-wordpress\/ -->\n<title>Llegada e instalaci\u00f3n - Rantakyla<\/title>\n<meta name=\"robots\" content=\"index, follow, max-snippet:-1, max-image-preview:large, max-video-preview:-1\" \/>\n<link rel=\"canonical\" href=\"https:\/\/rantakyla.com\/es\/llegada-e-instalacion\/\" \/>\n<meta property=\"og:locale\" content=\"es_ES\" \/>\n<meta property=\"og:type\" content=\"article\" \/>\n<meta property=\"og:title\" content=\"Llegada e instalaci\u00f3n - Rantakyla\" \/>\n<meta property=\"og:description\" content=\"Llegada e instalaci\u00f3n Aqu\u00ed le ofrecemos un paquete informativo sobre c\u00f3mo llegar al destino y nuestras pr\u00e1cticas para la entrega de llaves de su apartamento.Por favor, guarde los n\u00fameros de tel\u00e9fono de nuestra empresa en la memoria de su tel\u00e9fono.(+34 667 801 667, fijo +34 952 59 21 21) \u00a1para que reconozcas nuestras llamadas y [&hellip;]\" \/>\n<meta property=\"og:url\" content=\"https:\/\/rantakyla.com\/es\/llegada-e-instalacion\/\" \/>\n<meta property=\"og:site_name\" content=\"Rantakyla\" \/>\n<meta property=\"article:publisher\" content=\"https:\/\/www.facebook.com\/RantakylaGroup\/\" \/>\n<meta property=\"article:modified_time\" content=\"2024-08-30T10:27:41+00:00\" \/>\n<meta name=\"twitter:card\" content=\"summary_large_image\" \/>\n<meta name=\"twitter:label1\" content=\"Tiempo de lectura\" \/>\n\t<meta name=\"twitter:data1\" content=\"2 minutos\" \/>\n<script type=\"application\/ld+json\" class=\"yoast-schema-graph\">{\"@context\":\"https:\\\/\\\/schema.org\",\"@graph\":[{\"@type\":\"WebPage\",\"@id\":\"https:\\\/\\\/rantakyla.com\\\/es\\\/llegada-e-instalacion\\\/\",\"url\":\"https:\\\/\\\/rantakyla.com\\\/es\\\/llegada-e-instalacion\\\/\",\"name\":\"Llegada e instalaci\u00f3n - Rantakyla\",\"isPartOf\":{\"@id\":\"https:\\\/\\\/rantakyla.com\\\/#website\"},\"datePublished\":\"2023-09-26T14:48:04+00:00\",\"dateModified\":\"2024-08-30T10:27:41+00:00\",\"breadcrumb\":{\"@id\":\"https:\\\/\\\/rantakyla.com\\\/es\\\/llegada-e-instalacion\\\/#breadcrumb\"},\"inLanguage\":\"es\",\"potentialAction\":[{\"@type\":\"ReadAction\",\"target\":[\"https:\\\/\\\/rantakyla.com\\\/es\\\/llegada-e-instalacion\\\/\"]}]},{\"@type\":\"BreadcrumbList\",\"@id\":\"https:\\\/\\\/rantakyla.com\\\/es\\\/llegada-e-instalacion\\\/#breadcrumb\",\"itemListElement\":[{\"@type\":\"ListItem\",\"position\":1,\"name\":\"Portada\",\"item\":\"https:\\\/\\\/rantakyla.com\\\/\"},{\"@type\":\"ListItem\",\"position\":2,\"name\":\"Llegada e instalaci\u00f3n\"}]},{\"@type\":\"WebSite\",\"@id\":\"https:\\\/\\\/rantakyla.com\\\/#website\",\"url\":\"https:\\\/\\\/rantakyla.com\\\/\",\"name\":\"Rantakyla Group\",\"description\":\"Vuokra-asunnot Espanja\",\"publisher\":{\"@id\":\"https:\\\/\\\/rantakyla.com\\\/#organization\"},\"potentialAction\":[{\"@type\":\"SearchAction\",\"target\":{\"@type\":\"EntryPoint\",\"urlTemplate\":\"https:\\\/\\\/rantakyla.com\\\/?s={search_term_string}\"},\"query-input\":{\"@type\":\"PropertyValueSpecification\",\"valueRequired\":true,\"valueName\":\"search_term_string\"}}],\"inLanguage\":\"es\"},{\"@type\":\"Organization\",\"@id\":\"https:\\\/\\\/rantakyla.com\\\/#organization\",\"name\":\"Rantakyla Group\",\"url\":\"https:\\\/\\\/rantakyla.com\\\/\",\"logo\":{\"@type\":\"ImageObject\",\"inLanguage\":\"es\",\"@id\":\"https:\\\/\\\/rantakyla.com\\\/#\\\/schema\\\/logo\\\/image\\\/\",\"url\":\"https:\\\/\\\/rantakyla.com\\\/wp-content\\\/uploads\\\/2023\\\/03\\\/rantakyla-logo-azul.png\",\"contentUrl\":\"https:\\\/\\\/rantakyla.com\\\/wp-content\\\/uploads\\\/2023\\\/03\\\/rantakyla-logo-azul.png\",\"width\":974,\"height\":547,\"caption\":\"Rantakyla Group\"},\"image\":{\"@id\":\"https:\\\/\\\/rantakyla.com\\\/#\\\/schema\\\/logo\\\/image\\\/\"},\"sameAs\":[\"https:\\\/\\\/www.facebook.com\\\/RantakylaGroup\\\/\"]}]}<\/script>\n<!-- \/ Yoast SEO plugin. -->","yoast_head_json":{"title":"Llegada e instalaci\u00f3n - Rantakyla","robots":{"index":"index","follow":"follow","max-snippet":"max-snippet:-1","max-image-preview":"max-image-preview:large","max-video-preview":"max-video-preview:-1"},"canonical":"https:\/\/rantakyla.com\/es\/llegada-e-instalacion\/","og_locale":"es_ES","og_type":"article","og_title":"Llegada e instalaci\u00f3n - Rantakyla","og_description":"Llegada e instalaci\u00f3n Aqu\u00ed le ofrecemos un paquete informativo sobre c\u00f3mo llegar al destino y nuestras pr\u00e1cticas para la entrega de llaves de su apartamento.Por favor, guarde los n\u00fameros de tel\u00e9fono de nuestra empresa en la memoria de su tel\u00e9fono.(+34 667 801 667, fijo +34 952 59 21 21) \u00a1para que reconozcas nuestras llamadas y [&hellip;]","og_url":"https:\/\/rantakyla.com\/es\/llegada-e-instalacion\/","og_site_name":"Rantakyla","article_publisher":"https:\/\/www.facebook.com\/RantakylaGroup\/","article_modified_time":"2024-08-30T10:27:41+00:00","twitter_card":"summary_large_image","twitter_misc":{"Tiempo de lectura":"2 minutos"},"schema":{"@context":"https:\/\/schema.org","@graph":[{"@type":"WebPage","@id":"https:\/\/rantakyla.com\/es\/llegada-e-instalacion\/","url":"https:\/\/rantakyla.com\/es\/llegada-e-instalacion\/","name":"Llegada e instalaci\u00f3n - Rantakyla","isPartOf":{"@id":"https:\/\/rantakyla.com\/#website"},"datePublished":"2023-09-26T14:48:04+00:00","dateModified":"2024-08-30T10:27:41+00:00","breadcrumb":{"@id":"https:\/\/rantakyla.com\/es\/llegada-e-instalacion\/#breadcrumb"},"inLanguage":"es","potentialAction":[{"@type":"ReadAction","target":["https:\/\/rantakyla.com\/es\/llegada-e-instalacion\/"]}]},{"@type":"BreadcrumbList","@id":"https:\/\/rantakyla.com\/es\/llegada-e-instalacion\/#breadcrumb","itemListElement":[{"@type":"ListItem","position":1,"name":"Portada","item":"https:\/\/rantakyla.com\/"},{"@type":"ListItem","position":2,"name":"Llegada e instalaci\u00f3n"}]},{"@type":"WebSite","@id":"https:\/\/rantakyla.com\/#website","url":"https:\/\/rantakyla.com\/","name":"Rantakyla Group","description":"Vuokra-asunnot Espanja","publisher":{"@id":"https:\/\/rantakyla.com\/#organization"},"potentialAction":[{"@type":"SearchAction","target":{"@type":"EntryPoint","urlTemplate":"https:\/\/rantakyla.com\/?s={search_term_string}"},"query-input":{"@type":"PropertyValueSpecification","valueRequired":true,"valueName":"search_term_string"}}],"inLanguage":"es"},{"@type":"Organization","@id":"https:\/\/rantakyla.com\/#organization","name":"Rantakyla Group","url":"https:\/\/rantakyla.com\/","logo":{"@type":"ImageObject","inLanguage":"es","@id":"https:\/\/rantakyla.com\/#\/schema\/logo\/image\/","url":"https:\/\/rantakyla.com\/wp-content\/uploads\/2023\/03\/rantakyla-logo-azul.png","contentUrl":"https:\/\/rantakyla.com\/wp-content\/uploads\/2023\/03\/rantakyla-logo-azul.png","width":974,"height":547,"caption":"Rantakyla Group"},"image":{"@id":"https:\/\/rantakyla.com\/#\/schema\/logo\/image\/"},"sameAs":["https:\/\/www.facebook.com\/RantakylaGroup\/"]}]}},"_links":{"self":[{"href":"https:\/\/rantakyla.com\/es\/wp-json\/wp\/v2\/pages\/1367","targetHints":{"allow":["GET"]}}],"collection":[{"href":"https:\/\/rantakyla.com\/es\/wp-json\/wp\/v2\/pages"}],"about":[{"href":"https:\/\/rantakyla.com\/es\/wp-json\/wp\/v2\/types\/page"}],"author":[{"embeddable":true,"href":"https:\/\/rantakyla.com\/es\/wp-json\/wp\/v2\/users\/1"}],"replies":[{"embeddable":true,"href":"https:\/\/rantakyla.com\/es\/wp-json\/wp\/v2\/comments?post=1367"}],"version-history":[{"count":3,"href":"https:\/\/rantakyla.com\/es\/wp-json\/wp\/v2\/pages\/1367\/revisions"}],"predecessor-version":[{"id":5128,"href":"https:\/\/rantakyla.com\/es\/wp-json\/wp\/v2\/pages\/1367\/revisions\/5128"}],"wp:attachment":[{"href":"https:\/\/rantakyla.com\/es\/wp-json\/wp\/v2\/media?parent=1367"}],"curies":[{"name":"wp","href":"https:\/\/api.w.org\/{rel}","templated":true}]}}